{"id":12,"date":"2021-05-20T18:35:24","date_gmt":"2021-05-20T18:35:24","guid":{"rendered":"http:\/\/sites.unoeste.br\/boletimppga\/?page_id=12"},"modified":"2026-04-23T11:57:51","modified_gmt":"2026-04-23T11:57:51","slug":"atual","status":"publish","type":"page","link":"http:\/\/sites.unoeste.br\/boletimppga\/index.php\/atual\/","title":{"rendered":"Atual"},"content":{"rendered":"\n<h2><strong>Volume 08 &#8211; 2026<\/strong><\/h2>\n\n\n\n<h2>Edi\u00e7\u00e3o Especial II Simp\u00f3sio do Amendoim<br><a href=\"https:\/\/sites.unoeste.br\/boletimppga\/index.php\/2026\/04\/23\/volume-08-2026-edicao-especial\/\" target=\"_blank\" rel=\"noreferrer noopener\">Clique Aqui!<\/a><\/h2>\n\n\n\n<figure class=\"wp-block-image size-large\"><img loading=\"lazy\" width=\"945\" height=\"378\" src=\"https:\/\/sites.unoeste.br\/boletimppga\/wp-content\/uploads\/2026\/04\/Vol8-2026-1.jpg\" alt=\"\" class=\"wp-image-630\"\/><\/figure>\n","protected":false},"excerpt":{"rendered":"<p>Volume 08 &#8211; 2026 Edi\u00e7\u00e3o Especial II Simp\u00f3sio do AmendoimClique Aqui!<\/p>\n","protected":false},"author":1,"featured_media":0,"parent":0,"menu_order":0,"comment_status":"closed","ping_status":"closed","template":"","meta":[],"yoast_head":"<!-- This site is optimized with the Yoast SEO plugin v16.3 - https:\/\/yoast.com\/wordpress\/plugins\/seo\/ -->\n<title>Atual - ISSN 2763-7522<\/title>\n<meta name=\"robots\" content=\"index, follow, max-snippet:-1, max-image-preview:large, max-video-preview:-1\" \/>\n<link rel=\"canonical\" href=\"http:\/\/sites.unoeste.br\/boletimppga\/index.php\/atual\/\" \/>\n<meta property=\"og:locale\" content=\"pt_BR\" \/>\n<meta property=\"og:type\" content=\"article\" \/>\n<meta property=\"og:title\" content=\"Atual - ISSN 2763-7522\" \/>\n<meta property=\"og:description\" content=\"Volume 08 &#8211; 2026 Edi\u00e7\u00e3o Especial II Simp\u00f3sio do AmendoimClique Aqui!\" \/>\n<meta property=\"og:url\" content=\"http:\/\/sites.unoeste.br\/boletimppga\/index.php\/atual\/\" \/>\n<meta property=\"og:site_name\" content=\"ISSN 2763-7522\" \/>\n<meta property=\"article:modified_time\" content=\"2026-04-23T11:57:51+00:00\" \/>\n<meta property=\"og:image\" content=\"https:\/\/sites.unoeste.br\/boletimppga\/wp-content\/uploads\/2026\/04\/Vol8-2026-1.jpg\" \/>\n<meta name=\"twitter:card\" content=\"summary_large_image\" \/>\n<meta name=\"twitter:label1\" content=\"Est. tempo de leitura\">\n\t<meta name=\"twitter:data1\" content=\"1 minuto\">\n<script type=\"application\/ld+json\" class=\"yoast-schema-graph\">{\"@context\":\"https:\/\/schema.org\",\"@graph\":[{\"@type\":\"WebSite\",\"@id\":\"https:\/\/sites.unoeste.br\/boletimppga\/#website\",\"url\":\"https:\/\/sites.unoeste.br\/boletimppga\/\",\"name\":\"ISSN 2763-7522\",\"description\":\"Boletim de Pesquisa do Programa de P\\u00f3s-Gradua\\u00e7\\u00e3o em Agronomia - Unoeste\",\"potentialAction\":[{\"@type\":\"SearchAction\",\"target\":\"https:\/\/sites.unoeste.br\/boletimppga\/?s={search_term_string}\",\"query-input\":\"required name=search_term_string\"}],\"inLanguage\":\"pt-BR\"},{\"@type\":\"ImageObject\",\"@id\":\"http:\/\/sites.unoeste.br\/boletimppga\/index.php\/atual\/#primaryimage\",\"inLanguage\":\"pt-BR\",\"url\":\"https:\/\/sites.unoeste.br\/boletimppga\/wp-content\/uploads\/2026\/04\/Vol8-2026-1.jpg\",\"contentUrl\":\"https:\/\/sites.unoeste.br\/boletimppga\/wp-content\/uploads\/2026\/04\/Vol8-2026-1.jpg\"},{\"@type\":\"WebPage\",\"@id\":\"http:\/\/sites.unoeste.br\/boletimppga\/index.php\/atual\/#webpage\",\"url\":\"http:\/\/sites.unoeste.br\/boletimppga\/index.php\/atual\/\",\"name\":\"Atual - ISSN 2763-7522\",\"isPartOf\":{\"@id\":\"https:\/\/sites.unoeste.br\/boletimppga\/#website\"},\"primaryImageOfPage\":{\"@id\":\"http:\/\/sites.unoeste.br\/boletimppga\/index.php\/atual\/#primaryimage\"},\"datePublished\":\"2021-05-20T18:35:24+00:00\",\"dateModified\":\"2026-04-23T11:57:51+00:00\",\"breadcrumb\":{\"@id\":\"http:\/\/sites.unoeste.br\/boletimppga\/index.php\/atual\/#breadcrumb\"},\"inLanguage\":\"pt-BR\",\"potentialAction\":[{\"@type\":\"ReadAction\",\"target\":[\"http:\/\/sites.unoeste.br\/boletimppga\/index.php\/atual\/\"]}]},{\"@type\":\"BreadcrumbList\",\"@id\":\"http:\/\/sites.unoeste.br\/boletimppga\/index.php\/atual\/#breadcrumb\",\"itemListElement\":[{\"@type\":\"ListItem\",\"position\":1,\"item\":{\"@type\":\"WebPage\",\"@id\":\"https:\/\/sites.unoeste.br\/boletimppga\/\",\"url\":\"https:\/\/sites.unoeste.br\/boletimppga\/\",\"name\":\"In\\u00edcio\"}},{\"@type\":\"ListItem\",\"position\":2,\"item\":{\"@id\":\"http:\/\/sites.unoeste.br\/boletimppga\/index.php\/atual\/#webpage\"}}]}]}<\/script>\n<!-- \/ Yoast SEO plugin. -->","_links":{"self":[{"href":"http:\/\/sites.unoeste.br\/boletimppga\/index.php\/wp-json\/wp\/v2\/pages\/12"}],"collection":[{"href":"http:\/\/sites.unoeste.br\/boletimppga\/index.php\/wp-json\/wp\/v2\/pages"}],"about":[{"href":"http:\/\/sites.unoeste.br\/boletimppga\/index.php\/wp-json\/wp\/v2\/types\/page"}],"author":[{"embeddable":true,"href":"http:\/\/sites.unoeste.br\/boletimppga\/index.php\/wp-json\/wp\/v2\/users\/1"}],"replies":[{"embeddable":true,"href":"http:\/\/sites.unoeste.br\/boletimppga\/index.php\/wp-json\/wp\/v2\/comments?post=12"}],"version-history":[{"count":16,"href":"http:\/\/sites.unoeste.br\/boletimppga\/index.php\/wp-json\/wp\/v2\/pages\/12\/revisions"}],"predecessor-version":[{"id":635,"href":"http:\/\/sites.unoeste.br\/boletimppga\/index.php\/wp-json\/wp\/v2\/pages\/12\/revisions\/635"}],"wp:attachment":[{"href":"http:\/\/sites.unoeste.br\/boletimppga\/index.php\/wp-json\/wp\/v2\/media?parent=12"}],"curies":[{"name":"wp","href":"https:\/\/api.w.org\/{rel}","templated":true}]}}