{"id":144,"date":"2021-05-21T01:02:12","date_gmt":"2021-05-21T01:02:12","guid":{"rendered":"http:\/\/sites.unoeste.br\/boletimppga\/?page_id=144"},"modified":"2025-12-10T19:23:01","modified_gmt":"2025-12-10T19:23:01","slug":"ppga","status":"publish","type":"page","link":"http:\/\/sites.unoeste.br\/boletimppga\/index.php\/ppga\/","title":{"rendered":"PPGA"},"content":{"rendered":"\n<h2>Programa de P\u00f3s-Gradua\u00e7\u00e3o em Agronomia<\/h2>\n\n\n\n<p><a href=\"http:\/\/www.unoeste.br\/site\/CursoPosGraduacao\/ExibeCurso.aspx?codigo=56&amp;menu=apresentacao\">Clique Aqui <\/a>para acessar o portal oficial do PPGA da Unoeste.<\/p>\n\n\n\n<h2><strong>Coordena\u00e7\u00e3o<\/strong><\/h2>\n\n\n\n<p>Prof. Dr. Edgard Henrique Costa Silva \u2013 Coordenador<br>Profa. Dra. Ana Cl\u00e1udia Pacheco Santos \u2013 Vice-coordenadora<br>Secret\u00e1ria: Keid Ribeiro Kr\u00fcger\u00a0(keid@unoeste.br)<\/p>\n\n\n\n<h2>Notas dos cursos de Mestrado e Doutorado &#8211; CAPES<\/h2>\n\n\n\n<figure class=\"wp-block-table\"><table><thead><tr><th class=\"has-text-align-center\" data-align=\"center\" scope=\"col\">Tri\u00eanio\/Quadri\u00eanio<\/th><th class=\"has-text-align-center\" data-align=\"center\" scope=\"col\">Mestrado*<\/th><th class=\"has-text-align-center\" data-align=\"center\" scope=\"col\">Doutorado**<\/th><\/tr><\/thead><tbody><tr><td class=\"has-text-align-center\" data-align=\"center\">2004-2006<\/td><td class=\"has-text-align-center\" data-align=\"center\">4<\/td><td class=\"has-text-align-center\" data-align=\"center\">&#8211;<\/td><\/tr><tr><td class=\"has-text-align-center\" data-align=\"center\">2007-2009<\/td><td class=\"has-text-align-center\" data-align=\"center\">4<\/td><td class=\"has-text-align-center\" data-align=\"center\">&#8211;<\/td><\/tr><tr><td class=\"has-text-align-center\" data-align=\"center\">2010-2012<\/td><td class=\"has-text-align-center\" data-align=\"center\">4<\/td><td class=\"has-text-align-center\" data-align=\"center\">4<\/td><\/tr><tr><td class=\"has-text-align-center\" data-align=\"center\">2013-2016<\/td><td class=\"has-text-align-center\" data-align=\"center\">4<\/td><td class=\"has-text-align-center\" data-align=\"center\">4<\/td><\/tr><\/tbody><\/table><\/figure>\n\n\n\n<p><br>*MESTRADO: Reconhecimento \u2013 Portaria \u2013 MEC n\u00ba 4310 \u2013 D.O.U. de 23\/12\/2004, tendo em vista o Parecer CNE\/CES n\u00ba 314\/2004.<br>**DOUTORADO: Reconhecimento \u2013 Portaria \u2013 MEC n\u00ba 1.331 \u2013 D.O.U. de 08\/11\/2012, tendo em vista o Parecer CNE\/CES n\u00ba 133\/2012.<\/p>\n\n\n\n<h2><strong>Hist\u00f3rico do Programa<\/strong><\/h2>\n\n\n\n<p><strong>Curso de Mestrado:<\/strong><br>A cria\u00e7\u00e3o da proposta de mestrado teve seus trabalhos iniciados em 2002, a partir de discuss\u00f5es iniciais de um grupo de dez docentes doutores do curso de agronomia da UNOESTE. Ap\u00f3s o per\u00edodo de discuss\u00e3o sobre a proposta, a reitoria da UNOESTE deliberou como favor\u00e1vel ao envio do APCN a CAPES\/MEC em 2003 solicitando a recomenda\u00e7\u00e3o para oferta do curso de mestrado na institui\u00e7\u00e3o.<br>Ap\u00f3s a Recomenda\u00e7\u00e3o favor\u00e1vel para oferta do curso emitida pela CAPES, (Of\u00edcio 190\/2004\/CTC\/CAPES) e reconhecimento pelo CNE (Portaria n\u00ba 4.310, de 21\/12\/2004, publicada no Di\u00e1rio Oficial da Uni\u00e3o, Se\u00e7\u00e3o 1, n\u00b0 250 de 29\/12\/2004), o Mestrado em Agronomia, passou pela sua primeira Avalia\u00e7\u00e3o Trienal da CAPES (tri\u00eanio 2004-2006) sendo bem avaliado e recebendo o conceito 4<br>No ano de 2010 o Curso obteve na Avalia\u00e7\u00e3o Trienal da CAPES (2007-2009), consecutivamente o conceito 4.<br><br><strong>Curso de Doutorado:<\/strong><br>Esse fato, entre outros, motivou a Reitoria e as Pr\u00f3 Reitorias, Acad\u00eamica e de Pesquisa e P\u00f3s-Gradua\u00e7\u00e3o, juntamente com o Corpo Docente do Mestrado a elaborarem a Proposta para o Doutorado, enviada em julho\/2011.<\/p>\n\n\n\n<h2>Objetivos<\/h2>\n\n\n\n<p>O Programa de P\u00f3s-gradua\u00e7\u00e3o em Agronomia tem como foco principal propiciar aos seus alunos uma forma\u00e7\u00e3o s\u00f3lida dentro da \u00e1rea de Produ\u00e7\u00e3o vegetal, qualificando-os para a pesquisa e doc\u00eancia e ao desenvolvimento tecnol\u00f3gico. O mesmo ir\u00e1 propiciar aos alunos amplos e s\u00f3lido conhecimentos na \u00e1rea de interesse, capacitando-os a propor, estabelecer e concluir temas que sejam objeto de discuss\u00e3o e estudo. Desta forma, o Programa de P\u00f3s-Gradua\u00e7\u00e3o tem por finalidade:<br>&#8211; Desenvolver estudos sistem\u00e1ticos e pesquisas avan\u00e7adas na \u00e1rea de Produ\u00e7\u00e3o Vegetal<br>&#8211; Desenvolver pesquisas cient\u00edficas tecnol\u00f3gicas e inova\u00e7\u00f5es atrav\u00e9s de uma atua\u00e7\u00e3o em conson\u00e2ncia com os atores e demandas regionais<br>&#8211; Promover a forma\u00e7\u00e3o cient\u00edfica aprofundada de Mestres e Doutores;<br>&#8211; Estimular a produ\u00e7\u00e3o e divulga\u00e7\u00e3o cient\u00edfica de trabalhos resultantes das disserta\u00e7\u00f5es e teses;<br><br>O Programa de P\u00f3s-Gradua\u00e7\u00e3o em Agronomia ser\u00e1 desenvolvido a partir de um eixo tem\u00e1tico norteado em atividades de ensino e pesquisa em PRODU\u00c7\u00c3O VEGETAL. Este tema dar\u00e1 suporte a abordagens de quest\u00f5es envolvendo tr\u00eas linhas de pesquisa. Contemplando \u00e1reas das ci\u00eancias como: fisiologia vegetal, recursos gen\u00e9ticos e biotecnologia, solos, nutri\u00e7\u00e3o de plantas e pr\u00e1ticas culturais. Com as linhas de pesquisa oferecidas pretende-se fomentar pesquisas b\u00e1sicas e aplicadas de interesse agron\u00f4mico e que deem continuidade \u00e0 produ\u00e7\u00e3o cientifica do Programa.<br><br>Desta forma, o Programa tem como objetivos:<br><br>a) formar pesquisadores e aprimorar a forma\u00e7\u00e3o t\u00e9cnico-cient\u00edfica e pedag\u00f3gica de professores e outros profissionais envolvidos na sua \u00e1rea de concentra\u00e7\u00e3o, contribuindo, com a forma\u00e7\u00e3o de recursos humanos de n\u00edvel mais avan\u00e7ado, para o exerc\u00edcio da autonomia intelectual e maturidade para investiga\u00e7\u00e3o cient\u00edfica e desenvolvimento tecnol\u00f3gico na regi\u00e3o do Oeste Paulista<br><br>b) Preparar e estimular os profissionais a conduzirem trabalhos de doc\u00eancia, pesquisa (de prefer\u00eancia em equipe multidisciplinar), desenvolvimento e extens\u00e3o, por meio da inser\u00e7\u00e3o dos mesmos em projetos cooperativos que envolvem a \u00c1rea de Produ\u00e7\u00e3o Vegetal.<br><br>c) Proporcionar o aprimoramento na \u00e1rea de Agronomia, visando conferir ao aluno elevado padr\u00e3o t\u00e9cnico, cient\u00edfico e profissional, principalmente nas atividades de ensino e pesquisa;<br><br>d) Desenvolver pesquisas e estudos que contribuam para evolu\u00e7\u00e3o do setor agropecu\u00e1rio regional, nacional e at\u00e9 internacional, numa perspectiva multi e interdisciplinar.<\/p>\n\n\n\n<h2>P\u00fablico Alvo<\/h2>\n\n\n\n<p>Profissionais de Ci\u00eancias Agr\u00e1rias e Biol\u00f3gicas; Licenciados em Ci\u00eancias (Biologia e Qu\u00edmica); Professores do Ensino Superior e M\u00e9dio relacionados \u00e0 Ci\u00eancias Agr\u00e1rias e Biologia Vegetal; Profissionais de Pesquisa e Desenvolvimento de Empresas P\u00fablicas e Privadas.<\/p>\n\n\n\n<p><strong>PERFIL DO PROFISSIONAL A SER FORMADO:<\/strong><\/p>\n\n\n\n<p>O Programa de P\u00f3s-Gradua\u00e7\u00e3o em Agronomia foi idealizado para formar e aperfei\u00e7oar profissionais da \u00e1rea de Ci\u00eancias Agr\u00e1rias e correlatas que queiram se atualizar e aperfei\u00e7oar na \u00e1rea de concentra\u00e7\u00e3o da proposta, visando ao seu crescimento intelectual e profissional, proporcionando aos profissionais do setor, fundamentos te\u00f3ricos s\u00f3lidos, abrangendo uma vis\u00e3o hol\u00edstica de todo o processo cient\u00edfico, procurando desenvolver pesquisas necess\u00e1rias ao \u00eaxito da atividade, respeitando-se o ambiente. Dentro desse enfoque real e pr\u00e1tico, a intera\u00e7\u00e3o ensino, pesquisa e extens\u00e3o dever\u00e1 ser a mais positiva poss\u00edvel, por ser um dos principais objetivos a serem alcan\u00e7ados.<\/p>\n","protected":false},"excerpt":{"rendered":"<p>Programa de P\u00f3s-Gradua\u00e7\u00e3o em Agronomia Clique Aqui para acessar o portal oficial do PPGA da Unoeste. Coordena\u00e7\u00e3o Prof. Dr. Edgard Henrique Costa Silva \u2013 CoordenadorProfa. Dra. Ana Cl\u00e1udia Pacheco Santos \u2013 Vice-coordenadoraSecret\u00e1ria: Keid Ribeiro Kr\u00fcger\u00a0(keid@unoeste.br) Notas dos cursos de Mestrado e Doutorado &#8211; CAPES Tri\u00eanio\/Quadri\u00eanio Mestrado* Doutorado** 2004-2006 4 &#8211; 2007-2009 4 &#8211; 2010-2012 4 <a class=\"more-link\" href=\"http:\/\/sites.unoeste.br\/boletimppga\/index.php\/ppga\/\">Leia mais&#8230; &raquo;<\/a><\/p>\n","protected":false},"author":1,"featured_media":0,"parent":0,"menu_order":0,"comment_status":"closed","ping_status":"closed","template":"","meta":[],"yoast_head":"<!-- This site is optimized with the Yoast SEO plugin v16.3 - https:\/\/yoast.com\/wordpress\/plugins\/seo\/ -->\n<title>PPGA - ISSN 2763-7522<\/title>\n<meta name=\"robots\" content=\"index, follow, max-snippet:-1, max-image-preview:large, max-video-preview:-1\" \/>\n<link rel=\"canonical\" href=\"https:\/\/sites.unoeste.br\/boletimppga\/index.php\/ppga\/\" \/>\n<meta property=\"og:locale\" content=\"pt_BR\" \/>\n<meta property=\"og:type\" content=\"article\" \/>\n<meta property=\"og:title\" content=\"PPGA - ISSN 2763-7522\" \/>\n<meta property=\"og:description\" content=\"Programa de P\u00f3s-Gradua\u00e7\u00e3o em Agronomia Clique Aqui para acessar o portal oficial do PPGA da Unoeste. Coordena\u00e7\u00e3o Prof. Dr. Edgard Henrique Costa Silva \u2013 CoordenadorProfa. Dra. Ana Cl\u00e1udia Pacheco Santos \u2013 Vice-coordenadoraSecret\u00e1ria: Keid Ribeiro Kr\u00fcger\u00a0(keid@unoeste.br) Notas dos cursos de Mestrado e Doutorado &#8211; CAPES Tri\u00eanio\/Quadri\u00eanio Mestrado* Doutorado** 2004-2006 4 &#8211; 2007-2009 4 &#8211; 2010-2012 4 Leia mais... &raquo;\" \/>\n<meta property=\"og:url\" content=\"https:\/\/sites.unoeste.br\/boletimppga\/index.php\/ppga\/\" \/>\n<meta property=\"og:site_name\" content=\"ISSN 2763-7522\" \/>\n<meta property=\"article:modified_time\" content=\"2025-12-10T19:23:01+00:00\" \/>\n<meta name=\"twitter:card\" content=\"summary_large_image\" \/>\n<meta name=\"twitter:label1\" content=\"Est. tempo de leitura\">\n\t<meta name=\"twitter:data1\" content=\"4 minutos\">\n<script type=\"application\/ld+json\" class=\"yoast-schema-graph\">{\"@context\":\"https:\/\/schema.org\",\"@graph\":[{\"@type\":\"WebSite\",\"@id\":\"https:\/\/sites.unoeste.br\/boletimppga\/#website\",\"url\":\"https:\/\/sites.unoeste.br\/boletimppga\/\",\"name\":\"ISSN 2763-7522\",\"description\":\"Boletim de Pesquisa do Programa de P\\u00f3s-Gradua\\u00e7\\u00e3o em Agronomia - Unoeste\",\"potentialAction\":[{\"@type\":\"SearchAction\",\"target\":\"https:\/\/sites.unoeste.br\/boletimppga\/?s={search_term_string}\",\"query-input\":\"required name=search_term_string\"}],\"inLanguage\":\"pt-BR\"},{\"@type\":\"WebPage\",\"@id\":\"https:\/\/sites.unoeste.br\/boletimppga\/index.php\/ppga\/#webpage\",\"url\":\"https:\/\/sites.unoeste.br\/boletimppga\/index.php\/ppga\/\",\"name\":\"PPGA - ISSN 2763-7522\",\"isPartOf\":{\"@id\":\"https:\/\/sites.unoeste.br\/boletimppga\/#website\"},\"datePublished\":\"2021-05-21T01:02:12+00:00\",\"dateModified\":\"2025-12-10T19:23:01+00:00\",\"breadcrumb\":{\"@id\":\"https:\/\/sites.unoeste.br\/boletimppga\/index.php\/ppga\/#breadcrumb\"},\"inLanguage\":\"pt-BR\",\"potentialAction\":[{\"@type\":\"ReadAction\",\"target\":[\"https:\/\/sites.unoeste.br\/boletimppga\/index.php\/ppga\/\"]}]},{\"@type\":\"BreadcrumbList\",\"@id\":\"https:\/\/sites.unoeste.br\/boletimppga\/index.php\/ppga\/#breadcrumb\",\"itemListElement\":[{\"@type\":\"ListItem\",\"position\":1,\"item\":{\"@type\":\"WebPage\",\"@id\":\"https:\/\/sites.unoeste.br\/boletimppga\/\",\"url\":\"https:\/\/sites.unoeste.br\/boletimppga\/\",\"name\":\"In\\u00edcio\"}},{\"@type\":\"ListItem\",\"position\":2,\"item\":{\"@id\":\"https:\/\/sites.unoeste.br\/boletimppga\/index.php\/ppga\/#webpage\"}}]}]}<\/script>\n<!-- \/ Yoast SEO plugin. -->","_links":{"self":[{"href":"http:\/\/sites.unoeste.br\/boletimppga\/index.php\/wp-json\/wp\/v2\/pages\/144"}],"collection":[{"href":"http:\/\/sites.unoeste.br\/boletimppga\/index.php\/wp-json\/wp\/v2\/pages"}],"about":[{"href":"http:\/\/sites.unoeste.br\/boletimppga\/index.php\/wp-json\/wp\/v2\/types\/page"}],"author":[{"embeddable":true,"href":"http:\/\/sites.unoeste.br\/boletimppga\/index.php\/wp-json\/wp\/v2\/users\/1"}],"replies":[{"embeddable":true,"href":"http:\/\/sites.unoeste.br\/boletimppga\/index.php\/wp-json\/wp\/v2\/comments?post=144"}],"version-history":[{"count":8,"href":"http:\/\/sites.unoeste.br\/boletimppga\/index.php\/wp-json\/wp\/v2\/pages\/144\/revisions"}],"predecessor-version":[{"id":573,"href":"http:\/\/sites.unoeste.br\/boletimppga\/index.php\/wp-json\/wp\/v2\/pages\/144\/revisions\/573"}],"wp:attachment":[{"href":"http:\/\/sites.unoeste.br\/boletimppga\/index.php\/wp-json\/wp\/v2\/media?parent=144"}],"curies":[{"name":"wp","href":"https:\/\/api.w.org\/{rel}","templated":true}]}}