{"id":2,"date":"2021-05-20T16:26:55","date_gmt":"2021-05-20T16:26:55","guid":{"rendered":"http:\/\/sites.unoeste.br\/boletimppga\/?page_id=2"},"modified":"2026-03-24T19:07:20","modified_gmt":"2026-03-24T19:07:20","slug":"normas","status":"publish","type":"page","link":"http:\/\/sites.unoeste.br\/boletimppga\/index.php\/normas\/","title":{"rendered":"Normas"},"content":{"rendered":"\n<h2><span class=\"has-inline-color has-vivid-red-color\">Boletim 2026 &#8211; Volume 09<\/span><\/h2>\n\n\n\n<p>A partir de 2026 o Boletim de Pesquisa do Programa de P\u00f3s-Gradua\u00e7\u00e3o em Agronomia &#8211; Unoeste ocorrer\u00e1 na forma de <strong><span class=\"has-inline-color has-luminous-vivid-orange-color\">fluxo cont\u00ednuo<\/span><\/strong>. <\/p>\n\n\n\n<p><em>Os boletins que ir\u00e3o compor o volume 09 dever\u00e3o ser enviados at\u00e9 o dia <strong>15 de novembro de 2026<\/strong>. Ap\u00f3s essa data, os trabalhos ser\u00e3o publicados no volume 10 (2027), com previs\u00e3o de publica\u00e7\u00e3o a partir de fevereiro de 2027.<\/em><br><br>Etapas:<\/p>\n\n\n\n<p><strong>1. Verificar se o boletim est\u00e1 de acordo com as normas (baixar o modelo abaixo).<\/strong><br><br><strong>2. Envio do boletim<\/strong><br>Enviar o boletim para:<br>e-mail: alexandrius@unoeste.br<br>assunto: Boletim PPGA 2026<\/p>\n\n\n\n<p>O autor receber\u00e1 um e-mail de confirma\u00e7\u00e3o de recebimento. Caso n\u00e3o receba, entrar em contato (h\u00e1 possibilidade do e-mail ter sido direcionado para spam ou lixeira).<\/p>\n\n\n\n<p><strong>3. Pr\u00e9-Avalia\u00e7\u00e3o<\/strong><br><\/p>\n\n\n\n<p>Se o boletim estiver de acordo com as normas, ser\u00e1 encaminhado para avalia\u00e7\u00e3o.<br>Caso contr\u00e1rio, ser\u00e1 devolvido ao autor para adequa\u00e7\u00f5es.<\/p>\n\n\n\n<p><strong>4. Avalia\u00e7\u00e3o e Corre\u00e7\u00e3o<\/strong><br>O autor receber\u00e1 o boletim com as corre\u00e7\u00f5es e\/ou sugest\u00f5es do revisor.<br><br><strong>5. Envio da vers\u00e3o corrigida<\/strong><br><\/p>\n\n\n\n<p>Ap\u00f3s realizar as corre\u00e7\u00f5es, o autor dever\u00e1 reenviar o boletim.<br>Caso haja diverg\u00eancias em rela\u00e7\u00e3o \u00e0s recomenda\u00e7\u00f5es do revisor, o boletim poder\u00e1 ser encaminhado novamente para corre\u00e7\u00e3o<\/p>\n\n\n\n<p><strong>6. Publica\u00e7\u00e3o<\/strong><br>Ap\u00f3s o envio da vers\u00e3o final, o boletim ser\u00e1 publicado em at\u00e9 10 dias.<br><\/p>\n\n\n\n<p><br><em>Obs.: Utilizar o modelo de boletim dispon\u00edvel abaixo<\/em> (se der problema no download solicitar o modelo enviando e-mail para: alexandrius@unoeste.br)<\/p>\n\n\n\n<div class=\"wp-block-file\"><a href=\"https:\/\/sites.unoeste.br\/boletimppga\/wp-content\/uploads\/2026\/03\/Modelo_Boletim_PPGA.docx\">Modelo_Boletim_PPGA<\/a><a href=\"https:\/\/sites.unoeste.br\/boletimppga\/wp-content\/uploads\/2026\/03\/Modelo_Boletim_PPGA.docx\" class=\"wp-block-file__button\" download>Baixar<\/a><\/div>\n\n\n\n<h2>Objetivo<\/h2>\n\n\n\n<ol><li>Disseminar os resultados das pesquisas realizadas na Unoeste, com foco nas implica\u00e7\u00f5es pr\u00e1ticas<\/li><li>Promover a ci\u00eancia com a linguagem de cunho t\u00e9cnico-cient\u00edfico, que pode ser entendida por uma pessoa leiga<\/li><li>Muitas vezes a publica\u00e7\u00e3o do artigo cient\u00edfico demora, privando a sociedade de um conhecimento que foi gerado localmente\/ regionalmente e que pode ter aplica\u00e7\u00e3o imediata.<\/li><\/ol>\n\n\n\n<h2>Benef\u00edcios<\/h2>\n\n\n\n<ol><li>Divulga\u00e7\u00e3o do trabalho realizado no laborat\u00f3rio\/Universidade a n\u00edvel regional e nacional<\/li><li>Refor\u00e7a o importante papel da Unoeste no desenvolvimento do Oeste Paulista e S\u00e3o Paulo<\/li><li>Divulga\u00e7\u00e3o da import\u00e2ncia da ci\u00eancia e tecnologia para o desenvolvimento do pa\u00eds Transmiss\u00e3o de tecnologia\/informa\u00e7\u00e3o de forma direta para a sociedade (pagadores de impostos, bolsas etc)<\/li><li>Prospec\u00e7\u00e3o de novos estudantes<\/li><li>Os leitores do boletim podem ser poss\u00edveis financiadores e\/ou colaboradores de nos projetos dentro ou fora da Universidade<\/li><\/ol>\n\n\n\n<h2>Normas<\/h2>\n\n\n\n<p>Todo boletim manuscrito, incluindo figuras e tabelas, n\u00e3o dever\u00e1 exceder <strong>5 p\u00e1ginas<\/strong> no MS Word, espa\u00e7amento simples, fonte Times New Roman (12) e alinhamento justificado.<\/p>\n\n\n\n<p><\/p>\n","protected":false},"excerpt":{"rendered":"<p>Boletim 2026 &#8211; Volume 09 A partir de 2026 o Boletim de Pesquisa do Programa de P\u00f3s-Gradua\u00e7\u00e3o em Agronomia &#8211; Unoeste ocorrer\u00e1 na forma de fluxo cont\u00ednuo. Os boletins que ir\u00e3o compor o volume 09 dever\u00e3o ser enviados at\u00e9 o dia 15 de novembro de 2026. Ap\u00f3s essa data, os trabalhos ser\u00e3o publicados no volume <a class=\"more-link\" href=\"http:\/\/sites.unoeste.br\/boletimppga\/index.php\/normas\/\">Leia mais&#8230; &raquo;<\/a><\/p>\n","protected":false},"author":1,"featured_media":0,"parent":0,"menu_order":0,"comment_status":"closed","ping_status":"closed","template":"","meta":[],"yoast_head":"<!-- This site is optimized with the Yoast SEO plugin v16.3 - https:\/\/yoast.com\/wordpress\/plugins\/seo\/ -->\n<title>Normas - ISSN 2763-7522<\/title>\n<meta name=\"robots\" content=\"index, follow, max-snippet:-1, max-image-preview:large, max-video-preview:-1\" \/>\n<link rel=\"canonical\" href=\"https:\/\/sites.unoeste.br\/boletimppga\/index.php\/normas\/\" \/>\n<meta property=\"og:locale\" content=\"pt_BR\" \/>\n<meta property=\"og:type\" content=\"article\" \/>\n<meta property=\"og:title\" content=\"Normas - ISSN 2763-7522\" \/>\n<meta property=\"og:description\" content=\"Boletim 2026 &#8211; Volume 09 A partir de 2026 o Boletim de Pesquisa do Programa de P\u00f3s-Gradua\u00e7\u00e3o em Agronomia &#8211; Unoeste ocorrer\u00e1 na forma de fluxo cont\u00ednuo. Os boletins que ir\u00e3o compor o volume 09 dever\u00e3o ser enviados at\u00e9 o dia 15 de novembro de 2026. Ap\u00f3s essa data, os trabalhos ser\u00e3o publicados no volume Leia mais... &raquo;\" \/>\n<meta property=\"og:url\" content=\"https:\/\/sites.unoeste.br\/boletimppga\/index.php\/normas\/\" \/>\n<meta property=\"og:site_name\" content=\"ISSN 2763-7522\" \/>\n<meta property=\"article:modified_time\" content=\"2026-03-24T19:07:20+00:00\" \/>\n<meta name=\"twitter:card\" content=\"summary_large_image\" \/>\n<meta name=\"twitter:label1\" content=\"Est. tempo de leitura\">\n\t<meta name=\"twitter:data1\" content=\"2 minutos\">\n<script type=\"application\/ld+json\" class=\"yoast-schema-graph\">{\"@context\":\"https:\/\/schema.org\",\"@graph\":[{\"@type\":\"WebSite\",\"@id\":\"https:\/\/sites.unoeste.br\/boletimppga\/#website\",\"url\":\"https:\/\/sites.unoeste.br\/boletimppga\/\",\"name\":\"ISSN 2763-7522\",\"description\":\"Boletim de Pesquisa do Programa de P\\u00f3s-Gradua\\u00e7\\u00e3o em Agronomia - Unoeste\",\"potentialAction\":[{\"@type\":\"SearchAction\",\"target\":\"https:\/\/sites.unoeste.br\/boletimppga\/?s={search_term_string}\",\"query-input\":\"required name=search_term_string\"}],\"inLanguage\":\"pt-BR\"},{\"@type\":\"WebPage\",\"@id\":\"https:\/\/sites.unoeste.br\/boletimppga\/index.php\/normas\/#webpage\",\"url\":\"https:\/\/sites.unoeste.br\/boletimppga\/index.php\/normas\/\",\"name\":\"Normas - ISSN 2763-7522\",\"isPartOf\":{\"@id\":\"https:\/\/sites.unoeste.br\/boletimppga\/#website\"},\"datePublished\":\"2021-05-20T16:26:55+00:00\",\"dateModified\":\"2026-03-24T19:07:20+00:00\",\"breadcrumb\":{\"@id\":\"https:\/\/sites.unoeste.br\/boletimppga\/index.php\/normas\/#breadcrumb\"},\"inLanguage\":\"pt-BR\",\"potentialAction\":[{\"@type\":\"ReadAction\",\"target\":[\"https:\/\/sites.unoeste.br\/boletimppga\/index.php\/normas\/\"]}]},{\"@type\":\"BreadcrumbList\",\"@id\":\"https:\/\/sites.unoeste.br\/boletimppga\/index.php\/normas\/#breadcrumb\",\"itemListElement\":[{\"@type\":\"ListItem\",\"position\":1,\"item\":{\"@type\":\"WebPage\",\"@id\":\"https:\/\/sites.unoeste.br\/boletimppga\/\",\"url\":\"https:\/\/sites.unoeste.br\/boletimppga\/\",\"name\":\"In\\u00edcio\"}},{\"@type\":\"ListItem\",\"position\":2,\"item\":{\"@id\":\"https:\/\/sites.unoeste.br\/boletimppga\/index.php\/normas\/#webpage\"}}]}]}<\/script>\n<!-- \/ Yoast SEO plugin. -->","_links":{"self":[{"href":"http:\/\/sites.unoeste.br\/boletimppga\/index.php\/wp-json\/wp\/v2\/pages\/2"}],"collection":[{"href":"http:\/\/sites.unoeste.br\/boletimppga\/index.php\/wp-json\/wp\/v2\/pages"}],"about":[{"href":"http:\/\/sites.unoeste.br\/boletimppga\/index.php\/wp-json\/wp\/v2\/types\/page"}],"author":[{"embeddable":true,"href":"http:\/\/sites.unoeste.br\/boletimppga\/index.php\/wp-json\/wp\/v2\/users\/1"}],"replies":[{"embeddable":true,"href":"http:\/\/sites.unoeste.br\/boletimppga\/index.php\/wp-json\/wp\/v2\/comments?post=2"}],"version-history":[{"count":21,"href":"http:\/\/sites.unoeste.br\/boletimppga\/index.php\/wp-json\/wp\/v2\/pages\/2\/revisions"}],"predecessor-version":[{"id":625,"href":"http:\/\/sites.unoeste.br\/boletimppga\/index.php\/wp-json\/wp\/v2\/pages\/2\/revisions\/625"}],"wp:attachment":[{"href":"http:\/\/sites.unoeste.br\/boletimppga\/index.php\/wp-json\/wp\/v2\/media?parent=2"}],"curies":[{"name":"wp","href":"https:\/\/api.w.org\/{rel}","templated":true}]}}