{"id":63,"date":"2021-05-20T20:01:05","date_gmt":"2021-05-20T20:01:05","guid":{"rendered":"http:\/\/sites.unoeste.br\/boletimppga\/?page_id=63"},"modified":"2022-03-15T12:35:21","modified_gmt":"2022-03-15T12:35:21","slug":"expediente","status":"publish","type":"page","link":"http:\/\/sites.unoeste.br\/boletimppga\/index.php\/expediente\/","title":{"rendered":"Expediente"},"content":{"rendered":"\n<p>ISSN: 2763-7522<br>Equipe editorial<\/p>\n\n\n\n<ul><li>F\u00e1bio Rafael Echer<\/li><li>Alexandrius de Moraes Barbosa<\/li><li>Edgard Henrique Costa Silva<\/li><\/ul>\n\n\n\n<p>Obs.: Boletim de periodicidade anual com trabalhos na l\u00edngua portuguesa (Brasil).<br><br>Editora\u00e7\u00e3o: NEAD (N\u00facleo de Ensino \u00e0 Dist\u00e2ncia) da Unoeste (Universidade do Oeste Paulista)<br>Rodovia Raposo Tavares, km 572 \u2013 Bairro Limoeiro<br>Bloco B1, Presidente Prudente-SP 19067-175<\/p>\n","protected":false},"excerpt":{"rendered":"<p>ISSN: 2763-7522Equipe editorial F\u00e1bio Rafael Echer Alexandrius de Moraes Barbosa Edgard Henrique Costa Silva Obs.: Boletim de periodicidade anual com trabalhos na l\u00edngua portuguesa (Brasil). Editora\u00e7\u00e3o: NEAD (N\u00facleo de Ensino \u00e0 Dist\u00e2ncia) da Unoeste (Universidade do Oeste Paulista)Rodovia Raposo Tavares, km 572 \u2013 Bairro LimoeiroBloco B1, Presidente Prudente-SP 19067-175<\/p>\n","protected":false},"author":1,"featured_media":0,"parent":0,"menu_order":0,"comment_status":"closed","ping_status":"closed","template":"","meta":[],"yoast_head":"<!-- This site is optimized with the Yoast SEO plugin v16.3 - https:\/\/yoast.com\/wordpress\/plugins\/seo\/ -->\n<title>expediente<\/title>\n<meta name=\"robots\" content=\"index, follow, max-snippet:-1, max-image-preview:large, max-video-preview:-1\" \/>\n<link rel=\"canonical\" href=\"https:\/\/sites.unoeste.br\/boletimppga\/index.php\/expediente\/\" \/>\n<meta property=\"og:locale\" content=\"pt_BR\" \/>\n<meta property=\"og:type\" content=\"article\" \/>\n<meta property=\"og:title\" content=\"expediente\" \/>\n<meta property=\"og:description\" content=\"ISSN: 2763-7522Equipe editorial F\u00e1bio Rafael Echer Alexandrius de Moraes Barbosa Edgard Henrique Costa Silva Obs.: Boletim de periodicidade anual com trabalhos na l\u00edngua portuguesa (Brasil). Editora\u00e7\u00e3o: NEAD (N\u00facleo de Ensino \u00e0 Dist\u00e2ncia) da Unoeste (Universidade do Oeste Paulista)Rodovia Raposo Tavares, km 572 \u2013 Bairro LimoeiroBloco B1, Presidente Prudente-SP 19067-175\" \/>\n<meta property=\"og:url\" content=\"https:\/\/sites.unoeste.br\/boletimppga\/index.php\/expediente\/\" \/>\n<meta property=\"og:site_name\" content=\"ISSN 2763-7522\" \/>\n<meta property=\"article:modified_time\" content=\"2022-03-15T12:35:21+00:00\" \/>\n<meta name=\"twitter:card\" content=\"summary_large_image\" \/>\n<meta name=\"twitter:label1\" content=\"Est. tempo de leitura\">\n\t<meta name=\"twitter:data1\" content=\"1 minuto\">\n<script type=\"application\/ld+json\" class=\"yoast-schema-graph\">{\"@context\":\"https:\/\/schema.org\",\"@graph\":[{\"@type\":\"WebSite\",\"@id\":\"https:\/\/sites.unoeste.br\/boletimppga\/#website\",\"url\":\"https:\/\/sites.unoeste.br\/boletimppga\/\",\"name\":\"ISSN 2763-7522\",\"description\":\"Boletim de Pesquisa do Programa de P\\u00f3s-Gradua\\u00e7\\u00e3o em Agronomia - Unoeste\",\"potentialAction\":[{\"@type\":\"SearchAction\",\"target\":\"https:\/\/sites.unoeste.br\/boletimppga\/?s={search_term_string}\",\"query-input\":\"required name=search_term_string\"}],\"inLanguage\":\"pt-BR\"},{\"@type\":\"WebPage\",\"@id\":\"https:\/\/sites.unoeste.br\/boletimppga\/index.php\/expediente\/#webpage\",\"url\":\"https:\/\/sites.unoeste.br\/boletimppga\/index.php\/expediente\/\",\"name\":\"expediente\",\"isPartOf\":{\"@id\":\"https:\/\/sites.unoeste.br\/boletimppga\/#website\"},\"datePublished\":\"2021-05-20T20:01:05+00:00\",\"dateModified\":\"2022-03-15T12:35:21+00:00\",\"breadcrumb\":{\"@id\":\"https:\/\/sites.unoeste.br\/boletimppga\/index.php\/expediente\/#breadcrumb\"},\"inLanguage\":\"pt-BR\",\"potentialAction\":[{\"@type\":\"ReadAction\",\"target\":[\"https:\/\/sites.unoeste.br\/boletimppga\/index.php\/expediente\/\"]}]},{\"@type\":\"BreadcrumbList\",\"@id\":\"https:\/\/sites.unoeste.br\/boletimppga\/index.php\/expediente\/#breadcrumb\",\"itemListElement\":[{\"@type\":\"ListItem\",\"position\":1,\"item\":{\"@type\":\"WebPage\",\"@id\":\"https:\/\/sites.unoeste.br\/boletimppga\/\",\"url\":\"https:\/\/sites.unoeste.br\/boletimppga\/\",\"name\":\"In\\u00edcio\"}},{\"@type\":\"ListItem\",\"position\":2,\"item\":{\"@id\":\"https:\/\/sites.unoeste.br\/boletimppga\/index.php\/expediente\/#webpage\"}}]}]}<\/script>\n<!-- \/ Yoast SEO plugin. -->","_links":{"self":[{"href":"http:\/\/sites.unoeste.br\/boletimppga\/index.php\/wp-json\/wp\/v2\/pages\/63"}],"collection":[{"href":"http:\/\/sites.unoeste.br\/boletimppga\/index.php\/wp-json\/wp\/v2\/pages"}],"about":[{"href":"http:\/\/sites.unoeste.br\/boletimppga\/index.php\/wp-json\/wp\/v2\/types\/page"}],"author":[{"embeddable":true,"href":"http:\/\/sites.unoeste.br\/boletimppga\/index.php\/wp-json\/wp\/v2\/users\/1"}],"replies":[{"embeddable":true,"href":"http:\/\/sites.unoeste.br\/boletimppga\/index.php\/wp-json\/wp\/v2\/comments?post=63"}],"version-history":[{"count":7,"href":"http:\/\/sites.unoeste.br\/boletimppga\/index.php\/wp-json\/wp\/v2\/pages\/63\/revisions"}],"predecessor-version":[{"id":327,"href":"http:\/\/sites.unoeste.br\/boletimppga\/index.php\/wp-json\/wp\/v2\/pages\/63\/revisions\/327"}],"wp:attachment":[{"href":"http:\/\/sites.unoeste.br\/boletimppga\/index.php\/wp-json\/wp\/v2\/media?parent=63"}],"curies":[{"name":"wp","href":"https:\/\/api.w.org\/{rel}","templated":true}]}}