{"id":127,"date":"2020-10-12T14:13:44","date_gmt":"2020-10-12T14:13:44","guid":{"rendered":"http:\/\/sites.unoeste.br\/ceofop\/?page_id=127"},"modified":"2022-07-05T12:20:18","modified_gmt":"2022-07-05T12:20:18","slug":"colaboradores-internos","status":"publish","type":"page","link":"http:\/\/sites.unoeste.br\/ceofop\/index.php\/colaboradores-internos\/","title":{"rendered":"Egressos"},"content":{"rendered":"\n<h3>P\u00f3s-gradua\u00e7\u00e3o <\/h3>\n\n\n\n<p><a href=\"http:\/\/lattes.cnpq.br\/7773017926032198\" target=\"_blank\" rel=\"noreferrer noopener\">Amanda Carvalho Perrud<\/a><\/p>\n\n\n\n<p>Disserta\u00e7\u00e3o de mestrado (2021): Desempenho agron\u00f4mico, adaptabilidade e estabilidade de gen\u00f3tipos de batata-doce no Oeste Paulista. Orientador: Prof. Dr. Andr\u00e9 Ricardo Zeist<\/p>\n\n\n\n<figure class=\"wp-block-image size-large\"><img loading=\"lazy\" width=\"1024\" height=\"1024\" src=\"http:\/\/sites.unoeste.br\/ceofop\/wp-content\/uploads\/2022\/07\/Amanda.jpg\" alt=\"\" class=\"wp-image-383\" srcset=\"http:\/\/sites.unoeste.br\/ceofop\/wp-content\/uploads\/2022\/07\/Amanda.jpg 1024w, http:\/\/sites.unoeste.br\/ceofop\/wp-content\/uploads\/2022\/07\/Amanda-300x300.jpg 300w, http:\/\/sites.unoeste.br\/ceofop\/wp-content\/uploads\/2022\/07\/Amanda-150x150.jpg 150w, http:\/\/sites.unoeste.br\/ceofop\/wp-content\/uploads\/2022\/07\/Amanda-768x768.jpg 768w, http:\/\/sites.unoeste.br\/ceofop\/wp-content\/uploads\/2022\/07\/Amanda-630x630.jpg 630w, http:\/\/sites.unoeste.br\/ceofop\/wp-content\/uploads\/2022\/07\/Amanda-60x60.jpg 60w\" sizes=\"(max-width: 1024px) 100vw, 1024px\" \/><\/figure>\n\n\n\n<p><\/p>\n\n\n\n<p><a rel=\"noreferrer noopener\" href=\"http:\/\/lattes.cnpq.br\/3328204941426248\" target=\"_blank\">Jair Garcia Neto<\/a><\/p>\n\n\n\n<p>Disserta\u00e7\u00e3o de mestrado (2022): Par\u00e2metros produtivos e adaptabilidade e estabilidade temporal de gen\u00f3tipos experimentais de batata-doce de polpa branca e creme na regi\u00e3o Oeste Paulista. Orientador: Prof. Dr. Andr\u00e9 Ricardo Zeist.<\/p>\n\n\n\n<figure class=\"wp-block-image size-large\"><img loading=\"lazy\" width=\"540\" height=\"390\" src=\"http:\/\/sites.unoeste.br\/ceofop\/wp-content\/uploads\/2022\/07\/Jair.png\" alt=\"\" class=\"wp-image-384\" srcset=\"http:\/\/sites.unoeste.br\/ceofop\/wp-content\/uploads\/2022\/07\/Jair.png 540w, http:\/\/sites.unoeste.br\/ceofop\/wp-content\/uploads\/2022\/07\/Jair-300x217.png 300w, http:\/\/sites.unoeste.br\/ceofop\/wp-content\/uploads\/2022\/07\/Jair-83x60.png 83w\" sizes=\"(max-width: 540px) 100vw, 540px\" \/><\/figure>\n","protected":false},"excerpt":{"rendered":"<p>P\u00f3s-gradua\u00e7\u00e3o Amanda Carvalho Perrud Disserta\u00e7\u00e3o de mestrado (2021): Desempenho agron\u00f4mico, adaptabilidade e estabilidade de gen\u00f3tipos de batata-doce no Oeste Paulista. Orientador: Prof. Dr. Andr\u00e9 Ricardo Zeist Jair Garcia Neto Disserta\u00e7\u00e3o de mestrado (2022): Par\u00e2metros produtivos e adaptabilidade e estabilidade temporal de gen\u00f3tipos experimentais de batata-doce &hellip; <\/p>\n","protected":false},"author":1,"featured_media":0,"parent":0,"menu_order":0,"comment_status":"closed","ping_status":"closed","template":"","meta":[],"_links":{"self":[{"href":"http:\/\/sites.unoeste.br\/ceofop\/index.php\/wp-json\/wp\/v2\/pages\/127"}],"collection":[{"href":"http:\/\/sites.unoeste.br\/ceofop\/index.php\/wp-json\/wp\/v2\/pages"}],"about":[{"href":"http:\/\/sites.unoeste.br\/ceofop\/index.php\/wp-json\/wp\/v2\/types\/page"}],"author":[{"embeddable":true,"href":"http:\/\/sites.unoeste.br\/ceofop\/index.php\/wp-json\/wp\/v2\/users\/1"}],"replies":[{"embeddable":true,"href":"http:\/\/sites.unoeste.br\/ceofop\/index.php\/wp-json\/wp\/v2\/comments?post=127"}],"version-history":[{"count":5,"href":"http:\/\/sites.unoeste.br\/ceofop\/index.php\/wp-json\/wp\/v2\/pages\/127\/revisions"}],"predecessor-version":[{"id":386,"href":"http:\/\/sites.unoeste.br\/ceofop\/index.php\/wp-json\/wp\/v2\/pages\/127\/revisions\/386"}],"wp:attachment":[{"href":"http:\/\/sites.unoeste.br\/ceofop\/index.php\/wp-json\/wp\/v2\/media?parent=127"}],"curies":[{"name":"wp","href":"https:\/\/api.w.org\/{rel}","templated":true}]}}