{"id":129,"date":"2020-10-12T14:17:09","date_gmt":"2020-10-12T14:17:09","guid":{"rendered":"http:\/\/sites.unoeste.br\/ceofop\/?page_id=129"},"modified":"2021-06-02T14:08:21","modified_gmt":"2021-06-02T14:08:21","slug":"graduandos","status":"publish","type":"page","link":"http:\/\/sites.unoeste.br\/ceofop\/index.php\/graduandos\/","title":{"rendered":"Graduandos"},"content":{"rendered":"\n<p><strong><a href=\"http:\/\/lattes.cnpq.br\/3236546978611052\" data-type=\"URL\" data-id=\"http:\/\/lattes.cnpq.br\/3236546978611052\" target=\"_blank\" rel=\"noreferrer noopener\">Ana Beatriz de Lima Geronimo<\/a><\/strong><\/p>\n\n\n\n<figure class=\"wp-block-image size-large is-resized\"><img loading=\"lazy\" src=\"http:\/\/sites.unoeste.br\/ceofop\/wp-content\/uploads\/2020\/10\/WhatsApp-Image-2020-10-20-at-12.46.06.jpeg\" alt=\"\" class=\"wp-image-307\" width=\"376\" height=\"458\" srcset=\"http:\/\/sites.unoeste.br\/ceofop\/wp-content\/uploads\/2020\/10\/WhatsApp-Image-2020-10-20-at-12.46.06.jpeg 829w, http:\/\/sites.unoeste.br\/ceofop\/wp-content\/uploads\/2020\/10\/WhatsApp-Image-2020-10-20-at-12.46.06-246x300.jpeg 246w, http:\/\/sites.unoeste.br\/ceofop\/wp-content\/uploads\/2020\/10\/WhatsApp-Image-2020-10-20-at-12.46.06-768x938.jpeg 768w, http:\/\/sites.unoeste.br\/ceofop\/wp-content\/uploads\/2020\/10\/WhatsApp-Image-2020-10-20-at-12.46.06-49x60.jpeg 49w\" sizes=\"(max-width: 376px) 100vw, 376px\" \/><\/figure>\n\n\n\n<p><strong><a href=\"http:\/\/lattes.cnpq.br\/1736005945112219\">Andr\u00e9 Dutra Silva J\u00fanior<\/a><\/strong> (bolsista FAPESP &#8211; orientador: Andr\u00e9 Ricardo Zeist)<\/p>\n\n\n\n<figure class=\"wp-block-image size-large is-resized\"><img loading=\"lazy\" src=\"http:\/\/sites.unoeste.br\/ceofop\/wp-content\/uploads\/2021\/01\/69906731_929693774057033_4707681393646239744_o-819x1024.jpg\" alt=\"\" class=\"wp-image-347\" width=\"493\" height=\"616\" srcset=\"http:\/\/sites.unoeste.br\/ceofop\/wp-content\/uploads\/2021\/01\/69906731_929693774057033_4707681393646239744_o-819x1024.jpg 819w, http:\/\/sites.unoeste.br\/ceofop\/wp-content\/uploads\/2021\/01\/69906731_929693774057033_4707681393646239744_o-240x300.jpg 240w, http:\/\/sites.unoeste.br\/ceofop\/wp-content\/uploads\/2021\/01\/69906731_929693774057033_4707681393646239744_o-768x960.jpg 768w, http:\/\/sites.unoeste.br\/ceofop\/wp-content\/uploads\/2021\/01\/69906731_929693774057033_4707681393646239744_o-48x60.jpg 48w, http:\/\/sites.unoeste.br\/ceofop\/wp-content\/uploads\/2021\/01\/69906731_929693774057033_4707681393646239744_o.jpg 1080w\" sizes=\"(max-width: 493px) 100vw, 493px\" \/><\/figure>\n\n\n\n<p><strong><a href=\"http:\/\/lattes.cnpq.br\/5564975614788195\" data-type=\"URL\" data-id=\"http:\/\/lattes.cnpq.br\/5564975614788195\">Bruno Da Rocha Taroco<\/a><\/strong> (bolsista FAPESP &#8211; orientador: Andr\u00e9 Ricardo Zeist)<\/p>\n\n\n\n<figure class=\"wp-block-image size-large is-resized\"><img loading=\"lazy\" src=\"http:\/\/sites.unoeste.br\/ceofop\/wp-content\/uploads\/2021\/01\/95434530_2750932901683083_6367568614396002304_o-768x1024.jpg\" alt=\"\" class=\"wp-image-348\" width=\"509\" height=\"679\" srcset=\"http:\/\/sites.unoeste.br\/ceofop\/wp-content\/uploads\/2021\/01\/95434530_2750932901683083_6367568614396002304_o-768x1024.jpg 768w, http:\/\/sites.unoeste.br\/ceofop\/wp-content\/uploads\/2021\/01\/95434530_2750932901683083_6367568614396002304_o-225x300.jpg 225w, http:\/\/sites.unoeste.br\/ceofop\/wp-content\/uploads\/2021\/01\/95434530_2750932901683083_6367568614396002304_o-1152x1536.jpg 1152w, http:\/\/sites.unoeste.br\/ceofop\/wp-content\/uploads\/2021\/01\/95434530_2750932901683083_6367568614396002304_o-45x60.jpg 45w, http:\/\/sites.unoeste.br\/ceofop\/wp-content\/uploads\/2021\/01\/95434530_2750932901683083_6367568614396002304_o.jpg 1511w\" sizes=\"(max-width: 509px) 100vw, 509px\" \/><\/figure>\n\n\n\n<p><strong><a rel=\"noreferrer noopener\" href=\"http:\/\/lattes.cnpq.br\/8498965699033043\" data-type=\"URL\" data-id=\"http:\/\/lattes.cnpq.br\/8498965699033043\" target=\"_blank\">Guilherme Jos\u00e9 Almeida<\/a><\/strong> (bolsista FAPESP &#8211; orientador: Andr\u00e9 Ricardo Zeist)<\/p>\n\n\n\n<figure class=\"wp-block-image size-large is-resized\"><img loading=\"lazy\" src=\"http:\/\/sites.unoeste.br\/ceofop\/wp-content\/uploads\/2021\/01\/69791979_1819093818235310_3726850161914150912_n.jpg\" alt=\"\" class=\"wp-image-351\" width=\"522\" height=\"529\" srcset=\"http:\/\/sites.unoeste.br\/ceofop\/wp-content\/uploads\/2021\/01\/69791979_1819093818235310_3726850161914150912_n.jpg 720w, http:\/\/sites.unoeste.br\/ceofop\/wp-content\/uploads\/2021\/01\/69791979_1819093818235310_3726850161914150912_n-296x300.jpg 296w, http:\/\/sites.unoeste.br\/ceofop\/wp-content\/uploads\/2021\/01\/69791979_1819093818235310_3726850161914150912_n-59x60.jpg 59w\" sizes=\"(max-width: 522px) 100vw, 522px\" \/><\/figure>\n\n\n\n<p><strong>Jo\u00e3o Carlos Tadeu Guerreiro<\/strong><\/p>\n\n\n\n<figure class=\"wp-block-image size-large is-resized\"><img loading=\"lazy\" src=\"http:\/\/sites.unoeste.br\/ceofop\/wp-content\/uploads\/2021\/06\/WhatsApp-Image-2021-06-02-at-10.52.07.jpeg\" alt=\"\" class=\"wp-image-362\" width=\"526\" height=\"525\" srcset=\"http:\/\/sites.unoeste.br\/ceofop\/wp-content\/uploads\/2021\/06\/WhatsApp-Image-2021-06-02-at-10.52.07.jpeg 588w, http:\/\/sites.unoeste.br\/ceofop\/wp-content\/uploads\/2021\/06\/WhatsApp-Image-2021-06-02-at-10.52.07-300x300.jpeg 300w, http:\/\/sites.unoeste.br\/ceofop\/wp-content\/uploads\/2021\/06\/WhatsApp-Image-2021-06-02-at-10.52.07-150x150.jpeg 150w, http:\/\/sites.unoeste.br\/ceofop\/wp-content\/uploads\/2021\/06\/WhatsApp-Image-2021-06-02-at-10.52.07-60x60.jpeg 60w\" sizes=\"(max-width: 526px) 100vw, 526px\" \/><\/figure>\n\n\n\n<p><strong><a href=\"http:\/\/lattes.cnpq.br\/2908250282855912\" data-type=\"URL\" data-id=\"http:\/\/lattes.cnpq.br\/2908250282855912\">Jo\u00e3o Lucas Pires Leal<\/a><\/strong> (bolsista PIBIC-CNPq &#8211; orientador: Andr\u00e9 Ricardo Zeist)<\/p>\n\n\n\n<figure class=\"wp-block-image size-large is-resized\"><img loading=\"lazy\" src=\"http:\/\/sites.unoeste.br\/ceofop\/wp-content\/uploads\/2021\/06\/WhatsApp-Image-2021-06-02-at-11.07.33.jpeg\" alt=\"\" class=\"wp-image-365\" width=\"532\" height=\"532\" srcset=\"http:\/\/sites.unoeste.br\/ceofop\/wp-content\/uploads\/2021\/06\/WhatsApp-Image-2021-06-02-at-11.07.33.jpeg 720w, http:\/\/sites.unoeste.br\/ceofop\/wp-content\/uploads\/2021\/06\/WhatsApp-Image-2021-06-02-at-11.07.33-300x300.jpeg 300w, http:\/\/sites.unoeste.br\/ceofop\/wp-content\/uploads\/2021\/06\/WhatsApp-Image-2021-06-02-at-11.07.33-150x150.jpeg 150w, http:\/\/sites.unoeste.br\/ceofop\/wp-content\/uploads\/2021\/06\/WhatsApp-Image-2021-06-02-at-11.07.33-630x630.jpeg 630w, http:\/\/sites.unoeste.br\/ceofop\/wp-content\/uploads\/2021\/06\/WhatsApp-Image-2021-06-02-at-11.07.33-60x60.jpeg 60w\" sizes=\"(max-width: 532px) 100vw, 532px\" \/><\/figure>\n\n\n\n<p><strong><a href=\"http:\/\/lattes.cnpq.br\/0782568360329713\" data-type=\"URL\" data-id=\"http:\/\/lattes.cnpq.br\/0782568360329713\">Julia Roberta Sanches De Pieri<\/a><\/strong> (bolsista FAPESP &#8211; orientador: Andr\u00e9 Ricardo Zeist)<\/p>\n\n\n\n<figure class=\"wp-block-image size-large is-resized\"><img loading=\"lazy\" src=\"http:\/\/sites.unoeste.br\/ceofop\/wp-content\/uploads\/2020\/10\/image-2.png\" alt=\"\" class=\"wp-image-158\" width=\"444\" height=\"794\" srcset=\"http:\/\/sites.unoeste.br\/ceofop\/wp-content\/uploads\/2020\/10\/image-2.png 528w, http:\/\/sites.unoeste.br\/ceofop\/wp-content\/uploads\/2020\/10\/image-2-168x300.png 168w, http:\/\/sites.unoeste.br\/ceofop\/wp-content\/uploads\/2020\/10\/image-2-34x60.png 34w\" sizes=\"(max-width: 444px) 100vw, 444px\" \/><\/figure>\n\n\n\n<p><strong><a rel=\"noreferrer noopener\" href=\"http:\/\/lattes.cnpq.br\/9869030952160017\" data-type=\"URL\" data-id=\"http:\/\/lattes.cnpq.br\/9869030952160017\" target=\"_blank\">Mikaelle Carolayne de Brito Vasconcelos<\/a><\/strong> <\/p>\n\n\n\n<figure class=\"wp-block-image size-large is-resized\"><img loading=\"lazy\" src=\"http:\/\/sites.unoeste.br\/ceofop\/wp-content\/uploads\/2020\/10\/WhatsApp-Image-2020-10-13-at-08.02.17-768x1024.jpeg\" alt=\"\" class=\"wp-image-268\" width=\"466\" height=\"621\" srcset=\"http:\/\/sites.unoeste.br\/ceofop\/wp-content\/uploads\/2020\/10\/WhatsApp-Image-2020-10-13-at-08.02.17-768x1024.jpeg 768w, http:\/\/sites.unoeste.br\/ceofop\/wp-content\/uploads\/2020\/10\/WhatsApp-Image-2020-10-13-at-08.02.17-225x300.jpeg 225w, http:\/\/sites.unoeste.br\/ceofop\/wp-content\/uploads\/2020\/10\/WhatsApp-Image-2020-10-13-at-08.02.17-45x60.jpeg 45w, http:\/\/sites.unoeste.br\/ceofop\/wp-content\/uploads\/2020\/10\/WhatsApp-Image-2020-10-13-at-08.02.17.jpeg 960w\" sizes=\"(max-width: 466px) 100vw, 466px\" \/><\/figure>\n\n\n\n<p><strong><a href=\"http:\/\/lattes.cnpq.br\/0299093893017608\" data-type=\"URL\" data-id=\"http:\/\/lattes.cnpq.br\/0299093893017608\" target=\"_blank\" rel=\"noreferrer noopener\">Murilo Henrique Souza Leal<\/a><\/strong> (bolsista FAPESP &#8211; orientador: Andr\u00e9 Ricardo Zeist)<\/p>\n\n\n\n<figure class=\"wp-block-image size-large is-resized\"><img loading=\"lazy\" src=\"http:\/\/sites.unoeste.br\/ceofop\/wp-content\/uploads\/2020\/10\/image-4-906x1024.png\" alt=\"\" class=\"wp-image-160\" width=\"503\" height=\"569\" srcset=\"http:\/\/sites.unoeste.br\/ceofop\/wp-content\/uploads\/2020\/10\/image-4-906x1024.png 906w, http:\/\/sites.unoeste.br\/ceofop\/wp-content\/uploads\/2020\/10\/image-4-265x300.png 265w, http:\/\/sites.unoeste.br\/ceofop\/wp-content\/uploads\/2020\/10\/image-4-768x868.png 768w, http:\/\/sites.unoeste.br\/ceofop\/wp-content\/uploads\/2020\/10\/image-4-53x60.png 53w, http:\/\/sites.unoeste.br\/ceofop\/wp-content\/uploads\/2020\/10\/image-4.png 964w\" sizes=\"(max-width: 503px) 100vw, 503px\" \/><\/figure>\n\n\n\n<p><strong>Wellington Giovani Correia<\/strong><\/p>\n\n\n\n<figure class=\"wp-block-image size-large is-resized\"><img loading=\"lazy\" src=\"http:\/\/sites.unoeste.br\/ceofop\/wp-content\/uploads\/2021\/06\/WhatsApp-Image-2021-06-02-at-10.51.38.jpeg\" alt=\"\" class=\"wp-image-360\" width=\"551\" height=\"551\" srcset=\"http:\/\/sites.unoeste.br\/ceofop\/wp-content\/uploads\/2021\/06\/WhatsApp-Image-2021-06-02-at-10.51.38.jpeg 640w, http:\/\/sites.unoeste.br\/ceofop\/wp-content\/uploads\/2021\/06\/WhatsApp-Image-2021-06-02-at-10.51.38-300x300.jpeg 300w, http:\/\/sites.unoeste.br\/ceofop\/wp-content\/uploads\/2021\/06\/WhatsApp-Image-2021-06-02-at-10.51.38-150x150.jpeg 150w, http:\/\/sites.unoeste.br\/ceofop\/wp-content\/uploads\/2021\/06\/WhatsApp-Image-2021-06-02-at-10.51.38-630x630.jpeg 630w, http:\/\/sites.unoeste.br\/ceofop\/wp-content\/uploads\/2021\/06\/WhatsApp-Image-2021-06-02-at-10.51.38-60x60.jpeg 60w\" sizes=\"(max-width: 551px) 100vw, 551px\" \/><\/figure>\n","protected":false},"excerpt":{"rendered":"<p>Ana Beatriz de Lima Geronimo Andr\u00e9 Dutra Silva J\u00fanior (bolsista FAPESP &#8211; orientador: Andr\u00e9 Ricardo Zeist) Bruno Da Rocha Taroco (bolsista FAPESP &#8211; orientador: Andr\u00e9 Ricardo Zeist) Guilherme Jos\u00e9 Almeida (bolsista FAPESP &#8211; orientador: Andr\u00e9 Ricardo Zeist) Jo\u00e3o Carlos Tadeu Guerreiro Jo\u00e3o Lucas Pires Leal &hellip; <\/p>\n","protected":false},"author":1,"featured_media":0,"parent":0,"menu_order":0,"comment_status":"closed","ping_status":"closed","template":"","meta":[],"_links":{"self":[{"href":"http:\/\/sites.unoeste.br\/ceofop\/index.php\/wp-json\/wp\/v2\/pages\/129"}],"collection":[{"href":"http:\/\/sites.unoeste.br\/ceofop\/index.php\/wp-json\/wp\/v2\/pages"}],"about":[{"href":"http:\/\/sites.unoeste.br\/ceofop\/index.php\/wp-json\/wp\/v2\/types\/page"}],"author":[{"embeddable":true,"href":"http:\/\/sites.unoeste.br\/ceofop\/index.php\/wp-json\/wp\/v2\/users\/1"}],"replies":[{"embeddable":true,"href":"http:\/\/sites.unoeste.br\/ceofop\/index.php\/wp-json\/wp\/v2\/comments?post=129"}],"version-history":[{"count":32,"href":"http:\/\/sites.unoeste.br\/ceofop\/index.php\/wp-json\/wp\/v2\/pages\/129\/revisions"}],"predecessor-version":[{"id":370,"href":"http:\/\/sites.unoeste.br\/ceofop\/index.php\/wp-json\/wp\/v2\/pages\/129\/revisions\/370"}],"wp:attachment":[{"href":"http:\/\/sites.unoeste.br\/ceofop\/index.php\/wp-json\/wp\/v2\/media?parent=129"}],"curies":[{"name":"wp","href":"https:\/\/api.w.org\/{rel}","templated":true}]}}