{"id":147,"date":"2020-10-12T14:50:50","date_gmt":"2020-10-12T14:50:50","guid":{"rendered":"http:\/\/sites.unoeste.br\/ceofop\/?page_id=147"},"modified":"2020-10-20T15:14:18","modified_gmt":"2020-10-20T15:14:18","slug":"iniciacao-cientifica-ensino-medio","status":"publish","type":"page","link":"http:\/\/sites.unoeste.br\/ceofop\/index.php\/iniciacao-cientifica-ensino-medio\/","title":{"rendered":"Inicia\u00e7\u00e3o Cient\u00edfica &#8211; Ensino m\u00e9dio"},"content":{"rendered":"\n<p><strong>Isabela Soares Urias<\/strong> (Bolsista PIBIC-EM &#8211; Orientador: Andr\u00e9 Ricardo Zeist)<\/p>\n\n\n\n<div class=\"wp-block-image\"><figure class=\"aligncenter size-large\"><img loading=\"lazy\" width=\"608\" height=\"608\" src=\"http:\/\/sites.unoeste.br\/ceofop\/wp-content\/uploads\/2020\/10\/pp.jpg\" alt=\"\" class=\"wp-image-256\" srcset=\"http:\/\/sites.unoeste.br\/ceofop\/wp-content\/uploads\/2020\/10\/pp.jpg 608w, http:\/\/sites.unoeste.br\/ceofop\/wp-content\/uploads\/2020\/10\/pp-300x300.jpg 300w, http:\/\/sites.unoeste.br\/ceofop\/wp-content\/uploads\/2020\/10\/pp-150x150.jpg 150w, http:\/\/sites.unoeste.br\/ceofop\/wp-content\/uploads\/2020\/10\/pp-60x60.jpg 60w\" sizes=\"(max-width: 608px) 100vw, 608px\" \/><\/figure><\/div>\n\n\n\n<p><strong>Sergio Ferreira da Silva<\/strong> (Bolsista PIBIC-EM &#8211; Orientador: Andr\u00e9 Ricardo<\/p>\n\n\n\n<div class=\"wp-block-image\"><figure class=\"aligncenter size-large is-resized\"><img loading=\"lazy\" src=\"http:\/\/sites.unoeste.br\/ceofop\/wp-content\/uploads\/2020\/10\/120194687_380207303389538_8613456364066196926_o-984x1024.jpg\" alt=\"\" class=\"wp-image-300\" width=\"431\" height=\"448\" srcset=\"http:\/\/sites.unoeste.br\/ceofop\/wp-content\/uploads\/2020\/10\/120194687_380207303389538_8613456364066196926_o-984x1024.jpg 984w, http:\/\/sites.unoeste.br\/ceofop\/wp-content\/uploads\/2020\/10\/120194687_380207303389538_8613456364066196926_o-288x300.jpg 288w, http:\/\/sites.unoeste.br\/ceofop\/wp-content\/uploads\/2020\/10\/120194687_380207303389538_8613456364066196926_o-768x799.jpg 768w, http:\/\/sites.unoeste.br\/ceofop\/wp-content\/uploads\/2020\/10\/120194687_380207303389538_8613456364066196926_o-58x60.jpg 58w, http:\/\/sites.unoeste.br\/ceofop\/wp-content\/uploads\/2020\/10\/120194687_380207303389538_8613456364066196926_o.jpg 1192w\" sizes=\"(max-width: 431px) 100vw, 431px\" \/><\/figure><\/div>\n","protected":false},"excerpt":{"rendered":"<p>Isabela Soares Urias (Bolsista PIBIC-EM &#8211; Orientador: Andr\u00e9 Ricardo Zeist) Sergio Ferreira da Silva (Bolsista PIBIC-EM &#8211; Orientador: Andr\u00e9 Ricardo<\/p>\n","protected":false},"author":1,"featured_media":0,"parent":0,"menu_order":0,"comment_status":"closed","ping_status":"closed","template":"","meta":[],"_links":{"self":[{"href":"http:\/\/sites.unoeste.br\/ceofop\/index.php\/wp-json\/wp\/v2\/pages\/147"}],"collection":[{"href":"http:\/\/sites.unoeste.br\/ceofop\/index.php\/wp-json\/wp\/v2\/pages"}],"about":[{"href":"http:\/\/sites.unoeste.br\/ceofop\/index.php\/wp-json\/wp\/v2\/types\/page"}],"author":[{"embeddable":true,"href":"http:\/\/sites.unoeste.br\/ceofop\/index.php\/wp-json\/wp\/v2\/users\/1"}],"replies":[{"embeddable":true,"href":"http:\/\/sites.unoeste.br\/ceofop\/index.php\/wp-json\/wp\/v2\/comments?post=147"}],"version-history":[{"count":6,"href":"http:\/\/sites.unoeste.br\/ceofop\/index.php\/wp-json\/wp\/v2\/pages\/147\/revisions"}],"predecessor-version":[{"id":304,"href":"http:\/\/sites.unoeste.br\/ceofop\/index.php\/wp-json\/wp\/v2\/pages\/147\/revisions\/304"}],"wp:attachment":[{"href":"http:\/\/sites.unoeste.br\/ceofop\/index.php\/wp-json\/wp\/v2\/media?parent=147"}],"curies":[{"name":"wp","href":"https:\/\/api.w.org\/{rel}","templated":true}]}}