{"id":15,"date":"2020-09-09T12:30:30","date_gmt":"2020-09-09T12:30:30","guid":{"rendered":"http:\/\/sites.unoeste.br\/ceofop\/?page_id=15"},"modified":"2020-09-14T18:33:29","modified_gmt":"2020-09-14T18:33:29","slug":"apresentacao","status":"publish","type":"page","link":"http:\/\/sites.unoeste.br\/ceofop\/index.php\/apresentacao\/","title":{"rendered":"Apresenta\u00e7\u00e3o"},"content":{"rendered":"\n<p class=\"has-text-align-left\">O Centro de Estudos em Olericultura e Fruticultura do Oeste Paulista da Unoeste &#8211; CEOFOP executa atividades relacionadas a propaga\u00e7\u00e3o, melhoramento gen\u00e9tico, fisiologia da produ\u00e7\u00e3o vegetal e fitotecnia de esp\u00e9cies oler\u00edcolas e frut\u00edferas. O referente Centro de Estudos tem como finalidade principal contribuir com o desenvolvimento da Regi\u00e3o Oeste Paulista por meio de atividades de pesquisa, ensino e extens\u00e3o. Visa-se a partir de inova\u00e7\u00f5es tecnol\u00f3gicas difundir e fortalecer o cultivo de oler\u00edcolas e frut\u00edferas na regi\u00e3o, proporcionando incremento da produ\u00e7\u00e3o, aumento da renda e melhorias na qualidade de vida dos agricultores.<\/p>\n\n\n\n<figure class=\"wp-block-image size-large is-resized\"><img loading=\"lazy\" src=\"http:\/\/sites.unoeste.br\/ceofop\/wp-content\/uploads\/2020\/09\/IMG-20200828-WA0002.jpg\" alt=\"\" class=\"wp-image-74\" width=\"580\" height=\"326\" srcset=\"http:\/\/sites.unoeste.br\/ceofop\/wp-content\/uploads\/2020\/09\/IMG-20200828-WA0002.jpg 971w, http:\/\/sites.unoeste.br\/ceofop\/wp-content\/uploads\/2020\/09\/IMG-20200828-WA0002-300x170.jpg 300w, http:\/\/sites.unoeste.br\/ceofop\/wp-content\/uploads\/2020\/09\/IMG-20200828-WA0002-768x432.jpg 768w, http:\/\/sites.unoeste.br\/ceofop\/wp-content\/uploads\/2020\/09\/IMG-20200828-WA0002-107x60.jpg 107w\" sizes=\"(max-width: 580px) 100vw, 580px\" \/><figcaption>Algumas da unidades experimentais do CEOFOP.<\/figcaption><\/figure>\n","protected":false},"excerpt":{"rendered":"<p>O Centro de Estudos em Olericultura e Fruticultura do Oeste Paulista da Unoeste &#8211; CEOFOP executa atividades relacionadas a propaga\u00e7\u00e3o, melhoramento gen\u00e9tico, fisiologia da produ\u00e7\u00e3o vegetal e fitotecnia de esp\u00e9cies oler\u00edcolas e frut\u00edferas. O referente Centro de Estudos tem como finalidade principal contribuir com o &hellip; <\/p>\n","protected":false},"author":1,"featured_media":0,"parent":0,"menu_order":0,"comment_status":"closed","ping_status":"closed","template":"","meta":[],"_links":{"self":[{"href":"http:\/\/sites.unoeste.br\/ceofop\/index.php\/wp-json\/wp\/v2\/pages\/15"}],"collection":[{"href":"http:\/\/sites.unoeste.br\/ceofop\/index.php\/wp-json\/wp\/v2\/pages"}],"about":[{"href":"http:\/\/sites.unoeste.br\/ceofop\/index.php\/wp-json\/wp\/v2\/types\/page"}],"author":[{"embeddable":true,"href":"http:\/\/sites.unoeste.br\/ceofop\/index.php\/wp-json\/wp\/v2\/users\/1"}],"replies":[{"embeddable":true,"href":"http:\/\/sites.unoeste.br\/ceofop\/index.php\/wp-json\/wp\/v2\/comments?post=15"}],"version-history":[{"count":4,"href":"http:\/\/sites.unoeste.br\/ceofop\/index.php\/wp-json\/wp\/v2\/pages\/15\/revisions"}],"predecessor-version":[{"id":77,"href":"http:\/\/sites.unoeste.br\/ceofop\/index.php\/wp-json\/wp\/v2\/pages\/15\/revisions\/77"}],"wp:attachment":[{"href":"http:\/\/sites.unoeste.br\/ceofop\/index.php\/wp-json\/wp\/v2\/media?parent=15"}],"curies":[{"name":"wp","href":"https:\/\/api.w.org\/{rel}","templated":true}]}}