{"id":21,"date":"2020-09-09T12:35:52","date_gmt":"2020-09-09T12:35:52","guid":{"rendered":"http:\/\/sites.unoeste.br\/ceofop\/?page_id=21"},"modified":"2022-07-05T12:06:15","modified_gmt":"2022-07-05T12:06:15","slug":"pesquisas-em-andamento","status":"publish","type":"page","link":"http:\/\/sites.unoeste.br\/ceofop\/index.php\/pesquisas-em-andamento\/","title":{"rendered":"Pesquisas em andamento"},"content":{"rendered":"\n<p><strong><span class=\"has-inline-color has-vivid-red-color\">Mestrado<\/span><\/strong><\/p>\n\n\n\n<p><\/p>\n\n\n\n<p><span class=\"has-inline-color has-vivid-red-color\"><strong>Inicia\u00e7\u00e3o cient\u00edfica<\/strong> <strong>&#8211; Gradua\u00e7\u00e3o<\/strong><\/span><\/p>\n\n\n\n<p>1. <strong>Rea\u00e7\u00e3o de gen\u00f3tipos experimentais de batata-doce a nematoides-de-galha<\/strong>. In\u00edcio: 2022.  PEIC\/UNOESTE. Aluno respons\u00e1vel: Welligton Giovani Correia. Orientador: Prof. Dr. Edgard Henrique Costa Silva. Coorientadora: Profa. Dra. Rita de C\u00e1ssia Mazzuchelli. <\/p>\n\n\n\n<p>2.<strong> Identifica\u00e7\u00e3o de gen\u00f3tipos de batata-doce tolerantes ao d\u00e9ficit h\u00eddrico: triagem r\u00e1pida em casa de vegeta\u00e7\u00e3o.<\/strong> In\u00edcio: 2022. PROBIC\/UNOESTE. Aluna respons\u00e1vel: Vit\u00f3ria Jaquelini Signorini. Orientador: Prof. Dr. Edgard Henrique Costa Silva.<\/p>\n\n\n\n<p><span class=\"has-inline-color has-vivid-red-color\"><strong>Inicia\u00e7\u00e3o cient\u00edfica<\/strong> <strong>&#8211; Ensino M\u00e9dio<\/strong><\/span><\/p>\n\n\n\n<p><\/p>\n\n\n\n<p><strong><span class=\"has-inline-color has-vivid-red-color\">Projetos adicionais<\/span><\/strong><\/p>\n","protected":false},"excerpt":{"rendered":"<p>Mestrado Inicia\u00e7\u00e3o cient\u00edfica &#8211; Gradua\u00e7\u00e3o 1. Rea\u00e7\u00e3o de gen\u00f3tipos experimentais de batata-doce a nematoides-de-galha. In\u00edcio: 2022. PEIC\/UNOESTE. Aluno respons\u00e1vel: Welligton Giovani Correia. Orientador: Prof. Dr. Edgard Henrique Costa Silva. Coorientadora: Profa. Dra. Rita de C\u00e1ssia Mazzuchelli. 2. Identifica\u00e7\u00e3o de gen\u00f3tipos de batata-doce tolerantes ao d\u00e9ficit &hellip; <\/p>\n","protected":false},"author":1,"featured_media":0,"parent":0,"menu_order":0,"comment_status":"closed","ping_status":"closed","template":"","meta":[],"_links":{"self":[{"href":"http:\/\/sites.unoeste.br\/ceofop\/index.php\/wp-json\/wp\/v2\/pages\/21"}],"collection":[{"href":"http:\/\/sites.unoeste.br\/ceofop\/index.php\/wp-json\/wp\/v2\/pages"}],"about":[{"href":"http:\/\/sites.unoeste.br\/ceofop\/index.php\/wp-json\/wp\/v2\/types\/page"}],"author":[{"embeddable":true,"href":"http:\/\/sites.unoeste.br\/ceofop\/index.php\/wp-json\/wp\/v2\/users\/1"}],"replies":[{"embeddable":true,"href":"http:\/\/sites.unoeste.br\/ceofop\/index.php\/wp-json\/wp\/v2\/comments?post=21"}],"version-history":[{"count":11,"href":"http:\/\/sites.unoeste.br\/ceofop\/index.php\/wp-json\/wp\/v2\/pages\/21\/revisions"}],"predecessor-version":[{"id":378,"href":"http:\/\/sites.unoeste.br\/ceofop\/index.php\/wp-json\/wp\/v2\/pages\/21\/revisions\/378"}],"wp:attachment":[{"href":"http:\/\/sites.unoeste.br\/ceofop\/index.php\/wp-json\/wp\/v2\/media?parent=21"}],"curies":[{"name":"wp","href":"https:\/\/api.w.org\/{rel}","templated":true}]}}