{"id":23,"date":"2020-09-09T12:36:20","date_gmt":"2020-09-09T12:36:20","guid":{"rendered":"http:\/\/sites.unoeste.br\/ceofop\/?page_id=23"},"modified":"2020-09-14T18:45:35","modified_gmt":"2020-09-14T18:45:35","slug":"linhas-de-pesquisa","status":"publish","type":"page","link":"http:\/\/sites.unoeste.br\/ceofop\/index.php\/linhas-de-pesquisa\/","title":{"rendered":"Linhas de pesquisa"},"content":{"rendered":"\n<p><strong>Melhoramento de esp\u00e9cies oler\u00edcolas de interesse econ\u00f4mico<\/strong><\/p>\n\n\n\n<p>Objetivo:Desenvolver e selecionar cultivares e porta-enxertos de oler\u00edcolas que sejam tolerantes a estresses abi\u00f3ticos e\/ou bi\u00f3ticos; e estudar aspectos fisiol\u00f3gicos e morfol\u00f3gicos que conferem toler\u00e2ncia, de modo a diminuir a vulnerabilidade da agricultura brasileira perante as mudan\u00e7as clim\u00e1ticas, especialmente frente ao calor, salinidade e aos d\u00e9ficits h\u00eddricos.<\/p>\n\n\n\n<p>Professor respons\u00e1vel: Andr\u00e9 Ricardo Zeist<\/p>\n\n\n\n<p><\/p>\n\n\n\n<p><\/p>\n\n\n\n<p><strong>Fisiologia da produ\u00e7\u00e3o de hortali\u00e7as<\/strong><\/p>\n\n\n\n<p>Objetivo: Estudar os aspectos relacionados a fisiologia da produ\u00e7\u00e3o das hortali\u00e7as, principalmente os efeitos dos elementos e mudan\u00e7as ambientais sobre o crescimento e desenvolvimento , visando dar suporte ao manejo agron\u00f4mico e a sele\u00e7\u00e3o e desenvolvimento de cultivares mais bem adaptadas \u00e0s condi\u00e7\u00f5es edafoclim\u00e1ticas do Oeste Paulista.<\/p>\n\n\n\n<p>Professor respons\u00e1vel: Andr\u00e9 Ricardo Zeist<\/p>\n","protected":false},"excerpt":{"rendered":"<p>Melhoramento de esp\u00e9cies oler\u00edcolas de interesse econ\u00f4mico Objetivo:Desenvolver e selecionar cultivares e porta-enxertos de oler\u00edcolas que sejam tolerantes a estresses abi\u00f3ticos e\/ou bi\u00f3ticos; e estudar aspectos fisiol\u00f3gicos e morfol\u00f3gicos que conferem toler\u00e2ncia, de modo a diminuir a vulnerabilidade da agricultura brasileira perante as mudan\u00e7as clim\u00e1ticas, &hellip; <\/p>\n","protected":false},"author":1,"featured_media":0,"parent":0,"menu_order":0,"comment_status":"closed","ping_status":"closed","template":"","meta":[],"_links":{"self":[{"href":"http:\/\/sites.unoeste.br\/ceofop\/index.php\/wp-json\/wp\/v2\/pages\/23"}],"collection":[{"href":"http:\/\/sites.unoeste.br\/ceofop\/index.php\/wp-json\/wp\/v2\/pages"}],"about":[{"href":"http:\/\/sites.unoeste.br\/ceofop\/index.php\/wp-json\/wp\/v2\/types\/page"}],"author":[{"embeddable":true,"href":"http:\/\/sites.unoeste.br\/ceofop\/index.php\/wp-json\/wp\/v2\/users\/1"}],"replies":[{"embeddable":true,"href":"http:\/\/sites.unoeste.br\/ceofop\/index.php\/wp-json\/wp\/v2\/comments?post=23"}],"version-history":[{"count":6,"href":"http:\/\/sites.unoeste.br\/ceofop\/index.php\/wp-json\/wp\/v2\/pages\/23\/revisions"}],"predecessor-version":[{"id":83,"href":"http:\/\/sites.unoeste.br\/ceofop\/index.php\/wp-json\/wp\/v2\/pages\/23\/revisions\/83"}],"wp:attachment":[{"href":"http:\/\/sites.unoeste.br\/ceofop\/index.php\/wp-json\/wp\/v2\/media?parent=23"}],"curies":[{"name":"wp","href":"https:\/\/api.w.org\/{rel}","templated":true}]}}