{"id":258,"date":"2020-10-13T10:27:25","date_gmt":"2020-10-13T10:27:25","guid":{"rendered":"http:\/\/sites.unoeste.br\/ceofop\/?page_id=258"},"modified":"2020-11-03T22:52:22","modified_gmt":"2020-11-03T22:52:22","slug":"laboratorio","status":"publish","type":"page","link":"http:\/\/sites.unoeste.br\/ceofop\/index.php\/laboratorio\/","title":{"rendered":"Laborat\u00f3rio"},"content":{"rendered":"\n<p>O espa\u00e7o f\u00edsico do CEOFOP est\u00e1 localizado no Campus II da Unoeste, em Presidente Prudente-SP. Contamos com laborat\u00f3rio para recebimento e explora\u00e7\u00e3o de amostras provindas do campo, espa\u00e7o onde s\u00e3o conduzidos ensaios em condi\u00e7\u00f5es controladas, unidades de estudo, dentre outros. Adicionalmente, o Campus II da Unoeste possui diversos laborat\u00f3rios que quando necess\u00e1rio s\u00e3o explorados por integrantes do CEOFOP, contribuindo para a excel\u00eancia das atividades de ensino, pesquisa e extens\u00e3o.<\/p>\n\n\n\n<figure class=\"wp-block-image size-large\"><img loading=\"lazy\" width=\"828\" height=\"445\" src=\"http:\/\/sites.unoeste.br\/ceofop\/wp-content\/uploads\/2020\/11\/IMG-20200424-WA0050.jpg\" alt=\"\" class=\"wp-image-330\" srcset=\"http:\/\/sites.unoeste.br\/ceofop\/wp-content\/uploads\/2020\/11\/IMG-20200424-WA0050.jpg 828w, http:\/\/sites.unoeste.br\/ceofop\/wp-content\/uploads\/2020\/11\/IMG-20200424-WA0050-300x161.jpg 300w, http:\/\/sites.unoeste.br\/ceofop\/wp-content\/uploads\/2020\/11\/IMG-20200424-WA0050-768x413.jpg 768w, http:\/\/sites.unoeste.br\/ceofop\/wp-content\/uploads\/2020\/11\/IMG-20200424-WA0050-112x60.jpg 112w\" sizes=\"(max-width: 828px) 100vw, 828px\" \/><figcaption>Espa\u00e7o f\u00edsico<\/figcaption><\/figure>\n\n\n\n<figure class=\"wp-block-image size-large\"><img loading=\"lazy\" width=\"1024\" height=\"768\" src=\"http:\/\/sites.unoeste.br\/ceofop\/wp-content\/uploads\/2020\/11\/20200720_065207-1024x768.jpg\" alt=\"\" class=\"wp-image-321\" srcset=\"http:\/\/sites.unoeste.br\/ceofop\/wp-content\/uploads\/2020\/11\/20200720_065207-1024x768.jpg 1024w, http:\/\/sites.unoeste.br\/ceofop\/wp-content\/uploads\/2020\/11\/20200720_065207-300x225.jpg 300w, http:\/\/sites.unoeste.br\/ceofop\/wp-content\/uploads\/2020\/11\/20200720_065207-768x576.jpg 768w, http:\/\/sites.unoeste.br\/ceofop\/wp-content\/uploads\/2020\/11\/20200720_065207-1536x1152.jpg 1536w, http:\/\/sites.unoeste.br\/ceofop\/wp-content\/uploads\/2020\/11\/20200720_065207-2048x1536.jpg 2048w, http:\/\/sites.unoeste.br\/ceofop\/wp-content\/uploads\/2020\/11\/20200720_065207-80x60.jpg 80w\" sizes=\"(max-width: 1024px) 100vw, 1024px\" \/><figcaption>Unidades de estudos que s\u00e3o utilizadas pelos integrantes do CEOFOP.<\/figcaption><\/figure>\n\n\n\n<figure class=\"wp-block-image size-large\"><img loading=\"lazy\" width=\"1024\" height=\"768\" src=\"http:\/\/sites.unoeste.br\/ceofop\/wp-content\/uploads\/2020\/11\/20200720_115045-1024x768.jpg\" alt=\"\" class=\"wp-image-322\" srcset=\"http:\/\/sites.unoeste.br\/ceofop\/wp-content\/uploads\/2020\/11\/20200720_115045-1024x768.jpg 1024w, http:\/\/sites.unoeste.br\/ceofop\/wp-content\/uploads\/2020\/11\/20200720_115045-300x225.jpg 300w, http:\/\/sites.unoeste.br\/ceofop\/wp-content\/uploads\/2020\/11\/20200720_115045-768x576.jpg 768w, http:\/\/sites.unoeste.br\/ceofop\/wp-content\/uploads\/2020\/11\/20200720_115045-1536x1152.jpg 1536w, http:\/\/sites.unoeste.br\/ceofop\/wp-content\/uploads\/2020\/11\/20200720_115045-2048x1536.jpg 2048w, http:\/\/sites.unoeste.br\/ceofop\/wp-content\/uploads\/2020\/11\/20200720_115045-80x60.jpg 80w\" sizes=\"(max-width: 1024px) 100vw, 1024px\" \/><figcaption>Estrutura laboratorial<\/figcaption><\/figure>\n\n\n\n<figure class=\"wp-block-image size-large\"><img loading=\"lazy\" width=\"768\" height=\"1024\" src=\"http:\/\/sites.unoeste.br\/ceofop\/wp-content\/uploads\/2020\/11\/20200720_115124-768x1024.jpg\" alt=\"\" class=\"wp-image-323\" srcset=\"http:\/\/sites.unoeste.br\/ceofop\/wp-content\/uploads\/2020\/11\/20200720_115124-768x1024.jpg 768w, http:\/\/sites.unoeste.br\/ceofop\/wp-content\/uploads\/2020\/11\/20200720_115124-225x300.jpg 225w, http:\/\/sites.unoeste.br\/ceofop\/wp-content\/uploads\/2020\/11\/20200720_115124-1152x1536.jpg 1152w, http:\/\/sites.unoeste.br\/ceofop\/wp-content\/uploads\/2020\/11\/20200720_115124-1536x2048.jpg 1536w, http:\/\/sites.unoeste.br\/ceofop\/wp-content\/uploads\/2020\/11\/20200720_115124-45x60.jpg 45w, http:\/\/sites.unoeste.br\/ceofop\/wp-content\/uploads\/2020\/11\/20200720_115124-scaled.jpg 1920w\" sizes=\"(max-width: 768px) 100vw, 768px\" \/><figcaption>Estrutura laboratorial<\/figcaption><\/figure>\n\n\n\n<figure class=\"wp-block-image size-large\"><img loading=\"lazy\" width=\"1024\" height=\"768\" src=\"http:\/\/sites.unoeste.br\/ceofop\/wp-content\/uploads\/2020\/11\/20200720_115134-1024x768.jpg\" alt=\"\" class=\"wp-image-324\" srcset=\"http:\/\/sites.unoeste.br\/ceofop\/wp-content\/uploads\/2020\/11\/20200720_115134-1024x768.jpg 1024w, http:\/\/sites.unoeste.br\/ceofop\/wp-content\/uploads\/2020\/11\/20200720_115134-300x225.jpg 300w, http:\/\/sites.unoeste.br\/ceofop\/wp-content\/uploads\/2020\/11\/20200720_115134-768x576.jpg 768w, http:\/\/sites.unoeste.br\/ceofop\/wp-content\/uploads\/2020\/11\/20200720_115134-1536x1152.jpg 1536w, http:\/\/sites.unoeste.br\/ceofop\/wp-content\/uploads\/2020\/11\/20200720_115134-2048x1536.jpg 2048w, http:\/\/sites.unoeste.br\/ceofop\/wp-content\/uploads\/2020\/11\/20200720_115134-80x60.jpg 80w\" sizes=\"(max-width: 1024px) 100vw, 1024px\" \/><figcaption>Estrutura laboratorial<\/figcaption><\/figure>\n\n\n\n<figure class=\"wp-block-image size-large\"><img loading=\"lazy\" width=\"1024\" height=\"768\" src=\"http:\/\/sites.unoeste.br\/ceofop\/wp-content\/uploads\/2020\/11\/20200720_115334-1024x768.jpg\" alt=\"\" class=\"wp-image-325\" srcset=\"http:\/\/sites.unoeste.br\/ceofop\/wp-content\/uploads\/2020\/11\/20200720_115334-1024x768.jpg 1024w, http:\/\/sites.unoeste.br\/ceofop\/wp-content\/uploads\/2020\/11\/20200720_115334-300x225.jpg 300w, http:\/\/sites.unoeste.br\/ceofop\/wp-content\/uploads\/2020\/11\/20200720_115334-768x576.jpg 768w, http:\/\/sites.unoeste.br\/ceofop\/wp-content\/uploads\/2020\/11\/20200720_115334-1536x1152.jpg 1536w, http:\/\/sites.unoeste.br\/ceofop\/wp-content\/uploads\/2020\/11\/20200720_115334-2048x1536.jpg 2048w, http:\/\/sites.unoeste.br\/ceofop\/wp-content\/uploads\/2020\/11\/20200720_115334-80x60.jpg 80w\" sizes=\"(max-width: 1024px) 100vw, 1024px\" \/><figcaption>Estrutura laboratorial<\/figcaption><\/figure>\n\n\n\n<figure class=\"wp-block-image size-large\"><img loading=\"lazy\" width=\"768\" height=\"1024\" src=\"http:\/\/sites.unoeste.br\/ceofop\/wp-content\/uploads\/2020\/11\/20200720_115256-768x1024.jpg\" alt=\"\" class=\"wp-image-326\" srcset=\"http:\/\/sites.unoeste.br\/ceofop\/wp-content\/uploads\/2020\/11\/20200720_115256-768x1024.jpg 768w, http:\/\/sites.unoeste.br\/ceofop\/wp-content\/uploads\/2020\/11\/20200720_115256-225x300.jpg 225w, http:\/\/sites.unoeste.br\/ceofop\/wp-content\/uploads\/2020\/11\/20200720_115256-1152x1536.jpg 1152w, http:\/\/sites.unoeste.br\/ceofop\/wp-content\/uploads\/2020\/11\/20200720_115256-1536x2048.jpg 1536w, http:\/\/sites.unoeste.br\/ceofop\/wp-content\/uploads\/2020\/11\/20200720_115256-45x60.jpg 45w, http:\/\/sites.unoeste.br\/ceofop\/wp-content\/uploads\/2020\/11\/20200720_115256-scaled.jpg 1920w\" sizes=\"(max-width: 768px) 100vw, 768px\" \/><figcaption>Ambiente de estudo<\/figcaption><\/figure>\n\n\n\n<figure class=\"wp-block-image size-large\"><img loading=\"lazy\" width=\"1024\" height=\"855\" src=\"http:\/\/sites.unoeste.br\/ceofop\/wp-content\/uploads\/2020\/11\/20200720_115301-1-1024x855.jpg\" alt=\"\" class=\"wp-image-328\" srcset=\"http:\/\/sites.unoeste.br\/ceofop\/wp-content\/uploads\/2020\/11\/20200720_115301-1-1024x855.jpg 1024w, http:\/\/sites.unoeste.br\/ceofop\/wp-content\/uploads\/2020\/11\/20200720_115301-1-300x250.jpg 300w, http:\/\/sites.unoeste.br\/ceofop\/wp-content\/uploads\/2020\/11\/20200720_115301-1-768x641.jpg 768w, http:\/\/sites.unoeste.br\/ceofop\/wp-content\/uploads\/2020\/11\/20200720_115301-1-1536x1282.jpg 1536w, http:\/\/sites.unoeste.br\/ceofop\/wp-content\/uploads\/2020\/11\/20200720_115301-1-2048x1709.jpg 2048w, http:\/\/sites.unoeste.br\/ceofop\/wp-content\/uploads\/2020\/11\/20200720_115301-1-72x60.jpg 72w\" sizes=\"(max-width: 1024px) 100vw, 1024px\" \/><figcaption>Ambiente de estudo<\/figcaption><\/figure>\n","protected":false},"excerpt":{"rendered":"<p>O espa\u00e7o f\u00edsico do CEOFOP est\u00e1 localizado no Campus II da Unoeste, em Presidente Prudente-SP. Contamos com laborat\u00f3rio para recebimento e explora\u00e7\u00e3o de amostras provindas do campo, espa\u00e7o onde s\u00e3o conduzidos ensaios em condi\u00e7\u00f5es controladas, unidades de estudo, dentre outros. Adicionalmente, o Campus II da &hellip; <\/p>\n","protected":false},"author":1,"featured_media":0,"parent":0,"menu_order":0,"comment_status":"closed","ping_status":"closed","template":"","meta":[],"_links":{"self":[{"href":"http:\/\/sites.unoeste.br\/ceofop\/index.php\/wp-json\/wp\/v2\/pages\/258"}],"collection":[{"href":"http:\/\/sites.unoeste.br\/ceofop\/index.php\/wp-json\/wp\/v2\/pages"}],"about":[{"href":"http:\/\/sites.unoeste.br\/ceofop\/index.php\/wp-json\/wp\/v2\/types\/page"}],"author":[{"embeddable":true,"href":"http:\/\/sites.unoeste.br\/ceofop\/index.php\/wp-json\/wp\/v2\/users\/1"}],"replies":[{"embeddable":true,"href":"http:\/\/sites.unoeste.br\/ceofop\/index.php\/wp-json\/wp\/v2\/comments?post=258"}],"version-history":[{"count":5,"href":"http:\/\/sites.unoeste.br\/ceofop\/index.php\/wp-json\/wp\/v2\/pages\/258\/revisions"}],"predecessor-version":[{"id":332,"href":"http:\/\/sites.unoeste.br\/ceofop\/index.php\/wp-json\/wp\/v2\/pages\/258\/revisions\/332"}],"wp:attachment":[{"href":"http:\/\/sites.unoeste.br\/ceofop\/index.php\/wp-json\/wp\/v2\/media?parent=258"}],"curies":[{"name":"wp","href":"https:\/\/api.w.org\/{rel}","templated":true}]}}