{"id":14,"date":"2021-05-20T18:36:31","date_gmt":"2021-05-20T18:36:31","guid":{"rendered":"http:\/\/sites.unoeste.br\/boletimppga\/?page_id=14"},"modified":"2026-04-23T11:57:16","modified_gmt":"2026-04-23T11:57:16","slug":"anteriores","status":"publish","type":"page","link":"https:\/\/sites.unoeste.br\/boletimppga\/index.php\/anteriores\/","title":{"rendered":"Anteriores"},"content":{"rendered":"\n<h2>Volume 07 &#8211; 2025<\/h2>\n\n\n\n<div class=\"wp-block-file\"><a href=\"https:\/\/sites.unoeste.br\/boletimppga\/wp-content\/uploads\/2026\/04\/BoletimPPGA_2025-Vol7.pdf\">BoletimPPGA_2025-Vol7<\/a><a href=\"https:\/\/sites.unoeste.br\/boletimppga\/wp-content\/uploads\/2026\/04\/BoletimPPGA_2025-Vol7.pdf\" class=\"wp-block-file__button\" download>Baixar<\/a><\/div>\n\n\n\n<p><a href=\"https:\/\/sites.unoeste.br\/boletimppga\/index.php\/2025\/12\/10\/volume-07-2025\/\">Clique Aqui!<\/a><\/p>\n\n\n\n<h2>Volume 06 &#8211; 2024<\/h2>\n\n\n\n<div class=\"wp-block-file\"><a href=\"https:\/\/sites.unoeste.br\/boletimppga\/wp-content\/uploads\/2025\/12\/BoletimPPGA_2024-Vol6.pdf\">BoletimPPGA_2024-Vol6<\/a><a href=\"https:\/\/sites.unoeste.br\/boletimppga\/wp-content\/uploads\/2025\/12\/BoletimPPGA_2024-Vol6.pdf\" class=\"wp-block-file__button\" download>Baixar<\/a><\/div>\n\n\n\n<p><a href=\"https:\/\/sites.unoeste.br\/boletimppga\/index.php\/2024\/10\/29\/volume-06-2024\/\">Clique Aqui!<\/a><\/p>\n\n\n\n<h2>Volume 05 &#8211; 2024 &#8211; Edi\u00e7\u00e3o Especial &#8211; Simp\u00f3sio do Amendoim<\/h2>\n\n\n\n<div class=\"wp-block-file\"><a href=\"https:\/\/sites.unoeste.br\/boletimppga\/wp-content\/uploads\/2024\/10\/BoletimPPGA_2023-Vol-5.pdf\">BoletimPPGA_2023-Vol-5<\/a><a href=\"https:\/\/sites.unoeste.br\/boletimppga\/wp-content\/uploads\/2024\/10\/BoletimPPGA_2023-Vol-5.pdf\" class=\"wp-block-file__button\" download>Baixar<\/a><\/div>\n\n\n\n<p><a href=\"https:\/\/sites.unoeste.br\/boletimppga\/index.php\/2024\/03\/27\/volume-05-2023-edicao-especial\/\">Clique Aqui!<\/a><\/p>\n\n\n\n<p><strong>Volume 04 &#8211; 2023<\/strong><\/p>\n\n\n\n<div class=\"wp-block-file\"><a href=\"https:\/\/sites.unoeste.br\/boletimppga\/wp-content\/uploads\/2024\/03\/BoletimPPGA_2023-Vol-4.pdf\">BoletimPPGA_2023-Vol-4<\/a><a href=\"https:\/\/sites.unoeste.br\/boletimppga\/wp-content\/uploads\/2024\/03\/BoletimPPGA_2023-Vol-4.pdf\" class=\"wp-block-file__button\" download>Baixar<\/a><\/div>\n\n\n\n<p><strong><a href=\"https:\/\/sites.unoeste.br\/boletimppga\/index.php\/2023\/10\/19\/volume-04-2023\/\">Clique Aqui!<\/a><\/strong><\/p>\n\n\n\n<h2><strong>Volume 03 &#8211; 2022<\/strong><\/h2>\n\n\n\n<div class=\"wp-block-file\"><a href=\"https:\/\/sites.unoeste.br\/boletimppga\/wp-content\/uploads\/2023\/10\/BoletimPPGA_2022-Vol-3.pdf\">BoletimPPGA_2022-Vol-3<\/a><a href=\"https:\/\/sites.unoeste.br\/boletimppga\/wp-content\/uploads\/2023\/10\/BoletimPPGA_2022-Vol-3.pdf\" class=\"wp-block-file__button\" download>Baixar<\/a><\/div>\n\n\n\n<p><a href=\"https:\/\/sites.unoeste.br\/boletimppga\/index.php\/2022\/08\/30\/volume-03-2022\/\">Clique Aqui!<\/a><\/p>\n\n\n\n<h2><strong>Volume 02 &#8211; 2021<\/strong><\/h2>\n\n\n\n<div class=\"wp-block-file\"><a href=\"http:\/\/sites.unoeste.br\/boletimppga\/wp-content\/uploads\/2022\/09\/BoletimPPGA_2021-Vol-2.pdf\">BoletimPPGA_2021-Vol-2<\/a><a href=\"http:\/\/sites.unoeste.br\/boletimppga\/wp-content\/uploads\/2022\/09\/BoletimPPGA_2021-Vol-2.pdf\" class=\"wp-block-file__button\" download>Baixar<\/a><\/div>\n\n\n\n<p><a href=\"http:\/\/sites.unoeste.br\/boletimppga\/index.php\/2021\/09\/29\/vol-022021\/\">Clique Aqui!<\/a><\/p>\n\n\n\n<h2><strong>Volume 01 &#8211; 2020<\/strong><\/h2>\n\n\n\n<div class=\"wp-block-file\"><a href=\"http:\/\/sites.unoeste.br\/boletimppga\/wp-content\/uploads\/2021\/06\/BoletimPPGAV12020-2.pdf\">BoletimPPGAV12020-2<\/a><a href=\"http:\/\/sites.unoeste.br\/boletimppga\/wp-content\/uploads\/2021\/06\/BoletimPPGAV12020-2.pdf\" class=\"wp-block-file__button\" download>Baixar<\/a><\/div>\n\n\n\n<p><a href=\"http:\/\/sites.unoeste.br\/boletimppga\/index.php\/2021\/05\/21\/vol-012020\/\">Clique Aqui!<\/a><\/p>\n","protected":false},"excerpt":{"rendered":"<p>Volume 07 &#8211; 2025 Clique Aqui! Volume 06 &#8211; 2024 Clique Aqui! Volume 05 &#8211; 2024 &#8211; Edi\u00e7\u00e3o Especial &#8211; Simp\u00f3sio do Amendoim Clique Aqui! Volume 04 &#8211; 2023 Clique Aqui! Volume 03 &#8211; 2022 Clique Aqui! Volume 02 &#8211; 2021 Clique Aqui! Volume 01 &#8211; 2020 Clique Aqui!<\/p>\n","protected":false},"author":1,"featured_media":0,"parent":0,"menu_order":0,"comment_status":"closed","ping_status":"closed","template":"","meta":[],"yoast_head":"<!-- This site is optimized with the Yoast SEO plugin v16.3 - https:\/\/yoast.com\/wordpress\/plugins\/seo\/ -->\n<title>Anteriores - ISSN 2763-7522<\/title>\n<meta name=\"robots\" content=\"index, follow, max-snippet:-1, max-image-preview:large, max-video-preview:-1\" \/>\n<link rel=\"canonical\" href=\"https:\/\/sites.unoeste.br\/boletimppga\/index.php\/anteriores\/\" \/>\n<meta property=\"og:locale\" content=\"pt_BR\" \/>\n<meta property=\"og:type\" content=\"article\" \/>\n<meta property=\"og:title\" content=\"Anteriores - ISSN 2763-7522\" \/>\n<meta property=\"og:description\" content=\"Volume 07 &#8211; 2025 Clique Aqui! Volume 06 &#8211; 2024 Clique Aqui! Volume 05 &#8211; 2024 &#8211; Edi\u00e7\u00e3o Especial &#8211; Simp\u00f3sio do Amendoim Clique Aqui! Volume 04 &#8211; 2023 Clique Aqui! Volume 03 &#8211; 2022 Clique Aqui! Volume 02 &#8211; 2021 Clique Aqui! Volume 01 &#8211; 2020 Clique Aqui!\" \/>\n<meta property=\"og:url\" content=\"https:\/\/sites.unoeste.br\/boletimppga\/index.php\/anteriores\/\" \/>\n<meta property=\"og:site_name\" content=\"ISSN 2763-7522\" \/>\n<meta property=\"article:modified_time\" content=\"2026-04-23T11:57:16+00:00\" \/>\n<meta name=\"twitter:card\" content=\"summary_large_image\" \/>\n<meta name=\"twitter:label1\" content=\"Est. tempo de leitura\">\n\t<meta name=\"twitter:data1\" content=\"1 minuto\">\n<script type=\"application\/ld+json\" class=\"yoast-schema-graph\">{\"@context\":\"https:\/\/schema.org\",\"@graph\":[{\"@type\":\"WebSite\",\"@id\":\"https:\/\/sites.unoeste.br\/boletimppga\/#website\",\"url\":\"https:\/\/sites.unoeste.br\/boletimppga\/\",\"name\":\"ISSN 2763-7522\",\"description\":\"Boletim de Pesquisa do Programa de P\\u00f3s-Gradua\\u00e7\\u00e3o em Agronomia - Unoeste\",\"potentialAction\":[{\"@type\":\"SearchAction\",\"target\":\"https:\/\/sites.unoeste.br\/boletimppga\/?s={search_term_string}\",\"query-input\":\"required name=search_term_string\"}],\"inLanguage\":\"pt-BR\"},{\"@type\":\"WebPage\",\"@id\":\"https:\/\/sites.unoeste.br\/boletimppga\/index.php\/anteriores\/#webpage\",\"url\":\"https:\/\/sites.unoeste.br\/boletimppga\/index.php\/anteriores\/\",\"name\":\"Anteriores - ISSN 2763-7522\",\"isPartOf\":{\"@id\":\"https:\/\/sites.unoeste.br\/boletimppga\/#website\"},\"datePublished\":\"2021-05-20T18:36:31+00:00\",\"dateModified\":\"2026-04-23T11:57:16+00:00\",\"breadcrumb\":{\"@id\":\"https:\/\/sites.unoeste.br\/boletimppga\/index.php\/anteriores\/#breadcrumb\"},\"inLanguage\":\"pt-BR\",\"potentialAction\":[{\"@type\":\"ReadAction\",\"target\":[\"https:\/\/sites.unoeste.br\/boletimppga\/index.php\/anteriores\/\"]}]},{\"@type\":\"BreadcrumbList\",\"@id\":\"https:\/\/sites.unoeste.br\/boletimppga\/index.php\/anteriores\/#breadcrumb\",\"itemListElement\":[{\"@type\":\"ListItem\",\"position\":1,\"item\":{\"@type\":\"WebPage\",\"@id\":\"https:\/\/sites.unoeste.br\/boletimppga\/\",\"url\":\"https:\/\/sites.unoeste.br\/boletimppga\/\",\"name\":\"In\\u00edcio\"}},{\"@type\":\"ListItem\",\"position\":2,\"item\":{\"@id\":\"https:\/\/sites.unoeste.br\/boletimppga\/index.php\/anteriores\/#webpage\"}}]}]}<\/script>\n<!-- \/ Yoast SEO plugin. -->","_links":{"self":[{"href":"https:\/\/sites.unoeste.br\/boletimppga\/index.php\/wp-json\/wp\/v2\/pages\/14"}],"collection":[{"href":"https:\/\/sites.unoeste.br\/boletimppga\/index.php\/wp-json\/wp\/v2\/pages"}],"about":[{"href":"https:\/\/sites.unoeste.br\/boletimppga\/index.php\/wp-json\/wp\/v2\/types\/page"}],"author":[{"embeddable":true,"href":"https:\/\/sites.unoeste.br\/boletimppga\/index.php\/wp-json\/wp\/v2\/users\/1"}],"replies":[{"embeddable":true,"href":"https:\/\/sites.unoeste.br\/boletimppga\/index.php\/wp-json\/wp\/v2\/comments?post=14"}],"version-history":[{"count":22,"href":"https:\/\/sites.unoeste.br\/boletimppga\/index.php\/wp-json\/wp\/v2\/pages\/14\/revisions"}],"predecessor-version":[{"id":634,"href":"https:\/\/sites.unoeste.br\/boletimppga\/index.php\/wp-json\/wp\/v2\/pages\/14\/revisions\/634"}],"wp:attachment":[{"href":"https:\/\/sites.unoeste.br\/boletimppga\/index.php\/wp-json\/wp\/v2\/media?parent=14"}],"curies":[{"name":"wp","href":"https:\/\/api.w.org\/{rel}","templated":true}]}}