{"id":26,"date":"2015-05-12T12:23:38","date_gmt":"2015-05-12T12:23:38","guid":{"rendered":"http:\/\/sites.unoeste.br\/grupopesquisa\/?page_id=26"},"modified":"2022-07-20T14:41:15","modified_gmt":"2022-07-20T17:41:15","slug":"sobre","status":"publish","type":"page","link":"https:\/\/sites.unoeste.br\/contepea\/","title":{"rendered":"Sobre o Grupo"},"content":{"rendered":"<p style=\"text-align: justify;\">O grupo de pesquisa &#8220;Contexto escolar e processo de ensino aprendizagem: a\u00e7\u00f5es e intera\u00e7\u00f5es&#8221; tem por objetivo integrar estudos que envolvam, fundamentalmente, tem\u00e1ticas relacionadas \u00e0 educa\u00e7\u00e3o escolar e seus desdobramentos, a saber: projeto pol\u00edtico pedag\u00f3gico, processos de ensino e aprendizagem, interdisciplinaridade, forma\u00e7\u00e3o docente (inicial e continuada), pr\u00e1ticas pedag\u00f3gicas, rela\u00e7\u00e3o professor\/aluno, dentre outros. Os projetos de pesquisa estar\u00e3o abrangendo concep\u00e7\u00f5es te\u00f3rico-metodol\u00f3gicas e pr\u00e1ticas educativas inter-relacionadas com a realidade social em diferentes espa\u00e7os e n\u00edveis de escolaridade.<\/p>\n<p>&nbsp;<\/p>\n<p><b>Situa\u00e7\u00e3o do grupo:<\/b> Certificado\u00a0<strong><span style=\"color: #000080;\"><a style=\"color: #000080;\" href=\"http:\/\/dgp.cnpq.br\/dgp\/espelhogrupo\/0599367542949266\" target=\"_blank\">(dgp)<\/a><\/span><\/strong><\/p>\n<p><b>L\u00edder de 06\/2020 &#8211; atual:<\/b> Carmen L\u00facia Dias e\u00a0Monica F\u00fcrkotter<br \/>\n<strong>L\u00edder de 01\/2000 &#8211; 06\/2020:<\/strong> Raimunda de Abou Gebran<br \/>\n<strong>Vice-l\u00edder de 05\/2013 &#8211; 06\/2020:\u00a0<\/strong>Carmen L\u00facia Dias<br \/>\n<b>\u00c1rea predominante:<\/b> Ci\u00eancias Humanas; Educa\u00e7\u00e3o<br \/>\n<b>Institui\u00e7\u00e3o do grupo:<\/b> Universidade do Oeste Paulista, Unoeste<br \/>\n<b>Unidade:<\/b> Pr\u00f3-Reitoria de Pesquisa e P\u00f3s-Gradua\u00e7\u00e3o,\u00a0<em>campus\u00a0<\/em>de Presidente Prudente<\/p>\n<p><strong>Webmaster e secret\u00e1ria de 06\/2020 &#8211; atual:\u00a0<\/strong>Giovana Brito Bertolini Firmino<br \/>\n<strong>Webmaster de 02\/2016 &#8211; 05\/2020:<\/strong> Gisele Ara\u00fajo<br \/>\n<strong>Secret\u00e1ria de 02\/2016 &#8211; 12\/2019:<\/strong> Natalie Perez Mendes<\/p>\n<p>&nbsp;<\/p>\n","protected":false},"excerpt":{"rendered":"<p>O grupo de pesquisa &#8220;Contexto escolar e processo de ensino aprendizagem: a\u00e7\u00f5es e intera\u00e7\u00f5es&#8221; tem por objetivo integrar estudos que envolvam, fundamentalmente, tem\u00e1ticas relacionadas \u00e0 educa\u00e7\u00e3o escolar e seus desdobramentos, a saber: projeto pol\u00edtico pedag\u00f3gico, processos de ensino e aprendizagem, interdisciplinaridade, forma\u00e7\u00e3o docente (inicial e continuada), pr\u00e1ticas pedag\u00f3gicas, rela\u00e7\u00e3o professor\/aluno, dentre outros. Os projetos de [&hellip;]<\/p>\n","protected":false},"author":1,"featured_media":375,"parent":0,"menu_order":0,"comment_status":"closed","ping_status":"closed","template":"","meta":{"footnotes":""},"_links":{"self":[{"href":"https:\/\/sites.unoeste.br\/contepea\/wp-json\/wp\/v2\/pages\/26"}],"collection":[{"href":"https:\/\/sites.unoeste.br\/contepea\/wp-json\/wp\/v2\/pages"}],"about":[{"href":"https:\/\/sites.unoeste.br\/contepea\/wp-json\/wp\/v2\/types\/page"}],"author":[{"embeddable":true,"href":"https:\/\/sites.unoeste.br\/contepea\/wp-json\/wp\/v2\/users\/1"}],"replies":[{"embeddable":true,"href":"https:\/\/sites.unoeste.br\/contepea\/wp-json\/wp\/v2\/comments?post=26"}],"version-history":[{"count":28,"href":"https:\/\/sites.unoeste.br\/contepea\/wp-json\/wp\/v2\/pages\/26\/revisions"}],"predecessor-version":[{"id":6778,"href":"https:\/\/sites.unoeste.br\/contepea\/wp-json\/wp\/v2\/pages\/26\/revisions\/6778"}],"wp:featuredmedia":[{"embeddable":true,"href":"https:\/\/sites.unoeste.br\/contepea\/wp-json\/wp\/v2\/media\/375"}],"wp:attachment":[{"href":"https:\/\/sites.unoeste.br\/contepea\/wp-json\/wp\/v2\/media?parent=26"}],"curies":[{"name":"wp","href":"https:\/\/api.w.org\/{rel}","templated":true}]}}