{"id":451,"date":"2016-11-29T16:51:56","date_gmt":"2016-11-29T19:51:56","guid":{"rendered":"http:\/\/sites.unoeste.br\/contepea\/?page_id=451"},"modified":"2020-06-18T13:26:45","modified_gmt":"2020-06-18T16:26:45","slug":"dra-maria-helena-pereira-mirante","status":"publish","type":"page","link":"https:\/\/sites.unoeste.br\/contepea\/dra-maria-helena-pereira-mirante\/","title":{"rendered":"Profa. Dra. Maria Helena Pereira Mirante"},"content":{"rendered":"<h4>Curr\u00edculo Resumido<\/h4>\n<p style=\"text-align: justify;\"><a href=\"https:\/\/sites.unoeste.br\/contepea\/wp-content\/uploads\/2016\/11\/Maria-Helena.png\"><img loading=\"lazy\" decoding=\"async\" class=\"  wp-image-6628 alignleft\" src=\"https:\/\/sites.unoeste.br\/contepea\/wp-content\/uploads\/2016\/11\/Maria-Helena-300x300.png\" alt=\"Maria Helena\" width=\"150\" height=\"150\" srcset=\"https:\/\/sites.unoeste.br\/contepea\/wp-content\/uploads\/2016\/11\/Maria-Helena-300x300.png 300w, https:\/\/sites.unoeste.br\/contepea\/wp-content\/uploads\/2016\/11\/Maria-Helena-150x150.png 150w, https:\/\/sites.unoeste.br\/contepea\/wp-content\/uploads\/2016\/11\/Maria-Helena-60x60.png 60w, https:\/\/sites.unoeste.br\/contepea\/wp-content\/uploads\/2016\/11\/Maria-Helena.png 450w\" sizes=\"(max-width: 150px) 100vw, 150px\" \/><\/a>Graduada em Geografia, Bacharel em Geografia pela Universidade Estadual Paulista J\u00falio de Mesquita Filho (1989), Mestrado em Geografia pela Universidade Estadual Paulista J\u00falio de Mesquita Filho (1996) e Doutora em Geografia pela Universidade Estadual Paulista J\u00falio de Mesquita Filho (2002) de Presidente Prudente. Atualmente \u00e9 professora da Universidade do Oeste Paulista, coordenadora do curso de Geografia (de 2002 a fev.2013). Leciona nos cursos de Geografia, Hist\u00f3ria, Turismo, Direito, Ci\u00eancias Biol\u00f3gicas (Lic. e Bach.) e Engenharia Ambiental e Sanit\u00e1ria, Arquitetura. Docente e orientadora do Curso de P\u00f3s &#8211; Gradua\u00e7\u00e3o (Esp.) Gest\u00e3o Ambiental e Esp. em Sustentabilidade do Ambiente Constru\u00eddo e P\u00f3s em Infraestrutura Rodovi\u00e1ria e Engenharia Urbana. Tem experi\u00eancia na \u00e1rea de Educa\u00e7\u00e3o (Ensino Fundamental e M\u00e9dio &#8211; 13 anos) e Ensino Superior (14 anos). Disciplinas ministradas: Direito Ambiental; Legisla\u00e7\u00e3o e Educa\u00e7\u00e3o Ambiental; Metodologia de Ensino de Geografia I e II; Metodologia da Pesquisa Jur\u00eddica I e II; Introdu\u00e7\u00e3o a Engenharia Ambiental; Avalia\u00e7\u00e3o Impacto Ambiental; Legisla\u00e7\u00e3o Ambiental Urbana; Geografia do Turismo; MTP; MTPH; Metodologia da Pesquisa Cient\u00edfica; Metodologia de Pesquisa Cient\u00edfica e Tecnol\u00f3gica; Trabalho de Conclus\u00e3o (TG ou TC); Projetos Experimentais; Patrim\u00f4nio Natural; Ecoturismo; Educa\u00e7\u00e3o Ambiental; Sociedade e Meio Ambiente; Impactos Ambientais por Constru\u00e7\u00e3o de Rodovias. Linhas de Pesquisa: Forma\u00e7\u00e3o e Pr\u00e1tica Pedag\u00f3gica do Profissional Docente; Turismo e Meio Ambiente; Contamina\u00e7\u00e3o \u00c1guas Superficiais e Res\u00edduos S\u00f3lidos; Educa\u00e7\u00e3o Ambiental. Coordenadora, autora e docente\/Tutora dos Cursos EAD (aperfei\u00e7oamento) &#8211; Avalia\u00e7\u00e3o de Impacto Ambiental: Instrumento da Pol\u00edtica Ambiental na Prote\u00e7\u00e3o do Meio Ambiente\/UNOESTE; Caminhos e (Des) Caminhos da Pr\u00e1tica Docente e Perita Judicial Ambiental e Assistente T\u00e9cnica. (AT). Participa\u00e7\u00e3o como autora (org.) E-Book Gest\u00e3o de Recursos H\u00eddricos pela Editora ANAP\/ UNESP DE TUP\u00c3-SP.(2016); Participa\u00e7\u00e3o como autora (org.) E-Book Geotecnologias Aplicadas \u00e0s Quest\u00f5es Ambientais v.1 e 2 pela Editora ANAP\/ UNESP DE TUP\u00c3-SP. (2017) Coordenadora do Curso de Geografia e Diretora da Faculdade de Artes, Ci\u00eancias, Letras e Educa\u00e7\u00e3o de Presidente Prudente (SP).<\/p>\n<hr \/>\n<h4>Networking da pesquisadora<\/h4>\n<p><a href=\"http:\/\/lattes.cnpq.br\/1213550363248247\" target=\"_blank\"><img loading=\"lazy\" decoding=\"async\" class=\"alignnone  wp-image-6590\" src=\"https:\/\/sites.unoeste.br\/contepea\/wp-content\/uploads\/2016\/11\/lattes-249x300.gif\" alt=\"lattes\" width=\"30\" height=\"36\" \/><\/a><\/p>\n<hr \/>\n<h4>Publica\u00e7\u00f5es mais recentes<\/h4>\n<p><strong>Livros publicados\/organizados ou edi\u00e7\u00f5es:<\/strong><\/p>\n<p>BOIN, M Norberto (Org.); PEREIRA, Maria Helena (Org.); MARTINS, P. C. S. (Org.). <strong>Geotecnologias Aplicadas \u00e0s Quest\u00f5es Ambientais.<\/strong> v. 1 e v. 2. 1. ed. TUP\u00c3: ANAP, 2017. v. 2. 118p.<\/p>\n<p>AMERICO-PINHEIRO, J. H. P. (Org.); PEREIRA, Maria Helena (Org.); BENINI, S. M. (Org.). <strong>Gest\u00e3o e Qualidade dos Recursos H\u00eddricos:<\/strong> Conceitos e Experi\u00eancias em Bacias Hidrogr\u00e1ficas. 1. ed., 2016.<\/p>\n<hr \/>\n<p style=\"text-align: justify;\">\n","protected":false},"excerpt":{"rendered":"<p>Curr\u00edculo Resumido Graduada em Geografia, Bacharel em Geografia pela Universidade Estadual Paulista J\u00falio de Mesquita Filho (1989), Mestrado em Geografia pela Universidade Estadual Paulista J\u00falio de Mesquita Filho (1996) e Doutora em Geografia pela Universidade Estadual Paulista J\u00falio de Mesquita Filho (2002) de Presidente Prudente. Atualmente \u00e9 professora da Universidade do Oeste Paulista, coordenadora do [&hellip;]<\/p>\n","protected":false},"author":1,"featured_media":0,"parent":0,"menu_order":0,"comment_status":"closed","ping_status":"closed","template":"","meta":{"footnotes":""},"_links":{"self":[{"href":"https:\/\/sites.unoeste.br\/contepea\/wp-json\/wp\/v2\/pages\/451"}],"collection":[{"href":"https:\/\/sites.unoeste.br\/contepea\/wp-json\/wp\/v2\/pages"}],"about":[{"href":"https:\/\/sites.unoeste.br\/contepea\/wp-json\/wp\/v2\/types\/page"}],"author":[{"embeddable":true,"href":"https:\/\/sites.unoeste.br\/contepea\/wp-json\/wp\/v2\/users\/1"}],"replies":[{"embeddable":true,"href":"https:\/\/sites.unoeste.br\/contepea\/wp-json\/wp\/v2\/comments?post=451"}],"version-history":[{"count":9,"href":"https:\/\/sites.unoeste.br\/contepea\/wp-json\/wp\/v2\/pages\/451\/revisions"}],"predecessor-version":[{"id":6634,"href":"https:\/\/sites.unoeste.br\/contepea\/wp-json\/wp\/v2\/pages\/451\/revisions\/6634"}],"wp:attachment":[{"href":"https:\/\/sites.unoeste.br\/contepea\/wp-json\/wp\/v2\/media?parent=451"}],"curies":[{"name":"wp","href":"https:\/\/api.w.org\/{rel}","templated":true}]}}