{"id":453,"date":"2016-11-29T16:52:19","date_gmt":"2016-11-29T19:52:19","guid":{"rendered":"http:\/\/sites.unoeste.br\/contepea\/?page_id=453"},"modified":"2020-06-18T13:37:47","modified_gmt":"2020-06-18T16:37:47","slug":"dra-renata-portela-rinaldi","status":"publish","type":"page","link":"https:\/\/sites.unoeste.br\/contepea\/dra-renata-portela-rinaldi\/","title":{"rendered":"Profa. Dra. Renata Portela Rinaldi"},"content":{"rendered":"<h4>Curr\u00edculo Resumido<\/h4>\n<p style=\"text-align: justify;\"><a href=\"https:\/\/sites.unoeste.br\/contepea\/wp-content\/uploads\/2016\/11\/Renata.png\"><img loading=\"lazy\" decoding=\"async\" class=\"  wp-image-6640 alignleft\" src=\"https:\/\/sites.unoeste.br\/contepea\/wp-content\/uploads\/2016\/11\/Renata-225x300.png\" alt=\"Renata\" width=\"150\" height=\"200\" srcset=\"https:\/\/sites.unoeste.br\/contepea\/wp-content\/uploads\/2016\/11\/Renata-225x300.png 225w, https:\/\/sites.unoeste.br\/contepea\/wp-content\/uploads\/2016\/11\/Renata.png 375w\" sizes=\"(max-width: 150px) 100vw, 150px\" \/><\/a>Professor Associado da Universidade Estadual Paulista &#8220;J\u00falio de Mesquita Filho&#8221; &#8211; Unesp. Possui gradua\u00e7\u00e3o em Pedagogia pela Universidade Estadual Paulista J\u00falio de Mesquita Filho (2001), mestrado em Educa\u00e7\u00e3o pela Universidade Federal de S\u00e3o Carlos (2006) e doutorado em Educa\u00e7\u00e3o pela Universidade Federal de S\u00e3o Carlos (2009), com est\u00e1gio na Universit\u00e9 de Gen\u00e8ve (UNIGE), Facult\u00e9 de Psychologie et des Sciences del? Education, Gen\u00e9ve \/ Sui\u00e7a. Livre-docente em Did\u00e1tica e Tecnologias de Informa\u00e7\u00e3o e Comunica\u00e7\u00e3o na Educa\u00e7\u00e3o (Unesp). \u00c9 l\u00edder do Grupo de Pesquisa &#8220;Forma\u00e7\u00e3o de Professores e Pr\u00e1ticas de Ensino na Educa\u00e7\u00e3o B\u00e1sica e Superior&#8221; (http:\/\/www.fct.unesp.br\/#!\/pesquisa\/fppeebs\/). Atua no Departamento de Educa\u00e7\u00e3o e no Programa de P\u00f3s-Gradua\u00e7\u00e3o em Educa\u00e7\u00e3o da UNESP\/Campus de Presidente Prudente. Foi editora da Revista Nuances: estudos sobre educa\u00e7\u00e3o no bi\u00eanio 2016-2018. Exerceu a fun\u00e7\u00e3o de Coordenadora do Curso de Educa\u00e7\u00e3o Especial na Perspectiva da Educa\u00e7\u00e3o Inclusiva ministrado pela UNESP\/NEAD em parceria com a Secretaria Estadual de Educa\u00e7\u00e3o de S\u00e3o Paulo. Tem experi\u00eancia na \u00e1rea de Educa\u00e7\u00e3o, atuando principalmente nos seguintes temas: forma\u00e7\u00e3o de professores, formadores de professores, aprendizagem e desenvolvimento profissional da doc\u00eancia, est\u00e1gio supervisionado, processos formativos na modalidade a dist\u00e2ncia, tecnologias de informa\u00e7\u00e3o e comunica\u00e7\u00e3o e educa\u00e7\u00e3o integral.<\/p>\n<hr \/>\n<h4>Networking da pesquisadora<\/h4>\n<p><a href=\"http:\/\/lattes.cnpq.br\/9947031359755735\" target=\"_blank\"><img loading=\"lazy\" decoding=\"async\" class=\"alignnone  wp-image-6590\" src=\"https:\/\/sites.unoeste.br\/contepea\/wp-content\/uploads\/2016\/11\/lattes-249x300.gif\" alt=\"lattes\" width=\"30\" height=\"36\" \/><\/a> \u00a0<a href=\"https:\/\/orcid.org\/0000-0001-7772-6705\" target=\"_blank\"><img loading=\"lazy\" decoding=\"async\" class=\"alignnone  wp-image-6591\" src=\"https:\/\/sites.unoeste.br\/contepea\/wp-content\/uploads\/2016\/11\/orcid-e1592491997249.png\" alt=\"orcid\" width=\"34\" height=\"34\" \/><\/a><\/p>\n<hr \/>\n<h4 style=\"text-align: justify;\">Publica\u00e7\u00f5es mais recentes<\/h4>\n<p style=\"text-align: justify;\"><strong>Artigos completos publicados em peri\u00f3dicos:<\/strong><\/p>\n<p style=\"text-align: justify;\"><a href=\"https:\/\/www.researchgate.net\/publication\/340407754_A_formacao_e_a_pratica_de_oficineiros_em_escolas_com_jornada_ampliada\" target=\"_blank\">Rinaldi, Renata Portela; RINALDI, J. G. S. A forma\u00e7\u00e3o e a pr\u00e1tica de oficineiros em escolas com jornada ampliada. <strong>Revista Exitus<\/strong>, v. 10, p. 020026, 2020.<\/a><\/p>\n<p style=\"text-align: justify;\"><a href=\"https:\/\/www.researchgate.net\/publication\/332880620_O_trabalho_docente_como_elemento_fundamental_na_garantia_do_direito_a_educacao\" target=\"_blank\">KASPER, S. A.; RINALDI, Renata Portela. O trabalho docente como elemento fundamental na garantia do direito \u00e0 educa\u00e7\u00e3o. <strong>Itiner\u00e1rios Educativos<\/strong>, p. 41-55, 2019.<\/a><\/p>\n<p style=\"text-align: justify;\"><a href=\"https:\/\/www.e-publicacoes.uerj.br\/index.php\/revistateias\/article\/view\/40294\" target=\"_blank\">BARBOZA, EDIR NEVES; Rinaldi, Renata Portela. EDUCA\u00c7\u00c3O DO CAMPO: DA AGENDA POL\u00cdTICA \u00c0 IMPLEMENTA\u00c7\u00c3O. <strong>Teias<\/strong> (Rio de Janeiro), v. 20, p. 230-246, 2019.<\/a><\/p>\n<hr \/>\n<p style=\"text-align: justify;\"><strong>Livros publicados\/organizados ou edi\u00e7\u00f5es: <\/strong><\/p>\n<p style=\"text-align: justify;\">MASUYAMA, P. M. K.; Rinaldi, Renata Portela. <strong>EDUCA\u00c7\u00c3O E FONOAUDIOLOGIA:<\/strong> PR\u00c1TICAS COLABORATIVAS DE ENSINO. 1. ed. Curitiba: Appris, 2020. 92p.<\/p>\n<p style=\"text-align: justify;\">SCHL\u00dcNZEN, Elisa Tomoe Moriya (Org.); RINALDI, RENATA PORTELA (Org.). <strong>Forma\u00e7\u00e3o de Educadores: <\/strong>Compromisso com a Educa\u00e7\u00e3o Especial na Perspectiva de Educa\u00e7\u00e3o Inclusiva. 1. ed. S\u00e3o Carlos: ABPEEE: Marquezine &amp; Manzini, 2014. v. 1. 190p.<\/p>\n<hr \/>\n<p style=\"text-align: justify;\"><strong>Cap\u00edtulos de livros publicados: <\/strong><\/p>\n<p style=\"text-align: justify;\">RINALDI, RENATA PORTELA; RINALDI, J. G. S. Educa\u00e7\u00e3o integral e a educa\u00e7\u00e3o em tempo integral: o que revelam as pol\u00edticas e a sua pr\u00e1tica em um sistema municipal de ensino no Brasil? In: Jo\u00e3o Pinhal; Carmen Cavaco; Maria Jo\u00e3o Cardona; Fernando Albuquerque Costa; Joana Marques; Ana Rita Faria. (Org.). <strong>Tempos, espa\u00e7os e artefectos em Educa\u00e7\u00e3o.<\/strong> 1. ed. Lisboa, Portugal: AFIRSE Portugal, 2020, v. 26, p. 869-877.<\/p>\n<p style=\"text-align: justify;\">RINALDI, J. G. S.; RINALDI, Renata Portela. A educa\u00e7\u00e3o em tempo integral e a avalia\u00e7\u00e3o externa e em larga escala: uma an\u00e1lise do desempenho das escolas a partir do uso de t\u00e9cnicas estat\u00edsticas. In: Jo\u00e3o Pinhal; Carmen Cavaco; Maria Jo\u00e3o Cardona; Fernando Albuquerque Costa; Joana Marques; Ana Rita Faria. (Org.). <strong>Tempos, espa\u00e7os e artefectos em Educa\u00e7\u00e3o.<\/strong> 1. ed. Lisboa, Portugal: AFIRSE Portugal, 2020, v. 26, p. 859-868.<\/p>\n<p style=\"text-align: justify;\">KASPER, S. A.; RINALDI, RENATA PORTELA. As impress\u00f5es dos professores acerca dos recursos f\u00edsicos e materiais nas escolas de tempo integral. In: Jo\u00e3o Pinhal; Carmen Cavaco; Maria Jo\u00e3o Cardona; Fernando Albuquerque Costa; Joana Marques; Ana Rita Faria. (Org.). <strong>Tempos, espa\u00e7os e artefectos em Educa\u00e7\u00e3o.<\/strong> 1. ed. Lisboa: AFIRSE Portugal, 2020, v. 26, p. 478-486.<\/p>\n<hr \/>\n<p>&nbsp;<\/p>\n","protected":false},"excerpt":{"rendered":"<p>Curr\u00edculo Resumido Professor Associado da Universidade Estadual Paulista &#8220;J\u00falio de Mesquita Filho&#8221; &#8211; Unesp. Possui gradua\u00e7\u00e3o em Pedagogia pela Universidade Estadual Paulista J\u00falio de Mesquita Filho (2001), mestrado em Educa\u00e7\u00e3o pela Universidade Federal de S\u00e3o Carlos (2006) e doutorado em Educa\u00e7\u00e3o pela Universidade Federal de S\u00e3o Carlos (2009), com est\u00e1gio na Universit\u00e9 de Gen\u00e8ve (UNIGE), [&hellip;]<\/p>\n","protected":false},"author":1,"featured_media":0,"parent":0,"menu_order":0,"comment_status":"closed","ping_status":"closed","template":"","meta":{"footnotes":""},"_links":{"self":[{"href":"https:\/\/sites.unoeste.br\/contepea\/wp-json\/wp\/v2\/pages\/453"}],"collection":[{"href":"https:\/\/sites.unoeste.br\/contepea\/wp-json\/wp\/v2\/pages"}],"about":[{"href":"https:\/\/sites.unoeste.br\/contepea\/wp-json\/wp\/v2\/types\/page"}],"author":[{"embeddable":true,"href":"https:\/\/sites.unoeste.br\/contepea\/wp-json\/wp\/v2\/users\/1"}],"replies":[{"embeddable":true,"href":"https:\/\/sites.unoeste.br\/contepea\/wp-json\/wp\/v2\/comments?post=453"}],"version-history":[{"count":8,"href":"https:\/\/sites.unoeste.br\/contepea\/wp-json\/wp\/v2\/pages\/453\/revisions"}],"predecessor-version":[{"id":6641,"href":"https:\/\/sites.unoeste.br\/contepea\/wp-json\/wp\/v2\/pages\/453\/revisions\/6641"}],"wp:attachment":[{"href":"https:\/\/sites.unoeste.br\/contepea\/wp-json\/wp\/v2\/media?parent=453"}],"curies":[{"name":"wp","href":"https:\/\/api.w.org\/{rel}","templated":true}]}}