{"id":6437,"date":"2020-05-24T17:17:49","date_gmt":"2020-05-24T20:17:49","guid":{"rendered":"http:\/\/sites.unoeste.br\/contepea\/?page_id=6437"},"modified":"2020-06-17T19:36:09","modified_gmt":"2020-06-17T22:36:09","slug":"reunioes-2018","status":"publish","type":"page","link":"https:\/\/sites.unoeste.br\/contepea\/reunioes-2018\/","title":{"rendered":"Reuni\u00f5es 2018"},"content":{"rendered":"<h3>1\u00b0 Semestre de 2018<\/h3>\n<p><strong>Fevereiro<\/strong><\/p>\n<p>Data: 07\/02\/2018<\/p>\n<p>Hor\u00e1rio: 14:00 horas<\/p>\n<p>Local: Bloco B2, Campus II, Unoeste<\/p>\n<p><strong>Texto discutido:<\/strong><\/p>\n<p>Organiza\u00e7\u00e3o do cronograma de reuni\u00f5es e propostas dos textos a serem discutidos no decorrer do ano de 2018.<\/p>\n<hr \/>\n<p><strong>Mar\u00e7o<\/strong><\/p>\n<p>Data: 07\/03\/2018<\/p>\n<p>Hor\u00e1rio: 14:00<\/p>\n<p>Local: Bloco B2, Campus II, Unoeste<\/p>\n<p><strong>Texto discutido:<\/strong><\/p>\n<p>WANDERLEY, L. Par\u00e2metros sociol\u00f3gicos da inova\u00e7\u00e3o. In: GARCIA, W. E. In: Inova\u00e7\u00e3o Educacional no Brasil. S\u00e3o Paulo: Cortez\/Autores Associados, 1980.<\/p>\n<hr \/>\n<p><strong>Abril<\/strong><\/p>\n<p>Data: 04\/04\/2018<\/p>\n<p>Hor\u00e1rio: 14:00 horas<\/p>\n<p>Local: Bloco B2, Campus II, Unoeste<\/p>\n<p><strong>Texto discutido:<\/strong><\/p>\n<p>FERRETI, C. A Inova\u00e7\u00e3o na perspectiva pedag\u00f3gica. In: GARCIA, W. E. <strong>Inova\u00e7\u00e3o Educacional no Brasil<\/strong>: problemas e perspectivas. 3\u00aa ed. Campinas, SP. Autores Associados, 1995, p. 55-82.<\/p>\n<hr \/>\n<p><strong>Maio<\/strong><\/p>\n<p>Data: 02\/05\/2018<\/p>\n<p>Hor\u00e1rio: 14:00 horas<\/p>\n<p>Local: Bloco B2, Campus II, Unoeste<\/p>\n<p><strong>Texto discutido:<\/strong><\/p>\n<p>WEREBE, M. J. G. Alcance e limita\u00e7\u00f5es da Inova\u00e7\u00e3o Educacional. In GARCIA, W. E. <strong>Inova\u00e7\u00e3o Educacional no Brasil<\/strong>: problemas e perspectivas. 3\u00aa ed. Campinas, SP. Autores Associados, 1995, p. 265-286.<\/p>\n<hr \/>\n<p><strong>Junho<\/strong><\/p>\n<p>Data: 20\/06\/2018<\/p>\n<p>Hor\u00e1rio: 14:00 horas<\/p>\n<p>Local: Bloco B2, Campus II, Unoeste<\/p>\n<p><strong>Texto discutido:<\/strong><\/p>\n<p>BALZAN, N. C.: (1995). \u2018Sete asser\u00e7\u00f5es inaceit\u00e1veis sobre a Inova\u00e7\u00e3o Educacional\u2019. In: BRASIL. Instituto Nacional de Estudos e Pesquisas Educacionais An\u00edsio Teixeira (INEP). Dispon\u00edvel em: <a href=\"http:\/\/www.enem.inep.gov.br\" target=\"_blank\">www.enem.inep.gov.br<\/a>. Acesso em: 17 de mar\u00e7o de 2009.<\/p>\n<hr \/>\n<h3>2\u00b0 Semestre de 2018<\/h3>\n<p><strong>Agosto<\/strong><\/p>\n<p>Data: 22\/08\/2018<\/p>\n<p>Hor\u00e1rio: 14:00<\/p>\n<p>Local: Bloco B2, Campus II, Unoeste<\/p>\n<p><strong>Texto discutido:<\/strong><\/p>\n<p>ARA\u00daJO, C.; ARA\u00daJO E. M.; SILVA, R. da. Para pensar sobre a forma\u00e7\u00e3o continuada de professores \u00e9 imprescind\u00edvel uma teoria cr\u00edtica de forma\u00e7\u00e3o humana. In:\u00a0 <strong>Cad. Cedes<\/strong>, Campinas, v. 35, n. 95, p. 57-73, jan.-abr., 2015, p. 57-73.<\/p>\n<hr \/>\n<p><strong>Setembro<\/strong><\/p>\n<p>Data: 19\/09\/2018<\/p>\n<p>Hor\u00e1rio: 14:00 horas<\/p>\n<p>Local: Bloco B2, Campus II, Unoeste<\/p>\n<p><strong>Texto discutido:<\/strong><\/p>\n<p>CASTRO, M. M. C.; AMORIM, R. M. A. A forma\u00e7\u00e3o inicial e a continuada: diferen\u00e7as conceituais que legitimam um espa\u00e7o de forma\u00e7\u00e3o permanente de vida. In: <strong>Cad. Cedes<\/strong>, Campinas, v. 35, n. 95, p. 37-55, jan.-abr., 2015. Dispon\u00edvel em:\u00a0https:\/\/doi.org\/10.1590\/CC0101-32622015146800. Acesso em: 19 set. 2018.<\/p>\n<hr \/>\n<p><strong>Outubro<\/strong><\/p>\n<p>Data: 17\/10\/2018<\/p>\n<p>Hor\u00e1rio: 14:00 horas<\/p>\n<p>Local: Bloco B2, Campus II, Unoeste<\/p>\n<p><strong>Texto discutido:<\/strong><\/p>\n<p>AZEVEDO, L. C. S. S.; MAGALH\u00c3ES, L. K. C. de. Forma\u00e7\u00e3o Continuada e suas Implica\u00e7\u00f5es: entre a lei e o trabalho docente. In: <strong>Cad. Cedes<\/strong>, Campinas, v. 35, n. 95, p. 15-36, jan.-abr., 2015. Dispon\u00edvel em:<a href=\"https:\/\/doi.org\/10.1590\/CC0101-32622015146769\"> https:\/\/doi.org\/10.1590\/CC0101-32622015146769<\/a>. Acesso em: 17 out. 2018.<\/p>\n<hr \/>\n<p><strong>Novembro<\/strong><\/p>\n<p>Data: 14\/11\/2018<\/p>\n<p>Hor\u00e1rio: 14:00 horas<\/p>\n<p>Local: Bloco B2, Campus II, Unoeste<\/p>\n<p><strong>Texto discutido:<\/strong><\/p>\n<p>BRASIL. Minist\u00e9rio da Educa\u00e7\u00e3o (MEC). CNE\/SEB. Base Nacional Comum Curricular, 20 de dezembro de 2017. <a href=\"http:\/\/basenacionalcomum.mec.gov.br\/download-da-bncc%20acesso%20em%2030\/10\/2018\">http:\/\/basenacionalcomum.mec.gov.br\/download-da-bncc acesso em 30\/10\/2018<\/a>. Acesso em 14 nov. 2018.<\/p>\n<hr \/>\n<p><strong>Dezembro<\/strong><\/p>\n<p>Data: 06\/12\/2018<\/p>\n<p>Hor\u00e1rio: 09:00 horas<\/p>\n<p>Local: Bloco B2, Campus II, Unoeste<\/p>\n<p><strong>Pauta:<\/strong><\/p>\n<p>Avalia\u00e7\u00e3o das atividades desenvolvidas em 2018 e proje\u00e7\u00f5es para 2019.<\/p>\n","protected":false},"excerpt":{"rendered":"<p>1\u00b0 Semestre de 2018 Fevereiro Data: 07\/02\/2018 Hor\u00e1rio: 14:00 horas Local: Bloco B2, Campus II, Unoeste Texto discutido: Organiza\u00e7\u00e3o do cronograma de reuni\u00f5es e propostas dos textos a serem discutidos no decorrer do ano de 2018. Mar\u00e7o Data: 07\/03\/2018 Hor\u00e1rio: 14:00 Local: Bloco B2, Campus II, Unoeste Texto discutido: WANDERLEY, L. Par\u00e2metros sociol\u00f3gicos da inova\u00e7\u00e3o. [&hellip;]<\/p>\n","protected":false},"author":1,"featured_media":0,"parent":0,"menu_order":0,"comment_status":"closed","ping_status":"closed","template":"","meta":{"footnotes":""},"_links":{"self":[{"href":"https:\/\/sites.unoeste.br\/contepea\/wp-json\/wp\/v2\/pages\/6437"}],"collection":[{"href":"https:\/\/sites.unoeste.br\/contepea\/wp-json\/wp\/v2\/pages"}],"about":[{"href":"https:\/\/sites.unoeste.br\/contepea\/wp-json\/wp\/v2\/types\/page"}],"author":[{"embeddable":true,"href":"https:\/\/sites.unoeste.br\/contepea\/wp-json\/wp\/v2\/users\/1"}],"replies":[{"embeddable":true,"href":"https:\/\/sites.unoeste.br\/contepea\/wp-json\/wp\/v2\/comments?post=6437"}],"version-history":[{"count":5,"href":"https:\/\/sites.unoeste.br\/contepea\/wp-json\/wp\/v2\/pages\/6437\/revisions"}],"predecessor-version":[{"id":6575,"href":"https:\/\/sites.unoeste.br\/contepea\/wp-json\/wp\/v2\/pages\/6437\/revisions\/6575"}],"wp:attachment":[{"href":"https:\/\/sites.unoeste.br\/contepea\/wp-json\/wp\/v2\/media?parent=6437"}],"curies":[{"name":"wp","href":"https:\/\/api.w.org\/{rel}","templated":true}]}}