{"id":6439,"date":"2020-05-24T17:18:26","date_gmt":"2020-05-24T20:18:26","guid":{"rendered":"http:\/\/sites.unoeste.br\/contepea\/?page_id=6439"},"modified":"2020-06-17T18:57:13","modified_gmt":"2020-06-17T21:57:13","slug":"reunioes-2017","status":"publish","type":"page","link":"https:\/\/sites.unoeste.br\/contepea\/reunioes-2017\/","title":{"rendered":"Reuni\u00f5es 2017"},"content":{"rendered":"<h3>1\u00b0 Semestre de 2017<\/h3>\n<p><strong>Fevereiro<\/strong><\/p>\n<p>Data: 15\/02\/2017.<\/p>\n<p>Hor\u00e1rio: 14:00 horas<\/p>\n<p>Local: Bloco B2, Campus II, Unoeste<\/p>\n<p><strong>Pauta:<\/strong><\/p>\n<p>Organiza\u00e7\u00e3o do cronograma de reuni\u00f5es e propostas dos textos a serem discutidos no decorrer do ano de 2017.<\/p>\n<hr \/>\n<p><strong>Mar\u00e7o<\/strong><\/p>\n<p>Data: 15\/03\/2017.<\/p>\n<p>Hor\u00e1rio: 14:00 horas<\/p>\n<p>Local: Bloco B2, Campus II, Unoeste<\/p>\n<p><b>Apresenta\u00e7\u00e3o:<\/b><\/p>\n<ol>\n<li><b><\/b>Apresenta\u00e7\u00e3o sobre o Congresso Pedagogia 2017 \u2013 Havana Cuba \u2013 Ronaldo Costa Barbosa \u2013 mestrando em Educa\u00e7\u00e3o, PPGE, Unoeste.<\/li>\n<li>Apresenta\u00e7\u00e3o dos projetos de pesquisa dos participantes.<\/li>\n<\/ol>\n<hr \/>\n<p><strong>Abril<\/strong><\/p>\n<p>Data: 12\/04\/2017.<\/p>\n<p>Hor\u00e1rio: 14:00 horas<\/p>\n<p>Local: Bloco B2, Campus II, Unoeste<\/p>\n<p><strong>Texto discutido:<\/strong><\/p>\n<p>FREITAS, A. de. Os m\u00e9todos de ensino do \u201cmelhor professor do mundo\u201d: repeti\u00e7\u00f5es ou inova\u00e7\u00f5es? <strong>Educa\u00e7\u00e3o em Revista<\/strong>. Belo Horizonte v.30, n.02, p.207-222, Abril-Junho 2014. Dispon\u00edvel em:\u00a0<a href=\"https:\/\/doi.org\/10.1590\/S0102-46982014000200010\" target=\"_blank\">https:\/\/doi.org\/10.1590\/S0102-46982014000200010<\/a>. Acesso em 12 abr 2017.<\/p>\n<hr \/>\n<p><strong>Maio<\/strong><\/p>\n<p>Data: 10\/05\/2017<\/p>\n<p>Hor\u00e1rio: 14:00 horas<\/p>\n<p>Local: Bloco B2, Campus II, Unoeste<\/p>\n<p><strong>Texto discutido:<\/strong><\/p>\n<p>MORGADO, J. C. Para um outro arqu\u00e9tipo de escola: a necessidade de mudar as pol\u00edticas e as pr\u00e1ticas curriculares. <strong>Educa\u00e7\u00e3o em Revista<\/strong>. Belo Horizonte, v.26, n.02, p.15-42, ago. 2010. Dispon\u00edvel em:\u00a0<a href=\"https:\/\/doi.org\/10.1590\/S0102-46982010000200002\" target=\"_blank\">https:\/\/doi.org\/10.1590\/S0102-46982010000200002<\/a>. Acesso em: 10 maio 2017.<\/p>\n<hr \/>\n<p><strong>Junho<\/strong><\/p>\n<p>Data: 21\/06\/2017.<\/p>\n<p>Hor\u00e1rio: 14:00 horas<\/p>\n<p>Local: Bloco B2, Campus II, Unoeste<\/p>\n<p><strong>Texto discutido:<\/strong><\/p>\n<p>HERNANDES, F. et al. <strong>Aprendendo com as inova\u00e7\u00f5es nas escolas. <\/strong>Tradu\u00e7\u00e3o Ernani Rosa. Porto Alegre, Artes M\u00e9dicas Sul, 2000. Cap. 1. p. 19-38.<\/p>\n<hr \/>\n<h3>2\u00b0 Semestre de 2017<\/h3>\n<p><strong>Agosto<\/strong><\/p>\n<p>Data: 16\/08\/2017<\/p>\n<p>Hor\u00e1rio: 14:00 horas<\/p>\n<p>Local: Bloco B2, Campus II, Unoeste<\/p>\n<p><strong>Texto discutido:<\/strong><\/p>\n<p>DEMO, P. Rupturas urgentes em educa\u00e7\u00e3o. <strong>Ensaio: aval. pol. p\u00fabl<\/strong>. Educ., Rio de Janeiro, v. 18, n. 69, p. 861-872, out.\/dez. 2010. Dispon\u00edvel em:\u00a0<a href=\"https:\/\/www.scielo.br\/pdf\/ensaio\/v18n69\/v18n69a11.pdf\" target=\"_blank\">https:\/\/www.scielo.br\/pdf\/ensaio\/v18n69\/v18n69a11.pdf<\/a>. Acesso em 16 ago. 2016.<\/p>\n<hr \/>\n<p><strong>Setembro<\/strong><\/p>\n<p>Data: 13\/09\/2017<\/p>\n<p>Hor\u00e1rio: 14:00 horas<\/p>\n<p>Local: Bloco B2, Campus II, Unoeste<\/p>\n<p><strong>Texto discutido:<\/strong><\/p>\n<p>CUNHA, M. I. Inova\u00e7\u00f5es pedag\u00f3gicas: o desafio da reconfigura\u00e7\u00e3o de saberes na doc\u00eancia universit\u00e1ria. <strong>Cadernos de Pedagogia Universit\u00e1ria<\/strong> \u2013 6 &#8211; Universidade de S\u00e3o Paulo, 2008. Dispon\u00edvel em:\u00a0<a href=\"http:\/\/www.prpg.usp.br\/pt-br\/pae\/etapa-de-preparacao-pedagogica\/cadernos-de-pedagogia\" target=\"_blank\">http:\/\/www.prpg.usp.br\/pt-br\/pae\/etapa-de-preparacao-pedagogica\/cadernos-de-pedagogia<\/a>. Acesso em 04 out. 2016.<\/p>\n<hr \/>\n<p><strong>Outubro<\/strong><\/p>\n<p>Data: 04\/10\/2017<\/p>\n<p>Hor\u00e1rio: 14:00 horas<\/p>\n<p>Local: Bloco B2, Campus II, Unoeste<\/p>\n<p><b>Texto discutido:<\/b><\/p>\n<p>CUNHA, M. I. Inova\u00e7\u00f5es pedag\u00f3gicas: o desafio da reconfigura\u00e7\u00e3o de saberes na doc\u00eancia universit\u00e1ria. <strong>Cadernos de Pedagogia Universit\u00e1ria<\/strong> \u2013 6 &#8211; Universidade de S\u00e3o Paulo, 2008. Dispon\u00edvel em:\u00a0<a href=\"http:\/\/www.prpg.usp.br\/pt-br\/pae\/etapa-de-preparacao-pedagogica\/cadernos-de-pedagogia\" target=\"_blank\">http:\/\/www.prpg.usp.br\/pt-br\/pae\/etapa-de-preparacao-pedagogica\/cadernos-de-pedagogia<\/a>. Acesso em 04 out. 2016.<\/p>\n<hr \/>\n<p><strong>Dezembro<\/strong><\/p>\n<p>Data: 06\/12\/2017<\/p>\n<p>Hor\u00e1rio: 14:00 horas<\/p>\n<p>Local: Bloco B2, Campus II, Unoeste<\/p>\n<p><strong>Texto discutido:<\/strong><\/p>\n<p>GARCIA, W. E. <strong>Inova\u00e7\u00e3o Educacional no Brasil<\/strong>: problemas e perspectivas. 3\u00aa ed. Campinas, SP. Autores Associados, 1995.<\/p>\n<p><strong>Encerramento: <\/strong><\/p>\n<p>Avalia\u00e7\u00e3o das atividades desenvolvidas em 2017 e proje\u00e7\u00f5es para 2018.<\/p>\n","protected":false},"excerpt":{"rendered":"<p>1\u00b0 Semestre de 2017 Fevereiro Data: 15\/02\/2017. Hor\u00e1rio: 14:00 horas Local: Bloco B2, Campus II, Unoeste Pauta: Organiza\u00e7\u00e3o do cronograma de reuni\u00f5es e propostas dos textos a serem discutidos no decorrer do ano de 2017. Mar\u00e7o Data: 15\/03\/2017. Hor\u00e1rio: 14:00 horas Local: Bloco B2, Campus II, Unoeste Apresenta\u00e7\u00e3o: Apresenta\u00e7\u00e3o sobre o Congresso Pedagogia 2017 \u2013 [&hellip;]<\/p>\n","protected":false},"author":1,"featured_media":0,"parent":0,"menu_order":0,"comment_status":"closed","ping_status":"closed","template":"","meta":{"footnotes":""},"_links":{"self":[{"href":"https:\/\/sites.unoeste.br\/contepea\/wp-json\/wp\/v2\/pages\/6439"}],"collection":[{"href":"https:\/\/sites.unoeste.br\/contepea\/wp-json\/wp\/v2\/pages"}],"about":[{"href":"https:\/\/sites.unoeste.br\/contepea\/wp-json\/wp\/v2\/types\/page"}],"author":[{"embeddable":true,"href":"https:\/\/sites.unoeste.br\/contepea\/wp-json\/wp\/v2\/users\/1"}],"replies":[{"embeddable":true,"href":"https:\/\/sites.unoeste.br\/contepea\/wp-json\/wp\/v2\/comments?post=6439"}],"version-history":[{"count":6,"href":"https:\/\/sites.unoeste.br\/contepea\/wp-json\/wp\/v2\/pages\/6439\/revisions"}],"predecessor-version":[{"id":6571,"href":"https:\/\/sites.unoeste.br\/contepea\/wp-json\/wp\/v2\/pages\/6439\/revisions\/6571"}],"wp:attachment":[{"href":"https:\/\/sites.unoeste.br\/contepea\/wp-json\/wp\/v2\/media?parent=6439"}],"curies":[{"name":"wp","href":"https:\/\/api.w.org\/{rel}","templated":true}]}}