{"id":6460,"date":"2020-05-24T17:38:15","date_gmt":"2020-05-24T20:38:15","guid":{"rendered":"http:\/\/sites.unoeste.br\/contepea\/?page_id=6460"},"modified":"2020-08-06T13:24:51","modified_gmt":"2020-08-06T16:24:51","slug":"defesas-2020","status":"publish","type":"page","link":"https:\/\/sites.unoeste.br\/contepea\/defesas-2020\/","title":{"rendered":"Defesas 2020"},"content":{"rendered":"<h4 style=\"text-align: justify;\">Disserta\u00e7\u00f5es Defendidas no 1\u00b0 Semestre de 2020<\/h4>\n<hr \/>\n<p style=\"text-align: justify;\"><strong>Candidato:<\/strong>\u00a0PAOLA SALES SPESSOTTO CARVALHO<\/p>\n<p style=\"text-align: justify;\"><strong>T\u00edtulo da Disserta\u00e7\u00e3o:<\/strong>\u00a0<a href=\"http:\/\/bdtd.unoeste.br:8080\/jspui\/handle\/jspui\/1249\" target=\"_blank\">FORMA\u00c7\u00c3O CONTINUADA E NECESSIDADES FORMATIVAS DOS PROFESSORES DAS SALAS DE RECURSOS MULTIFUNCIONAIS DE ESCOLAS MUNICIPAIS DE UMA CIDADE DO INTERIOR PAULISTA<\/a><\/p>\n<p style=\"text-align: justify;\"><strong>Banca:\u00a0<\/strong><\/p>\n<p>&#8211; Profa. Dra. Monica Furkotter (orientadora)<\/p>\n<p>&#8211; Profa. Dra. Maria de Lourdes Zizi Trevizan Perez (membro interno)<\/p>\n<p style=\"text-align: justify;\">\u00a0&#8211; Profa. Dra. Fernanda Cristina de Souza (membro externo)<\/p>\n<p style=\"text-align: justify;\"><strong>Data:<\/strong> 28\/01\/2020<\/p>\n<p style=\"text-align: justify;\"><strong>Local:\u00a0<\/strong>Bloco B2, Campus II, Unoeste<\/p>\n<hr \/>\n<p style=\"text-align: justify;\"><strong>Candidato:<\/strong>\u00a0GUILHERME DE OLIVEIRA LIMA CARAPEBA<\/p>\n<p style=\"text-align: justify;\"><strong>T\u00edtulo da Disserta\u00e7\u00e3o:<\/strong>\u00a0O BULLYING ESCOLAR E A FORMA\u00c7\u00c3O DO PROFESSOR NA LICENCIATURA EM PEDAGOGIA: UM ESTUDO DE CASO<\/p>\n<p style=\"text-align: justify;\"><strong>Banca:\u00a0<\/strong><\/p>\n<p>&#8211; Profa. Dra. Carmen Lucia Dias (orientadora)<\/p>\n<p>&#8211; Prof. Dr. Marcos Vinicius Francisco (membro interno)<\/p>\n<p style=\"text-align: justify;\">\u00a0&#8211; Profa. Dra. Terezinha Ferreira da Silva Colombo (membro externo)<\/p>\n<p style=\"text-align: justify;\"><strong>Data:<\/strong> 29\/01\/2020<\/p>\n<p style=\"text-align: justify;\"><strong>Local:\u00a0<\/strong>Bloco B2, Campus II, Unoeste<\/p>\n<hr \/>\n<p style=\"text-align: justify;\"><strong>Candidato:<\/strong>\u00a0LUCAS VILLAS BOAS SIMIRIO<\/p>\n<p style=\"text-align: justify;\"><strong>T\u00edtulo da Disserta\u00e7\u00e3o:<\/strong>\u00a0<a href=\"http:\/\/bdtd.unoeste.br:8080\/jspui\/handle\/jspui\/1272\" target=\"_blank\">A\u00c7\u00c3O DOCENTE EM CI\u00caNCIAS NATURAIS NA EDUCA\u00c7\u00c3O DE JOVENS E ADULTOS (EJA): UM OLHAR HIST\u00d3RICO-CR\u00cdTICO E HIST\u00d3RICO-CULTURAL<\/a><\/p>\n<p style=\"text-align: justify;\"><strong>Banca:\u00a0<\/strong><\/p>\n<p>&#8211; Profa. Dra. Raimunda Abou Gebran (orientadora)<\/p>\n<p>&#8211; Profa. Dra. Maria de Lourdes Zizi Trevizan Perez (membro interno)<\/p>\n<p>&#8211; Profa. Dra. Edislane Barreiros de Souza (membro externo)<\/p>\n<p style=\"text-align: justify;\">\u00a0&#8211; Prof. Dr. Leonardo de Oliveira Mendes (membro externo)<\/p>\n<p style=\"text-align: justify;\"><strong>Data:<\/strong> 29\/01\/2020<\/p>\n<p style=\"text-align: justify;\"><strong>Local:\u00a0<\/strong>Bloco B2, Campus II, Unoeste<\/p>\n<hr \/>\n","protected":false},"excerpt":{"rendered":"<p>Disserta\u00e7\u00f5es Defendidas no 1\u00b0 Semestre de 2020 Candidato:\u00a0PAOLA SALES SPESSOTTO CARVALHO T\u00edtulo da Disserta\u00e7\u00e3o:\u00a0FORMA\u00c7\u00c3O CONTINUADA E NECESSIDADES FORMATIVAS DOS PROFESSORES DAS SALAS DE RECURSOS MULTIFUNCIONAIS DE ESCOLAS MUNICIPAIS DE UMA CIDADE DO INTERIOR PAULISTA Banca:\u00a0 &#8211; Profa. Dra. Monica Furkotter (orientadora) &#8211; Profa. Dra. Maria de Lourdes Zizi Trevizan Perez (membro interno) \u00a0&#8211; Profa. Dra. [&hellip;]<\/p>\n","protected":false},"author":1,"featured_media":0,"parent":0,"menu_order":0,"comment_status":"closed","ping_status":"closed","template":"","meta":{"footnotes":""},"_links":{"self":[{"href":"https:\/\/sites.unoeste.br\/contepea\/wp-json\/wp\/v2\/pages\/6460"}],"collection":[{"href":"https:\/\/sites.unoeste.br\/contepea\/wp-json\/wp\/v2\/pages"}],"about":[{"href":"https:\/\/sites.unoeste.br\/contepea\/wp-json\/wp\/v2\/types\/page"}],"author":[{"embeddable":true,"href":"https:\/\/sites.unoeste.br\/contepea\/wp-json\/wp\/v2\/users\/1"}],"replies":[{"embeddable":true,"href":"https:\/\/sites.unoeste.br\/contepea\/wp-json\/wp\/v2\/comments?post=6460"}],"version-history":[{"count":6,"href":"https:\/\/sites.unoeste.br\/contepea\/wp-json\/wp\/v2\/pages\/6460\/revisions"}],"predecessor-version":[{"id":6681,"href":"https:\/\/sites.unoeste.br\/contepea\/wp-json\/wp\/v2\/pages\/6460\/revisions\/6681"}],"wp:attachment":[{"href":"https:\/\/sites.unoeste.br\/contepea\/wp-json\/wp\/v2\/media?parent=6460"}],"curies":[{"name":"wp","href":"https:\/\/api.w.org\/{rel}","templated":true}]}}