{"id":6524,"date":"2020-05-27T22:43:08","date_gmt":"2020-05-28T01:43:08","guid":{"rendered":"http:\/\/sites.unoeste.br\/contepea\/?page_id=6524"},"modified":"2020-06-18T14:42:19","modified_gmt":"2020-06-18T17:42:19","slug":"dra-rosemara-perpetua-lopes","status":"publish","type":"page","link":"https:\/\/sites.unoeste.br\/contepea\/dra-rosemara-perpetua-lopes\/","title":{"rendered":"Profa. Dra. Rosemara Perpetua Lopes"},"content":{"rendered":"<h4>Curr\u00edculo Resumido<\/h4>\n<p style=\"text-align: justify;\"><a href=\"https:\/\/sites.unoeste.br\/contepea\/wp-content\/uploads\/2020\/05\/Rosemara.png\"><img loading=\"lazy\" decoding=\"async\" class=\"  wp-image-6644 alignleft\" src=\"https:\/\/sites.unoeste.br\/contepea\/wp-content\/uploads\/2020\/05\/Rosemara-280x300.png\" alt=\"Rosemara\" width=\"101\" height=\"109\" srcset=\"https:\/\/sites.unoeste.br\/contepea\/wp-content\/uploads\/2020\/05\/Rosemara-280x300.png 280w, https:\/\/sites.unoeste.br\/contepea\/wp-content\/uploads\/2020\/05\/Rosemara.png 302w\" sizes=\"(max-width: 101px) 100vw, 101px\" \/><\/a>Doutora em Educa\u00e7\u00e3o pela Unesp, Faculdade de Ci\u00eancias e Tecnologia. Mestre em Educa\u00e7\u00e3o pela Unesp, Faculdade de Ci\u00eancias e Tecnologia. Licenciada em Pedagogia pela Unesp, Instituto de Bioci\u00eancias, Letras e Ci\u00eancias Exatas. Docente da Universidade Federal de Goi\u00e1s, Faculdade de Educa\u00e7\u00e3o, Goi\u00e2nia. Professora do Programa de P\u00f3s-gradua\u00e7\u00e3o em Educa\u00e7\u00e3o da UFG\/REJ. L\u00edder do grupo de pesquisa CNPq Tecnologias Digitais e Forma\u00e7\u00e3o de Professores.<\/p>\n<hr \/>\n<h4>Networking da pesquisadora<\/h4>\n<p><a href=\"http:\/\/lattes.cnpq.br\/9979314394689470\" target=\"_blank\"><img loading=\"lazy\" decoding=\"async\" class=\"alignnone  wp-image-6590\" src=\"https:\/\/sites.unoeste.br\/contepea\/wp-content\/uploads\/2016\/11\/lattes-249x300.gif\" alt=\"lattes\" width=\"30\" height=\"36\" \/><\/a> \u00a0<a href=\"https:\/\/orcid.org\/0000-0002-5498-2025\" target=\"_blank\"><img loading=\"lazy\" decoding=\"async\" class=\"alignnone  wp-image-6591\" src=\"https:\/\/sites.unoeste.br\/contepea\/wp-content\/uploads\/2016\/11\/orcid-e1592491997249.png\" alt=\"orcid\" width=\"34\" height=\"34\" \/><\/a><\/p>\n<hr \/>\n<h4 style=\"text-align: justify;\">Publica\u00e7\u00f5es mais recentes<\/h4>\n<p style=\"text-align: justify;\"><strong>Artigos completos publicados em peri\u00f3dicos:<\/strong><\/p>\n<p style=\"text-align: justify;\"><a href=\"https:\/\/www.ifgoiano.edu.br\/periodicos\/index.php\/ciclo\/article\/view\/855\" target=\"_blank\">PACHECO, M. L. S.; LOPES, R. P. Mudan\u00e7a nas tend\u00eancias pedag\u00f3gicas do s\u00e9culo XX e sua rela\u00e7\u00e3o com a resist\u00eancia \u00e0 incorpora\u00e7\u00e3o das TIC. <strong>Ciclo Revista<\/strong>, v. 3, p. 1-13, 2018.<\/a><\/p>\n<p style=\"text-align: justify;\"><a href=\"https:\/\/anaisonline.uems.br\/index.php\/seminarioformacaodocente\/article\/view\/4216\" target=\"_blank\">PACHECO, M. L. S.; LOPES, R. P. O Professor e as TIC na Escola P\u00fablica de Goi\u00e1s. <strong>Revista de Hist\u00f3ria da UEG Quirin\u00f3polis<\/strong>, v. 1, p. 210-214, 2017.<\/a><\/p>\n<p style=\"text-align: justify;\">FELIX, J. F. M.; LOPES, R. P. A Hist\u00f3ria de Jata\u00ed Integrada ao Curr\u00edculo Escolar. <strong>Boletim &#8211; Museu Hist\u00f3rico de Jata\u00ed<\/strong>, v. 17, p. 40-48, 2016. [Impresso].<\/p>\n<hr \/>\n<p style=\"text-align: justify;\"><strong>Cap\u00edtulos de livros publicados: <\/strong><\/p>\n<p style=\"text-align: justify;\">Borges, Luciana Maria; LOPES, ROSEMARA PERPETUA. A Polissemia do conceito de Blended Learning. <strong>S\u00e9rie Educar &#8211; Volume 33 Ensino Superior.<\/strong> 1.ed.: Editora Poisson, 2020, v. 33, p. 59-64.<\/p>\n<p style=\"text-align: justify;\">LOPES, R. P.; FURKOTTER, M. Inova\u00e7\u00e3o e pr\u00e1tica pedag\u00f3gica com TDIC no ensino superior: um olhar sobre cursos de licenciatura em Matem\u00e1tica. In: Raimunda Abou Gebran; C\u00e1rmen L\u00facia Dias. (Org.). <strong>Pr\u00e1ticas educativas e inova\u00e7\u00e3o.<\/strong> 1. ed. Curitiba: Appris, 2019, p. 161-189.<\/p>\n<p style=\"text-align: justify;\">Borges, Luciana Maria; LOPES, ROSEMARA PERPETUA. O CONCEITO DE BLENDED LEARNING: BREVE REVIS\u00c3O TE\u00d3RICA. In: Alferes, Maria Aparecida (Org.). (Org.). <strong>Forma\u00e7\u00e3o Docente:<\/strong> Princ\u00edpios e Fundamentos 5. 1.ed. Ponta Grossa: Atena Editora, 2019, v. 5, p. 9-17.<\/p>\n<hr \/>\n<p style=\"text-align: justify;\">\n","protected":false},"excerpt":{"rendered":"<p>Curr\u00edculo Resumido Doutora em Educa\u00e7\u00e3o pela Unesp, Faculdade de Ci\u00eancias e Tecnologia. Mestre em Educa\u00e7\u00e3o pela Unesp, Faculdade de Ci\u00eancias e Tecnologia. Licenciada em Pedagogia pela Unesp, Instituto de Bioci\u00eancias, Letras e Ci\u00eancias Exatas. Docente da Universidade Federal de Goi\u00e1s, Faculdade de Educa\u00e7\u00e3o, Goi\u00e2nia. Professora do Programa de P\u00f3s-gradua\u00e7\u00e3o em Educa\u00e7\u00e3o da UFG\/REJ. L\u00edder do [&hellip;]<\/p>\n","protected":false},"author":1,"featured_media":0,"parent":0,"menu_order":0,"comment_status":"closed","ping_status":"closed","template":"","meta":{"footnotes":""},"_links":{"self":[{"href":"https:\/\/sites.unoeste.br\/contepea\/wp-json\/wp\/v2\/pages\/6524"}],"collection":[{"href":"https:\/\/sites.unoeste.br\/contepea\/wp-json\/wp\/v2\/pages"}],"about":[{"href":"https:\/\/sites.unoeste.br\/contepea\/wp-json\/wp\/v2\/types\/page"}],"author":[{"embeddable":true,"href":"https:\/\/sites.unoeste.br\/contepea\/wp-json\/wp\/v2\/users\/1"}],"replies":[{"embeddable":true,"href":"https:\/\/sites.unoeste.br\/contepea\/wp-json\/wp\/v2\/comments?post=6524"}],"version-history":[{"count":6,"href":"https:\/\/sites.unoeste.br\/contepea\/wp-json\/wp\/v2\/pages\/6524\/revisions"}],"predecessor-version":[{"id":6652,"href":"https:\/\/sites.unoeste.br\/contepea\/wp-json\/wp\/v2\/pages\/6524\/revisions\/6652"}],"wp:attachment":[{"href":"https:\/\/sites.unoeste.br\/contepea\/wp-json\/wp\/v2\/media?parent=6524"}],"curies":[{"name":"wp","href":"https:\/\/api.w.org\/{rel}","templated":true}]}}