{"id":6699,"date":"2021-02-19T07:13:44","date_gmt":"2021-02-19T10:13:44","guid":{"rendered":"http:\/\/sites.unoeste.br\/contepea\/?page_id=6699"},"modified":"2021-12-09T10:37:06","modified_gmt":"2021-12-09T13:37:06","slug":"reunioes-2021","status":"publish","type":"page","link":"https:\/\/sites.unoeste.br\/contepea\/reunioes-2021\/","title":{"rendered":"Reuni\u00f5es 2021"},"content":{"rendered":"<h3>1\u00b0 Semestre de 2021<\/h3>\n<p><b>Fevereiro<\/b><\/p>\n<p>Data: 24\/02\/2021<\/p>\n<p>Hor\u00e1rio: 14:00<\/p>\n<p>Local: Plataforma Google (Meet)<\/p>\n<p><a href=\"https:\/\/sites.unoeste.br\/contepea\/wp-content\/uploads\/2021\/02\/pauta_reuni\u00e3o-24fev2021.pdf\">Pauta de Fevereiro<\/a><\/p>\n<p><strong>Textos para discuss\u00e3o:<\/strong><\/p>\n<p>GRANDISOLI, E.; JACOBI, P. R.; MARCHINI, S. <strong>Pesquisa Educa\u00e7\u00e3o, Doc\u00eancia e a COVID-19<\/strong>. S\u00e3o Paulo: IEA USP, 2020. Dispon\u00edvel em: <a href=\"http:\/\/www.iea.usp.br\/pesquisa\/projetos-institucionais\/usp-cidades-globais\/pesquisa-educacao-docencia-e-a-covid-19\" target=\"_blank\">http:\/\/www.iea.usp.br\/pesquisa\/projetos-institucionais\/usp-cidades-globais\/pesquisa-educacao-docencia-e-a-covid-19<\/a>. Acesso em: 17 fev. 2021.<\/p>\n<p>OLIVEIRA, S. da S.; SILVA, O. S. F.; SILVA, M. J. de O.\u00a0 Educar na incerteza e na urg\u00eancia: implica\u00e7\u00f5es do ensino remoto ao fazer docentes e a reinven\u00e7\u00e3o da sala de aula.\u00a0<strong>Interfaces Cient\u00edficas &#8211; Educa\u00e7\u00e3o<\/strong>,\u00a0v. 10, n. 1, p. 25-40, 2020. Dispon\u00edvel em:<a href=\"https:\/\/periodicos.set.edu.br\/educac ao\/article\/view\/9239\" target=\"_blank\"> https:\/\/periodicos.set.edu.br\/educac ao\/article\/view\/9239<\/a>. Acesso em: 17 fev. 2021.<\/p>\n<p>Informes Pesquisa: Educa\u00e7\u00e3o escolar em tempos de pandemia na vis\u00e3o de professoras\/es da Educa\u00e7\u00e3o B\u00e1sica. Dispon\u00edvel em: <a href=\"https:\/\/www.fcc.org.br\/fcc\/educacao-pesquisa\/educacao-escolar-em-tempos-de-pandemia\" target=\"_blank\">https:\/\/www.fcc.org.br\/fcc\/educacao-pesquisa\/educacao-escolar-em-tempos-de-pandemia<\/a>. Acesso em: 17 fev. 2021.<\/p>\n<p><b>Mar\u00e7o<\/b><\/p>\n<p>Data: 24\/03\/2021<\/p>\n<p>Hor\u00e1rio: 14:00<\/p>\n<p>Local: Plataforma Google (Meet)<\/p>\n<p><a href=\"https:\/\/sites.unoeste.br\/contepea\/wp-content\/uploads\/2021\/02\/reuni\u00e3o-24mar2021.pdf\">Pauta de Mar\u00e7o<\/a><\/p>\n<p><strong>Texto para discuss\u00e3o:<\/strong><\/p>\n<p>SILVA, B. D. da; RIBEIRINA, T. Cinco li\u00e7\u00f5es para a educa\u00e7\u00e3o escolar no p\u00f3s-covid 19. <strong>Interfaces Cient\u00edficas &#8211; Educa\u00e7\u00e3o<\/strong>,\u00a0Aracaju, v. 10, n. 1, p. 194-210, 2020. Dispon\u00edvel em:\u00a0 <a href=\"https:\/\/periodicos.set.edu.br\/educacao\/article\/view\/9075\" target=\"_blank\">https:\/\/periodicos.set.edu.br\/educacao\/article\/view\/9075<\/a>. Acesso em: 17 fev. 2021.<\/p>\n<p><b>Abril<\/b><\/p>\n<p>Data: 07\/04\/2021<\/p>\n<p>Hor\u00e1rio: 14:00<\/p>\n<p>Local: Plataforma Google (Meet)<\/p>\n<p><a href=\"https:\/\/sites.unoeste.br\/contepea\/wp-content\/uploads\/2021\/02\/reuni\u00e3o-07abr2021.pdf\">Pauta de Abril<\/a><\/p>\n<p><strong>Texto para discuss\u00e3o:<\/strong><\/p>\n<p>FERREIRA, Luciana Haddad; BARBOSA, Andreza. Li\u00e7\u00f5es de quarentena: limites e possibilidades da atua\u00e7\u00e3o docente em \u00e9poca de isolamento social. <strong>Pr\u00e1xis Educativa<\/strong>, Ponta Grossa, v. 15, e2015483, p. 1-24, 2020. Dispon\u00edvel em: <a href=\"https:\/\/revistas2.uepg.br\/index.php\/praxiseducativa\/article\/view\/15483\/209209213434\" target=\"_blank\">https:\/\/revistas2.uepg.br\/index.php\/praxiseducativa\/article\/view\/15483\/209209213434<\/a>.\u00a0\u00a0 Acesso em: 03 abr. 2021.<\/p>\n<p><b>Maio<\/b><\/p>\n<p>Data: 12\/05\/2021<\/p>\n<p>Hor\u00e1rio: 14:00<\/p>\n<p>Local: Plataforma Google (Meet)<\/p>\n<p><a href=\"https:\/\/sites.unoeste.br\/contepea\/wp-content\/uploads\/2021\/02\/reuni\u00e3o-12mai2021.pdf\">Pauta de Maio<\/a><\/p>\n<p><strong>Texto para discuss\u00e3o:<\/strong><\/p>\n<p>SOBRINHO JUNIOR, Jo\u00e3o Ferreira; Luciana Haddad; MORAES, Cristina de C\u00e1ssia Pereira de. A COVID-19 e os reflexos sociais do fechamento das escolas<strong>. Dialogia, <\/strong>S\u00e3o Paulo, n.36, p. 128-148, set.\/dez. 2020. Dispon\u00edvel em: <a href=\"https:\/\/periodicos.uninove.br\/dialogia\/article\/view\/18249\/8708\" target=\"_blank\">https:\/\/periodicos.uninove.br\/dialogia\/article\/view\/18249\/8708<\/a>. Acesso em: 29 abr. 2021<\/p>\n<p><b>Junho<\/b><\/p>\n<p>Data: 16\/06\/2021<\/p>\n<p>Hor\u00e1rio: 14:00<\/p>\n<p>Local: Plataforma Google (Meet)<\/p>\n<p><a href=\"https:\/\/sites.unoeste.br\/contepea\/wp-content\/uploads\/2021\/02\/pauta-reuni\u00e3o-16jun2021.pdf\">Pauta de Junho<\/a><\/p>\n<p><strong>Texto para discuss\u00e3o:<\/strong><\/p>\n<p>FREITAS, L. C. Entrevista com Luiz Carlos de Freitas (setembro de 2020). <em>In:<\/em> AFFONSO, C.; FERNANDES, C.; FRIGOTTO, G.; MAGALH\u00c3ES, J.; MOREIRA, V.; NEPOMUCENO, V. <strong>Trabalho docente sob fogo cruzado<\/strong> [recurso eletr\u00f4nico], v.1. 1. ed. Rio de Janeiro: UERJ, LPP, 2021, p. 491-501. Dispon\u00edvel em: <a href=\"https:\/\/br1lib.org\/book\/14626531\/e2e6c6?id=14626531&amp;secret=e2e6c6\" target=\"_blank\">https:\/\/br1lib.org\/book\/14626531\/e2e6c6?id=14626531&amp;secret=e2e6c6<\/a>. Acesso em: 06 jun. 2021<\/p>\n<h3>2\u00b0 Semestre de 2021<\/h3>\n<p><strong>Agosto<\/strong><\/p>\n<p>Data: 18\/08\/2021<\/p>\n<p>Hor\u00e1rio: 14:00<\/p>\n<p>Local:\u00a0plataforma Google (Meet).<\/p>\n<p><a href=\"https:\/\/sites.unoeste.br\/contepea\/wp-content\/uploads\/2021\/02\/reuni\u00e3o-18ago2021.pdf\">Pauta de Agosto<\/a><\/p>\n<p><strong>Texto para discuss\u00e3o:<\/strong><\/p>\n<p>Colet\u00e2nea: Contextos escolares e processos educativos na pandemia de covid-19,\u00a010 cap\u00edtulos 178 p\u00e1ginas.\u00a0 Submetido em 29jul2021 \u2013 Edital EDUFRO, Editora da UNIR<\/p>\n<p><b>Setembro<\/b><\/p>\n<p>Data: 15\/09\/2021<\/p>\n<p>Hor\u00e1rio: 15:30h<\/p>\n<p>Local:\u00a0plataforma Google (Meet).<\/p>\n<p><a href=\"https:\/\/sites.unoeste.br\/contepea\/wp-content\/uploads\/2021\/02\/reuni\u00e3o-15set2021.pdf\">Pauta de Setembro<\/a><\/p>\n<p><b>Outubro<\/b><\/p>\n<p>Data: 20\/10\/2021<\/p>\n<p>Hor\u00e1rio: 14:00<\/p>\n<p>Local:\u00a0plataforma Google (Meet).<\/p>\n<p><a href=\"https:\/\/sites.unoeste.br\/contepea\/wp-content\/uploads\/2021\/02\/reuni\u00e3o-20out2021.pdf\">Pauta de Outubro<\/a><\/p>\n<p><strong>Texto para discuss\u00e3o:<\/strong><\/p>\n<p>COLL, C; MONEREO, C. Educa\u00e7\u00e3o e aprendizagem no s\u00e9culo XXI. <em>In:<\/em> COLL, C.; MONEREO, C. (org.). <strong>Psicologia da Educa\u00e7\u00e3o Virtual<\/strong><em>:<\/em> aprender e ensinar com as Tecnologias da Informa\u00e7\u00e3o e da Comunica\u00e7\u00e3o<strong>. <\/strong>Porto Alegre: Artmed, 2010. p. 15-46.<\/p>\n<p><b>Novembro<\/b><\/p>\n<p>Data: 17\/11\/2021<\/p>\n<p>Hor\u00e1rio: 14:00<\/p>\n<p>Local: Plataforma Google (Meet)<\/p>\n<p><a href=\"https:\/\/sites.unoeste.br\/contepea\/wp-content\/uploads\/2021\/02\/reuni\u00e3o-17nov2021_revisada.pdf\">Pauta de Novembro<\/a><\/p>\n<p><strong>Textos para discuss\u00e3o:<\/strong><\/p>\n<p>COLL, C; MAURI, T.; ONRUBIA, J. A incorpora\u00e7\u00e3o das tecnologias da informa\u00e7\u00e3o e da comunica\u00e7\u00e3o na educa\u00e7\u00e3o. In: COLL, C.; MONEREO, C. (org.). <strong>Psicologia da Educa\u00e7\u00e3o Virtual<\/strong><em>:<\/em> aprender e ensinar com as Tecnologias da Informa\u00e7\u00e3o e da Comunica\u00e7\u00e3o<strong>. <\/strong>Porto Alegre: Artmed, 2010, p. 66-93.<\/p>\n<p><strong>\u00a0<\/strong>Observa\u00e7\u00f5es:<\/p>\n<p>&#8211; O livro est\u00e1 dispon\u00edvel na Minha Biblioteca \/ Biblioteca da Unoeste<\/p>\n<p>&#8211; Digitalizamos o cap\u00edtulo que discutiremos e est\u00e1 dispon\u00edvel no seguinte endere\u00e7o:\u00a0<a href=\"https:\/\/drive.google.com\/file\/d\/165snKLJdD2-cC_nVxlCW6JqvFG8e6EqZ\/view?usp=sharing\" target=\"_blank\">https:\/\/drive.google.com\/file\/d\/165snKLJdD2-cC_nVxlCW6JqvFG8e6EqZ\/view?usp=sharing<\/a><\/p>\n<p><b>Dezembro<\/b><\/p>\n<p>Data: 14\/12\/2021<\/p>\n<p>Hor\u00e1rio: 13:00<\/p>\n<p>Local: Plataforma Google (Meet)<\/p>\n<p><a href=\"https:\/\/sites.unoeste.br\/contepea\/wp-content\/uploads\/2021\/02\/reuni\u00e3o-14dez2021.pdf\">Pauta de Dezembro<\/a><\/p>\n<p><strong>Textos para discuss\u00e3o:<\/strong><\/p>\n<p>MONEREO, C.; POZO, J. I. O aluno em ambientes virtuais: condi\u00e7\u00f5es, perfil e compet\u00eancias. <em>In:<\/em> COLL, C.; MONEREO, C. (org.). <strong>Psicologia da Educa\u00e7\u00e3o Virtual<\/strong><em>:<\/em> aprender e ensinar com as Tecnologias da Informa\u00e7\u00e3o e da Comunica\u00e7\u00e3o<strong>. <\/strong>Porto Alegre: Artmed, 2010, p. 97-117.<\/p>\n<p>MAURI, T.; ONRUBIA, J. O professor em ambientes virtuais: perfil, condi\u00e7\u00f5es e compet\u00eancias. <em>In:<\/em> COLL, C.; MONEREO, C. (org.). <strong>Psicologia da Educa\u00e7\u00e3o Virtual<\/strong><em>:<\/em> aprender e ensinar com as Tecnologias da Informa\u00e7\u00e3o e da Comunica\u00e7\u00e3o<strong>. <\/strong>Porto Alegre: Artmed, 2010, p. 118-135.<\/p>\n<p>Observa\u00e7\u00e3o:<\/p>\n<p>&#8211; O livro est\u00e1 dispon\u00edvel na Minha Biblioteca \/ Biblioteca da Unoeste.<\/p>\n","protected":false},"excerpt":{"rendered":"<p>1\u00b0 Semestre de 2021 Fevereiro Data: 24\/02\/2021 Hor\u00e1rio: 14:00 Local: Plataforma Google (Meet) Pauta de Fevereiro Textos para discuss\u00e3o: GRANDISOLI, E.; JACOBI, P. R.; MARCHINI, S. Pesquisa Educa\u00e7\u00e3o, Doc\u00eancia e a COVID-19. S\u00e3o Paulo: IEA USP, 2020. Dispon\u00edvel em: http:\/\/www.iea.usp.br\/pesquisa\/projetos-institucionais\/usp-cidades-globais\/pesquisa-educacao-docencia-e-a-covid-19. Acesso em: 17 fev. 2021. OLIVEIRA, S. da S.; SILVA, O. S. F.; SILVA, M. [&hellip;]<\/p>\n","protected":false},"author":1,"featured_media":0,"parent":0,"menu_order":0,"comment_status":"closed","ping_status":"closed","template":"","meta":{"footnotes":""},"_links":{"self":[{"href":"https:\/\/sites.unoeste.br\/contepea\/wp-json\/wp\/v2\/pages\/6699"}],"collection":[{"href":"https:\/\/sites.unoeste.br\/contepea\/wp-json\/wp\/v2\/pages"}],"about":[{"href":"https:\/\/sites.unoeste.br\/contepea\/wp-json\/wp\/v2\/types\/page"}],"author":[{"embeddable":true,"href":"https:\/\/sites.unoeste.br\/contepea\/wp-json\/wp\/v2\/users\/1"}],"replies":[{"embeddable":true,"href":"https:\/\/sites.unoeste.br\/contepea\/wp-json\/wp\/v2\/comments?post=6699"}],"version-history":[{"count":20,"href":"https:\/\/sites.unoeste.br\/contepea\/wp-json\/wp\/v2\/pages\/6699\/revisions"}],"predecessor-version":[{"id":6752,"href":"https:\/\/sites.unoeste.br\/contepea\/wp-json\/wp\/v2\/pages\/6699\/revisions\/6752"}],"wp:attachment":[{"href":"https:\/\/sites.unoeste.br\/contepea\/wp-json\/wp\/v2\/media?parent=6699"}],"curies":[{"name":"wp","href":"https:\/\/api.w.org\/{rel}","templated":true}]}}