{"id":6724,"date":"2021-08-26T11:16:39","date_gmt":"2021-08-26T14:16:39","guid":{"rendered":"http:\/\/sites.unoeste.br\/contepea\/?page_id=6724"},"modified":"2025-04-02T20:08:23","modified_gmt":"2025-04-02T23:08:23","slug":"defesas-2021","status":"publish","type":"page","link":"https:\/\/sites.unoeste.br\/contepea\/defesas-2021\/","title":{"rendered":"Defesas 2021"},"content":{"rendered":"<header class=\"entry-header page-header\">\n<h3 class=\"entry-title\">Disserta\u00e7\u00f5es Defendidas 2021<\/h3>\n<\/header>\n<div class=\"entry-content\">\n<h3><\/h3>\n<p><strong>Candidato:\u00a0<\/strong>Jos\u00e9 Eduardo Lima Lourencini<\/p>\n<p><strong>T\u00edtulo da Disserta\u00e7\u00e3o:<\/strong>\u00a0<a href=\"http:\/\/bdtd.unoeste.br:8080\/jspui\/handle\/jspui\/1331\" target=\"_blank\" rel=\"noopener\">A constru\u00e7\u00e3o de saberes jur\u00eddicos por meio da produ\u00e7\u00e3o de m\u00eddias por estudantes de um curso de direito.<\/a><\/p>\n<p><strong>Banca:\u00a0<\/strong><\/p>\n<p>&#8211;\u00a0\u00a0Profa. Dra. Monica Furkotter (orientadora)<\/p>\n<p>&#8211; Profa. Dra. Raquel Rosan Christino Gitahy (membro interno)<\/p>\n<p>&#8211; Profa. Dra. Cl\u00e1udia Maria de Lima (membro externo)<\/p>\n<p><strong>Data:<\/strong>\u00a026\/02\/2021<\/p>\n<p><strong>Local:\u00a0<\/strong>Bloco B2, Campus II, Unoeste<\/p>\n<p><strong>Candidata: <\/strong>Mariana Aparecida Grillo<\/p>\n<p><strong>T\u00edtulo da Disserta\u00e7\u00e3o:<\/strong>\u00a0<a href=\"http:\/\/bdtd.unoeste.br:8080\/jspui\/handle\/jspui\/1382\" target=\"_blank\" rel=\"noopener\">Educa\u00e7\u00e3o infantil e a constru\u00e7\u00e3o de valores morais: dialogando com gestores e docentes de uma pr\u00e9-escola municipal<\/a>.<\/p>\n<p><strong>Banca:\u00a0<\/strong><\/p>\n<p>&#8211;\u00a0\u00a0Profa. Dra.\u00a0Carmen L\u00facia Dias (orientadora)<\/p>\n<p>&#8211; Profa. Dra. Monica F\u00fcrkotter (membro interno)<\/p>\n<p>&#8211; Profa. Dra. Cinthia Magda Fernandes Ariosi (membro externo)<\/p>\n<p><strong>Data:<\/strong>\u00a028\/06\/2021<\/p>\n<p><strong>Local:\u00a0<\/strong>Bloco B2, Campus II, Unoeste<\/p>\n<\/div>\n","protected":false},"excerpt":{"rendered":"<p>Disserta\u00e7\u00f5es Defendidas 2021 Candidato:\u00a0Jos\u00e9 Eduardo Lima Lourencini T\u00edtulo da Disserta\u00e7\u00e3o:\u00a0A constru\u00e7\u00e3o de saberes jur\u00eddicos por meio da produ\u00e7\u00e3o de m\u00eddias por estudantes de um curso de direito. Banca:\u00a0 &#8211;\u00a0\u00a0Profa. Dra. Monica Furkotter (orientadora) &#8211; Profa. Dra. Raquel Rosan Christino Gitahy (membro interno) &#8211; Profa. Dra. Cl\u00e1udia Maria de Lima (membro externo) Data:\u00a026\/02\/2021 Local:\u00a0Bloco B2, Campus [&hellip;]<\/p>\n","protected":false},"author":1,"featured_media":0,"parent":0,"menu_order":0,"comment_status":"closed","ping_status":"closed","template":"","meta":{"footnotes":""},"_links":{"self":[{"href":"https:\/\/sites.unoeste.br\/contepea\/wp-json\/wp\/v2\/pages\/6724"}],"collection":[{"href":"https:\/\/sites.unoeste.br\/contepea\/wp-json\/wp\/v2\/pages"}],"about":[{"href":"https:\/\/sites.unoeste.br\/contepea\/wp-json\/wp\/v2\/types\/page"}],"author":[{"embeddable":true,"href":"https:\/\/sites.unoeste.br\/contepea\/wp-json\/wp\/v2\/users\/1"}],"replies":[{"embeddable":true,"href":"https:\/\/sites.unoeste.br\/contepea\/wp-json\/wp\/v2\/comments?post=6724"}],"version-history":[{"count":10,"href":"https:\/\/sites.unoeste.br\/contepea\/wp-json\/wp\/v2\/pages\/6724\/revisions"}],"predecessor-version":[{"id":7011,"href":"https:\/\/sites.unoeste.br\/contepea\/wp-json\/wp\/v2\/pages\/6724\/revisions\/7011"}],"wp:attachment":[{"href":"https:\/\/sites.unoeste.br\/contepea\/wp-json\/wp\/v2\/media?parent=6724"}],"curies":[{"name":"wp","href":"https:\/\/api.w.org\/{rel}","templated":true}]}}