{"id":6797,"date":"2023-03-14T20:44:43","date_gmt":"2023-03-14T23:44:43","guid":{"rendered":"http:\/\/sites.unoeste.br\/contepea\/?page_id=6797"},"modified":"2025-04-02T21:05:05","modified_gmt":"2025-04-03T00:05:05","slug":"reunioes-2023","status":"publish","type":"page","link":"https:\/\/sites.unoeste.br\/contepea\/reunioes-2023\/","title":{"rendered":"Reuni\u00f5es 2023"},"content":{"rendered":"<h4><b>Mar\u00e7o<\/b><\/h4>\n<p>Data: 15\/03\/2023<\/p>\n<p>Hor\u00e1rio: 14:00 h<\/p>\n<p>Local: Plataforma Google (Meet)<\/p>\n<p>link:<strong>\u00a0<\/strong><a href=\"https:\/\/meet.google.com\/raj-bvcj-rwk\" target=\"_blank\" rel=\"noopener\">https:\/\/meet.google.com\/raj-bvcj-rwk<\/a><\/p>\n<p><a href=\"https:\/\/sites.unoeste.br\/contepea\/wp-content\/uploads\/2023\/03\/reuni\u00e3o-15mar2023_rev-monica1.pdf\">Pauta de Mar\u00e7o<\/a><\/p>\n<p><strong>Ciclo de Palestras &#8211; \u201cPIAGET, VIGOTSKY, WALLON E AUSUBEL E SUAS CONTRIBUI\u00c7\u00d5ES PARA A EDUCA\u00c7\u00c3O\u201d<\/strong><\/p>\n<p><strong>Convidados:<\/strong> Profa. Dra. Juliana Aparecida Matias Zecchi (IFSP, Campus Presidente Epit\u00e1cio), Prof. Dr. Marcos Vinicius Francisco (UEM), Profa. Dra. Viviane Aparecida Ferreira Favareto Cacheffo (UFMS\/Campus Ponta Por\u00e3), Profa. Dra. Graziela Ferreira de Souza (UEPG).<\/p>\n<h4><b>Abril<\/b><\/h4>\n<p>Data: 11\/04\/2023 e 26\/04\/2023<\/p>\n<p>Hor\u00e1rio: 14:00 h<\/p>\n<p>Local: Plataforma Google (Meet)<\/p>\n<p>link:<strong>\u00a0<\/strong><a href=\"https:\/\/meet.google.com\/raj-bvcj-rwk\" target=\"_blank\" rel=\"noopener\">https:\/\/meet.google.com\/raj-bvcj-rwk<\/a><\/p>\n<p><a href=\"https:\/\/sites.unoeste.br\/contepea\/wp-content\/uploads\/2023\/03\/reuni\u00e3o-15mar2023_rev-monica2.pdf\">Pauta de Abril<\/a><\/p>\n<p><strong>Ciclo de Palestras &#8211; \u201cPIAGET, VIGOTSKY, WALLON E AUSUBEL E SUAS CONTRIBUI\u00c7\u00d5ES PARA A EDUCA\u00c7\u00c3O\u201d<\/strong><\/p>\n<p><strong>Convidados:<\/strong>\u00a0Profa. Dra. Juliana Aparecida Matias Zecchi (IFSP, Campus Presidente Epit\u00e1cio), Prof. Dr. Marcos Vinicius Francisco (UEM), Profa. Dra. Viviane Aparecida Ferreira Favareto Cacheffo (UFMS\/Campus Ponta Por\u00e3), Profa. Dra. Graziela Ferreira de Souza (UEPG).<\/p>\n<p><b>Maio<\/b><\/p>\n<p>Data: 10\/05\/2023<\/p>\n<p>Hor\u00e1rio: 14:00 h<\/p>\n<p>Local: Plataforma Google (Meet)<\/p>\n<p>link:<strong>\u00a0<\/strong><a href=\"https:\/\/meet.google.com\/raj-bvcj-rwk\" target=\"_blank\" rel=\"noopener\">https:\/\/meet.google.com\/raj-bvcj-rwk<\/a><\/p>\n<p><a href=\"https:\/\/sites.unoeste.br\/contepea\/wp-content\/uploads\/2023\/03\/reuni\u00e3o-15mar2023_rev-monica3.pdf\">Pauta de Maio<\/a><\/p>\n<p><strong>Ciclo de Palestras &#8211; \u201cPIAGET, VIGOTSKY, WALLON E AUSUBEL E SUAS CONTRIBUI\u00c7\u00d5ES PARA A EDUCA\u00c7\u00c3O\u201d<\/strong><\/p>\n<p><strong>Convidados:<\/strong>\u00a0Profa. Dra. Juliana Aparecida Matias Zecchi (IFSP, Campus Presidente Epit\u00e1cio), Prof. Dr. Marcos Vinicius Francisco (UEM), Profa. Dra. Viviane Aparecida Ferreira Favareto Cacheffo (UFMS\/Campus Ponta Por\u00e3), Profa. Dra. Graziela Ferreira de Souza (UEPG).<\/p>\n<p><b>Junho<\/b><\/p>\n<p>Data: 21\/06\/2023<\/p>\n<p>Hor\u00e1rio: 14:00 h<\/p>\n<p>Local: Plataforma Google (Meet)<\/p>\n<p>link:<strong>\u00a0<\/strong><a href=\"https:\/\/meet.google.com\/raj-bvcj-rwk\" target=\"_blank\" rel=\"noopener\">https:\/\/meet.google.com\/raj-bvcj-rwk<\/a><\/p>\n<p><a href=\"https:\/\/sites.unoeste.br\/contepea\/wp-content\/uploads\/2023\/03\/reuni\u00e3o-15mar2023_rev-monica4.pdf\">Pauta de Junho<\/a><\/p>\n<p><strong>Ciclo de Palestras &#8211; \u201cPIAGET, VIGOTSKY, WALLON E AUSUBEL E SUAS CONTRIBUI\u00c7\u00d5ES PARA A EDUCA\u00c7\u00c3O\u201d<\/strong><\/p>\n<p><strong>Convidados:<\/strong>\u00a0Profa. Dra. Juliana Aparecida Matias Zecchi (IFSP, Campus Presidente Epit\u00e1cio), Prof. Dr. Marcos Vinicius Francisco (UEM), Profa. Dra. Viviane Aparecida Ferreira Favareto Cacheffo (UFMS\/Campus Ponta Por\u00e3), Profa. Dra. Graziela Ferreira de Souza (UEPG).<\/p>\n<p><strong>Setembro<\/strong><br \/>\n<strong>Data:<\/strong> 19\/09\/2023<br \/>\n<strong>Hor\u00e1rio:<\/strong> 14:00 h<br \/>\n<strong>Local<\/strong>: Plataforma Google (Meet)<br \/>\nlink: <a href=\"https:\/\/meet.google.com\/raj-bvcj-rwk\">https:\/\/meet.google.com\/raj-bvcj-rwk\u00a0\u00a0<\/a><br \/>\n<strong>Ciclo de Palestras<\/strong> \u2013 A PESQUISA EM DISCUSS\u00c3O \u201cPesquisas qualitativas e quantitativas\u201d.<br \/>\n<strong>Palestrante:<\/strong> Prof. Dr. Ad\u00e3o Aparecido Molina, da Universidade Estadual do Paran\u00e1 (UNESPAR).<\/p>\n<p><strong>Outubro<\/strong><br \/>\n<strong>Data:<\/strong> 11\/10\/2024<br \/>\n<strong>Hor\u00e1rio:<\/strong> 14:00 h<br \/>\n<strong>Local:<\/strong> Plataforma Google (Meet)<br \/>\nlink: <a href=\"https:\/\/meet.google.com\/raj-bvcj-rwk\">https:\/\/meet.google.com\/raj-bvcj-rwk<\/a><br \/>\n<strong>Ciclo de Palestras<\/strong> \u2013 A PESQUISA EM DISCUSS\u00c3O \u201cAn\u00e1lise documental e pesquisas bibliogr\u00e1ficas\u201d.<br \/>\n<strong>Palestrante:<\/strong> Prof. Dr. C\u00e9zar de Alencar Arnaut de Toledo do Programa de P\u00f3s-Gradua\u00e7\u00e3o em Educa\u00e7\u00e3o da Universidade Estadual de Maring\u00e1 (UEM).<\/p>\n<p><strong>Novembro<\/strong><br \/>\n<strong>&#8211; Data:<\/strong> 13\/11\/2023<br \/>\n<strong>Hor\u00e1rio<\/strong>: 14:00 h<br \/>\n<strong>Local<\/strong>: Plataforma Google (Meet)<br \/>\nlink: <a href=\"https:\/\/meet.google.com\/raj-bvcj-rwk\">https:\/\/meet.google.com\/raj-bvcj-rwk<\/a><br \/>\n<strong>Ciclo de Palestras<\/strong> \u2013 A PESQUISA EM DISCUSS\u00c3O: \u201cEstudo de Caso\u201d.<br \/>\n<strong>Palestrante:<\/strong> Prof. Dr. Alessandro Santos da Rocha \u2013 Professor do Departamento de Fundamentos da Educa\u00e7\u00e3o (DFE), da Universidade Estadual de Maring\u00e1 e do Mestrado Profissional em Agroecologia (PROFAGROEC).<br \/>\n<strong>&#8211; Data:<\/strong> 14\/11\/2023<br \/>\n<strong>Hor\u00e1rio<\/strong>: 14:00 h<br \/>\n<strong>Local:<\/strong> Plataforma Google (Meet)<br \/>\nlink: <a href=\"https:\/\/meet.google.com\/raj-bvcj-rwk\">https:\/\/meet.google.com\/raj-bvcj-rwk<\/a><br \/>\n<strong>Ciclo de Palestras<\/strong> \u2013 A PESQUISA EM DISCUSS\u00c3O: \u201cPesquisa interven\u00e7\u00e3o-formativa\u201d.<br \/>\nPalestrante: Prof. Dr. IRINEU ALIPRANDOTUIM VIOTTO FILHO, da Unesp\/Campus de Presidente Prudente.<\/p>\n","protected":false},"excerpt":{"rendered":"<p>Mar\u00e7o Data: 15\/03\/2023 Hor\u00e1rio: 14:00 h Local: Plataforma Google (Meet) link:\u00a0https:\/\/meet.google.com\/raj-bvcj-rwk Pauta de Mar\u00e7o Ciclo de Palestras &#8211; \u201cPIAGET, VIGOTSKY, WALLON E AUSUBEL E SUAS CONTRIBUI\u00c7\u00d5ES PARA A EDUCA\u00c7\u00c3O\u201d Convidados: Profa. Dra. Juliana Aparecida Matias Zecchi (IFSP, Campus Presidente Epit\u00e1cio), Prof. Dr. Marcos Vinicius Francisco (UEM), Profa. Dra. Viviane Aparecida Ferreira Favareto Cacheffo (UFMS\/Campus Ponta [&hellip;]<\/p>\n","protected":false},"author":1,"featured_media":0,"parent":0,"menu_order":0,"comment_status":"closed","ping_status":"closed","template":"","meta":{"footnotes":""},"_links":{"self":[{"href":"https:\/\/sites.unoeste.br\/contepea\/wp-json\/wp\/v2\/pages\/6797"}],"collection":[{"href":"https:\/\/sites.unoeste.br\/contepea\/wp-json\/wp\/v2\/pages"}],"about":[{"href":"https:\/\/sites.unoeste.br\/contepea\/wp-json\/wp\/v2\/types\/page"}],"author":[{"embeddable":true,"href":"https:\/\/sites.unoeste.br\/contepea\/wp-json\/wp\/v2\/users\/1"}],"replies":[{"embeddable":true,"href":"https:\/\/sites.unoeste.br\/contepea\/wp-json\/wp\/v2\/comments?post=6797"}],"version-history":[{"count":8,"href":"https:\/\/sites.unoeste.br\/contepea\/wp-json\/wp\/v2\/pages\/6797\/revisions"}],"predecessor-version":[{"id":7021,"href":"https:\/\/sites.unoeste.br\/contepea\/wp-json\/wp\/v2\/pages\/6797\/revisions\/7021"}],"wp:attachment":[{"href":"https:\/\/sites.unoeste.br\/contepea\/wp-json\/wp\/v2\/media?parent=6797"}],"curies":[{"name":"wp","href":"https:\/\/api.w.org\/{rel}","templated":true}]}}