{"id":7014,"date":"2025-04-02T20:29:17","date_gmt":"2025-04-02T23:29:17","guid":{"rendered":"https:\/\/sites.unoeste.br\/contepea\/?page_id=7014"},"modified":"2025-04-02T21:39:30","modified_gmt":"2025-04-03T00:39:30","slug":"defesas-2024","status":"publish","type":"page","link":"https:\/\/sites.unoeste.br\/contepea\/defesas-2024\/","title":{"rendered":"Defesas 2024"},"content":{"rendered":"\n<p><strong>DISSERTA\u00c7\u00d5ES Defendidas em 2024<\/strong><\/p>\n\n\n\n<p><strong>Candidata:&nbsp;<\/strong>Nahiara Thatiana da Silva Benetti<\/p>\n\n\n\n<p><strong>T\u00edtulo da Disserta\u00e7\u00e3o:<\/strong>&nbsp;<a href=\"http:\/\/bdtd.unoeste.br:8080\/jspui\/handle\/jspui\/1594\" data-type=\"link\" data-id=\"http:\/\/bdtd.unoeste.br:8080\/jspui\/handle\/jspui\/1594\">Brincando com bonecos de pano: possibilidades de constru\u00e7\u00e3o de valores morais e v\u00ednculos afetivos na pr\u00e9-escola.<\/a> <\/p>\n\n\n\n<p><strong>Banca:&nbsp;<\/strong><\/p>\n\n\n\n<p>\u2013&nbsp;&nbsp;Profa. Dra. Carmen L\u00facia Dias (Orientadora)<\/p>\n\n\n\n<p>\u2013 Profa. Dra. Elisa Tomoe Moriya Schl\u00fcnzen (membro interno)<\/p>\n\n\n\n<p>\u2013 Profa. Dra. Andreia Cristiane Silva Wiezzel (membro externo)<\/p>\n\n\n\n<p><strong>Data:<\/strong>&nbsp;01\/03\/2024<\/p>\n\n\n\n<p><strong>Local:&nbsp;<\/strong>Bloco B2, Campus II, Unoeste<\/p>\n\n\n\n<p><strong>Candidata:&nbsp;<\/strong>Lilian Franco Cano<\/p>\n\n\n\n<p><strong>T\u00edtulo da Disserta\u00e7\u00e3o<\/strong>: <a href=\"http:\/\/bdtd.unoeste.br:8080\/jspui\/handle\/jspui\/1618\" data-type=\"link\" data-id=\"http:\/\/bdtd.unoeste.br:8080\/jspui\/handle\/jspui\/1618\">Produ\u00e7\u00e3o de m\u00eddias digitais: possibilidades para a constru\u00e7\u00e3o de conhecimentos de L\u00edngua Portuguesa. <\/a> <\/p>\n\n\n\n<p><strong>Banca:<\/strong><\/p>\n\n\n\n<p>\u2013&nbsp;&nbsp;Profa. Dra. Monica F\u00fcrkotter (Orientadora)<\/p>\n\n\n\n<p>\u2013 Profa. Dra. Elsa Midori Shimazaki (membro interno)<\/p>\n\n\n\n<p>\u2013 Profa. Dra. Maria Raquel Miotto Morelatti (membro externo)<\/p>\n\n\n\n<p><strong>Data:<\/strong>&nbsp;06\/02\/2024<\/p>\n\n\n\n<p><strong>Local:&nbsp;<\/strong>Bloco B2, Campus II, Unoeste<\/p>\n\n\n\n<p><strong>Candidata:<\/strong>&nbsp;Marlene Aparecida Ramos Stefanini<\/p>\n\n\n\n<p><strong>T\u00edtulo da Disserta\u00e7\u00e3o:<\/strong>&nbsp;<a href=\"http:\/\/bdtd.unoeste.br:8080\/jspui\/handle\/jspui\/1653\">Uso do g\u00eanero textual no desenvolvimento das fun\u00e7\u00f5es psicol\u00f3gicas superiores na educa\u00e7\u00e3o infantil. <\/a><\/p>\n\n\n\n<p><strong>Banca:<\/strong><\/p>\n\n\n\n<p>\u2013&nbsp;&nbsp;Profa. Dra. Elsa Midori Shimazak (Orientadora)<\/p>\n\n\n\n<p>\u2013 Prof. Dr. Cristiano Amaral Garboggini Di Giorgi (membro interno)<\/p>\n\n\n\n<p>\u2013 Prof. Dr. Alessandro Santos da Rocha (membro externo)<\/p>\n\n\n\n<p><strong>Data:<\/strong>&nbsp;22\/08\/2024<\/p>\n\n\n\n<p><strong>Local:&nbsp;<\/strong>Bloco B2, Campus II, Unoeste<\/p>\n\n\n\n<p><\/p>\n\n\n\n<p><strong>TESES Defendidas 2024<\/strong><\/p>\n\n\n\n<p><strong>Candidato<\/strong>: Murilo Sabbag Moretti<\/p>\n\n\n\n<p><strong>T\u00edtulo da Tese:<\/strong> <a href=\"http:\/\/bdtd.unoeste.br:8080\/jspui\/handle\/jspui\/1613\">Viol\u00eancia contra crian\u00e7as e a forma\u00e7\u00e3o continuada de professores do ensino fundamental I<\/a><\/p>\n\n\n\n<p><strong>Banca:<\/strong> <\/p>\n\n\n\n<p>\u2013&nbsp;&nbsp;Profa. Dra. Carmen L\u00facia Dias (Orientadora)<\/p>\n\n\n\n<p>\u2013 Profa. Dra. Cam\u00e9lia Santino Murgo (membro interno)<\/p>\n\n\n\n<p>\u2013 Profa. Dra. Elisa Tomoe Moriya Schl\u00fcnzen (membro interno)<\/p>\n\n\n\n<p>\u2013 Profa. Dra. Juliana Aparecida Matias Zechi (membro externo)<\/p>\n\n\n\n<p>\u2013 Profa. Dra. Rita Melissa Lepre (membro externo)<\/p>\n\n\n\n<p><strong>Data:<\/strong>&nbsp;05\/04\/2024<\/p>\n\n\n\n<p><strong>Local:&nbsp;<\/strong>Bloco B2, Campus II, Unoeste <\/p>\n\n\n\n<p><strong>Candidata<\/strong>: Camila Cassemiro Rosa<\/p>\n\n\n\n<p><strong>T\u00edtulo da Tese:<\/strong> <a href=\"http:\/\/bdtd.unoeste.br:8080\/jspui\/handle\/jspui\/1652\">Atual forma\u00e7\u00e3o inicial de professores de educa\u00e7\u00e3o f\u00edsica e a inclus\u00e3o: realidade de uma universidade p\u00fablica.<\/a> <\/p>\n\n\n\n<p><strong>Banca: <\/strong><\/p>\n\n\n\n<p>\u2013&nbsp;&nbsp;Profa. Dra. Carmen L\u00facia Dias (Orientadora)<\/p>\n\n\n\n<p>\u2013 Profa. Danielle Aparecida Do Nascimento Dos Santos (membro interno)<\/p>\n\n\n\n<p>\u2013 Profa. Dra. Elisa Tomoe Moriya Schl\u00fcnzen (membro interno)<\/p>\n\n\n\n<p>\u2013 Prof. Dr. Paulo Roberto Brancatti (membro externo)<\/p>\n\n\n\n<p>\u2013 Prof. Dr. Irineu Aliprando Tuim Viotto Filho (membro externo) <\/p>\n\n\n\n<p><strong>Data:<\/strong>&nbsp;26\/06\/2024<\/p>\n\n\n\n<p><strong>Local:&nbsp;<\/strong>Bloco B2, Campus II, Unoeste  <\/p>\n","protected":false},"excerpt":{"rendered":"<p>DISSERTA\u00c7\u00d5ES Defendidas em 2024 Candidata:&nbsp;Nahiara Thatiana da Silva Benetti T\u00edtulo da Disserta\u00e7\u00e3o:&nbsp;Brincando com bonecos de pano: possibilidades de constru\u00e7\u00e3o de valores morais e v\u00ednculos afetivos na pr\u00e9-escola. Banca:&nbsp; \u2013&nbsp;&nbsp;Profa. Dra. Carmen L\u00facia Dias (Orientadora) \u2013 Profa. Dra. Elisa Tomoe Moriya Schl\u00fcnzen (membro interno) \u2013 Profa. Dra. Andreia Cristiane Silva Wiezzel (membro externo) Data:&nbsp;01\/03\/2024 Local:&nbsp;Bloco B2, [&hellip;]<\/p>\n","protected":false},"author":1,"featured_media":0,"parent":0,"menu_order":0,"comment_status":"closed","ping_status":"closed","template":"","meta":{"footnotes":""},"_links":{"self":[{"href":"https:\/\/sites.unoeste.br\/contepea\/wp-json\/wp\/v2\/pages\/7014"}],"collection":[{"href":"https:\/\/sites.unoeste.br\/contepea\/wp-json\/wp\/v2\/pages"}],"about":[{"href":"https:\/\/sites.unoeste.br\/contepea\/wp-json\/wp\/v2\/types\/page"}],"author":[{"embeddable":true,"href":"https:\/\/sites.unoeste.br\/contepea\/wp-json\/wp\/v2\/users\/1"}],"replies":[{"embeddable":true,"href":"https:\/\/sites.unoeste.br\/contepea\/wp-json\/wp\/v2\/comments?post=7014"}],"version-history":[{"count":4,"href":"https:\/\/sites.unoeste.br\/contepea\/wp-json\/wp\/v2\/pages\/7014\/revisions"}],"predecessor-version":[{"id":7032,"href":"https:\/\/sites.unoeste.br\/contepea\/wp-json\/wp\/v2\/pages\/7014\/revisions\/7032"}],"wp:attachment":[{"href":"https:\/\/sites.unoeste.br\/contepea\/wp-json\/wp\/v2\/media?parent=7014"}],"curies":[{"name":"wp","href":"https:\/\/api.w.org\/{rel}","templated":true}]}}