{"id":74,"date":"2020-06-17T12:47:22","date_gmt":"2020-06-17T12:47:22","guid":{"rendered":"http:\/\/sites.unoeste.br\/enepe\/?page_id=74"},"modified":"2022-04-01T19:03:31","modified_gmt":"2022-04-01T19:03:31","slug":"forum","status":"publish","type":"page","link":"https:\/\/sites.unoeste.br\/enepe\/","title":{"rendered":"F\u00f3rum"},"content":{"rendered":"\n<p>O&nbsp;<strong>XXVII Encontro Nacional de Ensino, Pesquisa e Extens\u00e3o \u2013 ENEPE<\/strong>, da Universidade do Oeste Paulista \u2013 UNOESTE, se constitui em um tradicional evento para a apresenta\u00e7\u00e3o dos resultados dos trabalhos realizados no \u00e2mbito da gradua\u00e7\u00e3o e p\u00f3s-gradua\u00e7\u00e3o, bem como um espa\u00e7o para discuss\u00e3o de ideias, fomento \u00e0 criatividade e inova\u00e7\u00e3o.<\/p>\n\n\n\n<p>Neste ano o ENEPE o continua com a op\u00e7\u00e3o da categoria F\u00d3RUM DE DISCUSS\u00c3O para apresenta\u00e7\u00e3o de trabalhos.<\/p>\n\n\n\n<p>Nesta categoria, os autores preparam a apresenta\u00e7\u00e3o de seu trabalho em v\u00eddeo com dura\u00e7\u00e3o de 10 a 15 minutos e este \u00e9 disponibilizado em suas respectivas \u00e1reas de conhecimento (ao lado).<\/p>\n\n\n\n<p>Os v\u00eddeos estar\u00e3o dispon\u00edveis para visualiza\u00e7\u00e3o, perguntas e coment\u00e1rios dos participantes no per\u00edodo de&nbsp;<strong>11 a 21 de outubro de 2022<\/strong>. Ap\u00f3s esse per\u00edodo, a visualiza\u00e7\u00e3o continuar\u00e1 dispon\u00edvel, mas n\u00e3o coment\u00e1rios.<\/p>\n\n\n\n<p>Para cada trabalho haver\u00e1 um mediador respons\u00e1vel pelo acompanhamento dos coment\u00e1rios e perguntas. Os autores dos trabalhos participam ativamente do F\u00d3RUM DE DISCUSS\u00c3O, respondendo \u00e0s perguntas e coment\u00e1rios.<br>Comiss\u00e3o Cient\u00edfica do ENEPE.<\/p>\n","protected":false},"excerpt":{"rendered":"<p>O&nbsp;XXVII Encontro Nacional de Ensino, Pesquisa e Extens\u00e3o \u2013 ENEPE, da Universidade do Oeste Paulista \u2013 UNOESTE, se constitui em um tradicional evento para a apresenta\u00e7\u00e3o dos resultados dos trabalhos realizados no \u00e2mbito da gradua\u00e7\u00e3o e p\u00f3s-gradua\u00e7\u00e3o, bem como um espa\u00e7o para discuss\u00e3o de ideias, fomento \u00e0 criatividade e inova\u00e7\u00e3o. Neste ano o ENEPE o [&hellip;]<\/p>\n","protected":false},"author":1,"featured_media":0,"parent":0,"menu_order":0,"comment_status":"closed","ping_status":"closed","template":"","meta":[],"_links":{"self":[{"href":"https:\/\/sites.unoeste.br\/enepe\/index.php\/wp-json\/wp\/v2\/pages\/74"}],"collection":[{"href":"https:\/\/sites.unoeste.br\/enepe\/index.php\/wp-json\/wp\/v2\/pages"}],"about":[{"href":"https:\/\/sites.unoeste.br\/enepe\/index.php\/wp-json\/wp\/v2\/types\/page"}],"author":[{"embeddable":true,"href":"https:\/\/sites.unoeste.br\/enepe\/index.php\/wp-json\/wp\/v2\/users\/1"}],"replies":[{"embeddable":true,"href":"https:\/\/sites.unoeste.br\/enepe\/index.php\/wp-json\/wp\/v2\/comments?post=74"}],"version-history":[{"count":9,"href":"https:\/\/sites.unoeste.br\/enepe\/index.php\/wp-json\/wp\/v2\/pages\/74\/revisions"}],"predecessor-version":[{"id":291,"href":"https:\/\/sites.unoeste.br\/enepe\/index.php\/wp-json\/wp\/v2\/pages\/74\/revisions\/291"}],"wp:attachment":[{"href":"https:\/\/sites.unoeste.br\/enepe\/index.php\/wp-json\/wp\/v2\/media?parent=74"}],"curies":[{"name":"wp","href":"https:\/\/api.w.org\/{rel}","templated":true}]}}