{"id":526,"date":"2023-04-13T12:47:29","date_gmt":"2023-04-13T12:47:29","guid":{"rendered":"https:\/\/sites.unoeste.br\/gepsce\/?page_id=526"},"modified":"2025-07-28T21:00:56","modified_gmt":"2025-07-28T21:00:56","slug":"projetos-em-andamento","status":"publish","type":"page","link":"https:\/\/sites.unoeste.br\/gepsce\/index.php\/projetos-em-andamento\/","title":{"rendered":"Projetos em andamento"},"content":{"rendered":"<p><strong>Projetos de Pesquisa em andamento:<\/strong><\/p>\n<ol>\n<li><strong>Cogni\u00e7\u00e3o musical<\/strong>. Integrantes: Felipe Viegas Rodrigues &#8211; Coordenador. Investiga\u00e7\u00e3o da aten\u00e7\u00e3o e das fun\u00e7\u00f5es executivas por meio da psicof\u00edsica. Integrantes: Felipe Viegas Rodrigues &#8211; Coordenador \/ C\u00e9lia Maria Navarro &#8211; Integrante \/ Ana Paula Domeneghetti Parizoto Fabrin &#8211; Integrante.<\/li>\n<li><strong>Sa\u00fade Emocional e Bem-estar na pr\u00e1tica Docente<\/strong>. Integrantes: Cam\u00e9lia Santina Murgo &#8211; Coordenador \/ Rodrigo Aparecido Engel &#8211; Integrante \/ Rebeca Bressa &#8211; Integrante \/ Andressa Pereira de Souza &#8211; Integrante \/ Aline Fonseca Franco &#8211; Integrante \/ Natalia Miranda Borges &#8211; Integrante\n<div id=\"eMRFo2Y3wvYEwKb\">\n<p lang=\"de\">Viele M\u00e4nner erleben im Laufe ihres Lebens Phasen, in denen sie Schwierigkeiten haben, die sexuelle Erregung aufrechtzuerhalten. Diese Herausforderungen k\u00f6nnen sowohl psychologische als auch physische Ursachen haben und sind oft eine Quelle von Stress und Unbehagen. Wenn jemand in dieser Situation ist, kann es hilfreich sein, sich \u00fcber verschiedene Behandlungsm\u00f6glichkeiten zu informieren. Eine Option, die oft in Betracht gezogen wird, ist die Suche nach Medikamenten wie Aldara, deren Preis h\u00e4ufig das Hauptaugenmerk der Patienten ist. Informationen zu Preisen k\u00f6nnen auf Plattformen wie <a href=\"https:\/\/osterreichische-apotheke.com\/kaufen-aldara-online\/\">osterreichische-apotheke.com<\/a> gefunden werden, wo die Nutzer einen \u00dcberblick \u00fcber die verf\u00fcgbaren Produkte erhalten. Es ist wichtig, offen mit einem Arzt \u00fcber diese Probleme zu sprechen, um die beste L\u00f6sung f\u00fcr individuelle Bed\u00fcrfnisse zu finden.<\/p>\n<\/div>\n<\/li>\n<li><strong>Impactos da pandemia COVID-19 no cotidiano de adolescentes brasileiros em situa\u00e7\u00e3o de vulnerabilidade social<\/strong>. Integrantes: Cam\u00e9lia Santina Murgo &#8211; Integrante \/ Alex Sandro Gomes Pessoa &#8211; Coordenador \/ Normanda Ara\u00fajo de Morais &#8211; Integrante \/ Silvia Renata Magalh\u00e3es Lordello Borba Santos &#8211; Integrante \/ Simone dos Santos Paludo &#8211; Integrante \/ Lu\u00edsa Fernanda Habigzang &#8211; Integrante \/ D\u00e9bora Dalbosco Dell&#8217;Aglio &#8211; Integrante \/ Juliana Prates Santana &#8211; Integrante \/ Ana Gon\u00e7alves Zappe &#8211; Integrante \/ Ana Cristina Serafim da Silva &#8211; Integrante \/ Ilana Lemos de Paiva &#8211; Integrante \/ Lucia Isabel da Concei\u00e7\u00e3o Silva &#8211; Integrante \/ Luana Dias Mottas &#8211; Integrante \/ Angela Ernestina Cardoso de Brito &#8211; Integrante \/ Mirna Albuquerque Frota Sousa &#8211; Integrante.<\/li>\n<li><strong>Avalia\u00e7\u00e3o das compet\u00eancias gerais da Base Nacional Comum Curricular (BNCC): desenvolvimento de um instrumento de medida.<\/strong> Integrantes: Cam\u00e9lia Santina Murgo &#8211; Integrante \/ Leonardo Oliveira Barros &#8211; Coordenador \/ Tatiana Helena de Lima &#8211; Integrante.<\/li>\n<li><strong>OLAF- Online Learning and Fun is a large-scale.<\/strong> Integrantes: Carmem Silvia Lima Fluminhan &#8211; Integrante \/ Klaus Schlunzen Junior &#8211; Integrante \/ Elisa Tomoe Moriya Schl\u00fcnzen &#8211; Integrante \/ Adriana Aparecida de Lima Ter\u00e7ariol &#8211; Integrante \/ Paula Carolei &#8211; Integrante \/ Maria Elisabeth Bianconcini &#8211; Integrante \/ C\u00edcera Aparecida de Lima Malheiro &#8211; Integrante \/ Daniela Melar\u00e9 Vieira Barros &#8211; Integrante \/ Alexandra Okada &#8211; Integrante \/ Kieron Sheehy &#8211; Integrante \/ Eniel do Esp\u00edrito Santos &#8211; Integrante \/ Aguinaldo Robinson de Souza &#8211; Integrante \/ Marcos Ota &#8211; Coordenador.<\/li>\n<li><strong>Constru\u00e7\u00e3o dos processos de Subjetividade no Contexto Escolar.<\/strong> Integrantes: Carmem Silvia Lima Fluminhan &#8211; Integrante \/ Cam\u00e9lia Santina Murgo &#8211; Coordenador \/ Barbara Cristina Soares Sena &#8211; Integrante \/ Rodrigo Aparecido Engel &#8211; Integrante \/ Priscili Bernardini &#8211; Integrante \/ Rebeca Bressa &#8211; Integrante \/ Ang\u00e9lica Ferreira Ribeiro &#8211; Integrante.<\/li>\n<li><strong>Projetos de vida de adolescentes em cumprimento de medidas socioeducativas em meio aberto.<\/strong> Integrantes: Barbara Cristina Soares Sena &#8211; Coordenador \/ Alex Sandro Gomes Pessoa &#8211; Integrante.<\/li>\n<li><strong>Associa\u00e7\u00f5es entre cren\u00e7as de autoefic\u00e1cia docente e autoefic\u00e1cia acad\u00eamica no ensino superior.<\/strong> Integrantes: Barbara Cristina Soares Sena &#8211; Integrante \/ Camelia Santina Murgo &#8211; Coordenador \/ LEONARDO SANTOS DE SOUZA &#8211; Integrante \/ MURILO SABBAG MORETTI &#8211; Integrante.<\/li>\n<li><strong>Investiga\u00e7\u00e3o da aten\u00e7\u00e3o e das fun\u00e7\u00f5es executivas por meio da psicof\u00edsica.<\/strong> Integrantes: Felipe Viegas Rodrigues &#8211; Coordenador \/ C\u00e9lia Maria Navarro &#8211; Integrante \/ Ana Paula Domeneghetti Parizoto Fabrin &#8211; Integrante.<\/li>\n<li><strong>Evid\u00eancias de validade da sistematiza\u00e7\u00e3o de crit\u00e9rios para a pr\u00e1tica psicol\u00f3gica em Pronto Socorro cardiol\u00f3gico.<\/strong> Integrantes: Leonardo Santos de Souza &#8211; Coordenador \/ Silvia Maria Cury Ismael &#8211; Integrante \/ Adriana Aparecida Fregonese &#8211; Integrante.<\/li>\n<li><strong>An\u00e1lise das vari\u00e1veis envolvidas no comportamento de fumar entre pacientes cardiopatas tabagistas hospitalizados.<\/strong> Integrantes: Leonardo Santos de Souza &#8211; Coordenador \/ Silvia Maria Cury Ismael &#8211; Integrante.<\/li>\n<li><strong>EMPREGABILIDADE DAS PESSOAS COM DEFICI\u00caNCIA NO CONTEXTO BRASILEIRO: PERSPECTIVAS DE EMPREGADORES E GESTORES. I<\/strong>ntegrantes: Andressa Pereira de Souza &#8211; Integrante \/ Cam\u00e9lia Santina Murgo &#8211; Coordenador \/ RODRIGO APARECIDO ENGEL &#8211; Integrante \/ LUCIA MARIA NETO CANHA &#8211; Integrante.<\/li>\n<li><strong>Verifica\u00e7\u00e3o da efic\u00e1cia de um programa para o desenvolvimento da autoefic\u00e1cia, da autorregula\u00e7\u00e3o e do bem-estar subjetivo acad\u00eamico em estudantes de medicina.<\/strong> Integrantes: Jos\u00e9 de Oliveira Costa Filho &#8211; Coordenador.<\/li>\n<li><strong>Adapta\u00e7\u00e3o e verifica\u00e7\u00e3o da efic\u00e1cia de um programa de promo\u00e7\u00e3o de sa\u00fade mental e resili\u00eancia em crian\u00e7as afetadas pelo COVID-19.<\/strong> Integrantes: D\u00e9bora Ananias Guimar\u00e3es &#8211; Integrante \/ Alex Sandro Gomes Pessoa &#8211; Coordenador.<\/li>\n<li><strong>Impacto das fun\u00e7\u00f5es cognitivas nos processos de ensino e de aprendizagem. <\/strong>Integrantes: Felipe Viegas Rodrigues &#8211; Coordenador \/ Cam\u00e9lia Santina Murgo &#8211; Integrante \/ Franciely da Silva Carreira &#8211; Integrante \/ Beatriz Medeiros Correa &#8211; Integrante.<\/li>\n<li><strong>LETRAMENTO EM SA\u00daDE NA ADOLESC\u00caNCIA<\/strong>.\u00a0 LETICIA FERRUZZI SACCHETIN (discente), ANDRESSA PEREIRA DE SOUZA.<\/li>\n<li>\n<div class=\"layout-cell layout-cell-9\">\n<div class=\"layout-cell-pad-5\"><strong>Assimetria da Aten\u00e7\u00e3o em Crian\u00e7as com Transtorno de D\u00e9ficit de Aten\u00e7\u00e3o\/Hiperatividade: Impacto no Desenvolvimento Acad\u00eamico.<\/strong> Integrantes: Juliana Fernanda Seabra Moreno &#8211; Integrante \/ Felipe Viegas Rodrigues &#8211; Coordenador.<\/div>\n<\/div>\n<\/li>\n<\/ol>\n","protected":false},"excerpt":{"rendered":"<p>Projetos de Pesquisa em andamento: Cogni\u00e7\u00e3o musical. Integrantes: Felipe Viegas Rodrigues &#8211; Coordenador. Investiga\u00e7\u00e3o da aten\u00e7\u00e3o e das fun\u00e7\u00f5es executivas por meio da psicof\u00edsica. Integrantes: Felipe Viegas Rodrigues &#8211; Coordenador \/ C\u00e9lia Maria Navarro &#8211; Integrante \/ Ana Paula Domeneghetti Parizoto Fabrin &#8211; Integrante. Sa\u00fade Emocional e Bem-estar na pr\u00e1tica Docente. Integrantes: Cam\u00e9lia Santina Murgo [&hellip;]<\/p>\n","protected":false},"author":1,"featured_media":0,"parent":0,"menu_order":0,"comment_status":"closed","ping_status":"closed","template":"","meta":{"footnotes":""},"class_list":["post-526","page","type-page","status-publish","hentry"],"_links":{"self":[{"href":"https:\/\/sites.unoeste.br\/gepsce\/index.php\/wp-json\/wp\/v2\/pages\/526","targetHints":{"allow":["GET"]}}],"collection":[{"href":"https:\/\/sites.unoeste.br\/gepsce\/index.php\/wp-json\/wp\/v2\/pages"}],"about":[{"href":"https:\/\/sites.unoeste.br\/gepsce\/index.php\/wp-json\/wp\/v2\/types\/page"}],"author":[{"embeddable":true,"href":"https:\/\/sites.unoeste.br\/gepsce\/index.php\/wp-json\/wp\/v2\/users\/1"}],"replies":[{"embeddable":true,"href":"https:\/\/sites.unoeste.br\/gepsce\/index.php\/wp-json\/wp\/v2\/comments?post=526"}],"version-history":[{"count":19,"href":"https:\/\/sites.unoeste.br\/gepsce\/index.php\/wp-json\/wp\/v2\/pages\/526\/revisions"}],"predecessor-version":[{"id":1024,"href":"https:\/\/sites.unoeste.br\/gepsce\/index.php\/wp-json\/wp\/v2\/pages\/526\/revisions\/1024"}],"wp:attachment":[{"href":"https:\/\/sites.unoeste.br\/gepsce\/index.php\/wp-json\/wp\/v2\/media?parent=526"}],"curies":[{"name":"wp","href":"https:\/\/api.w.org\/{rel}","templated":true}]}}